{"id":7217,"date":"2023-06-27T18:54:20","date_gmt":"2023-06-27T18:54:20","guid":{"rendered":"https:\/\/khanlowcostparking.com\/kontakt\/"},"modified":"2024-07-04T14:05:52","modified_gmt":"2024-07-04T14:05:52","slug":"kontakt","status":"publish","type":"page","link":"https:\/\/khanlowcostparking.com\/de\/kontakt\/","title":{"rendered":"Kontakt"},"content":{"rendered":"<p>[et_pb_section fb_built=&#8220;1&#8243; _builder_version=&#8220;4.21.0&#8243; _module_preset=&#8220;default&#8220; global_colors_info=&#8220;{}&#8220;][et_pb_row _builder_version=&#8220;4.21.0&#8243; _module_preset=&#8220;default&#8220; global_colors_info=&#8220;{}&#8220;][et_pb_column type=&#8220;4_4&#8243; _builder_version=&#8220;4.21.0&#8243; _module_preset=&#8220;default&#8220; global_colors_info=&#8220;{}&#8220;][et_pb_text content_tablet=&#8220;<\/p>\n<h2><span>Kontaktinformationen zu KhanLowCostParking<\/span><\/h2>\n<p>&#8220; content_phone=&#8220;<\/p>\n<h2 style=%22text-align: center;%22><span>Kontaktinformationen zu KhanLowCostParking<\/span><\/h2>\n<p>&#8220; content_last_edited=&#8220;on|phone&#8220; _builder_version=&#8220;4.21.0&#8243; _module_preset=&#8220;default&#8220; header_text_align_tablet=&#8220;&#8220; header_text_align_phone=&#8220;center&#8220; header_text_align_last_edited=&#8220;on|phone&#8220; global_colors_info=&#8220;{}&#8220;]<\/p>\n<h2><span>Kontaktinformationen zu KhanLowCostParking<\/span><\/h2>\n<p>[\/et_pb_text][et_pb_divider color=&#8220;#1d4889&#8243; _builder_version=&#8220;4.21.0&#8243; _module_preset=&#8220;default&#8220; module_alignment_tablet=&#8220;&#8220; module_alignment_phone=&#8220;center&#8220; module_alignment_last_edited=&#8220;on|phone&#8220; global_colors_info=&#8220;{}&#8220;][\/et_pb_divider][\/et_pb_column][\/et_pb_row][et_pb_row column_structure=&#8220;1_4,1_4,1_4,1_4&#8243; _builder_version=&#8220;4.21.0&#8243; _module_preset=&#8220;default&#8220; background_enable_color=&#8220;off&#8220; global_colors_info=&#8220;{}&#8220;][et_pb_column type=&#8220;1_4&#8243; _builder_version=&#8220;4.21.0&#8243; _module_preset=&#8220;default&#8220; global_colors_info=&#8220;{}&#8220;][et_pb_blurb title=&#8220;Telefon (Operations)&#8220; use_icon=&#8220;on&#8220; font_icon=&#8220;&#xe090;||divi||400&#8243; icon_color=&#8220;#1d4889&#8243; image_icon_width=&#8220;75px&#8220; icon_alignment=&#8220;left&#8220; icon_alignment_tablet=&#8220;left&#8220; icon_alignment_phone=&#8220;center&#8220; icon_alignment_last_edited=&#8220;on|phone&#8220; _builder_version=&#8220;4.21.0&#8243; _module_preset=&#8220;default&#8220; body_font_size=&#8220;16px&#8220; header_text_align_tablet=&#8220;&#8220; header_text_align_phone=&#8220;center&#8220; header_text_align_last_edited=&#8220;on|phone&#8220; body_text_align_tablet=&#8220;&#8220; body_text_align_phone=&#8220;center&#8220; body_text_align_last_edited=&#8220;on|phone&#8220; global_colors_info=&#8220;{}&#8220;]<\/p>\n<p>24 Stunden am Tag, 7 Tage die Woche unter der Nummer erreichbar<\/p>\n<p>(+34) <a href=\"tel:961524657\">961524657<\/a> \/ <a href=\"tel:663763997\">663763997<\/a><\/p>\n<p>[\/et_pb_blurb][\/et_pb_column][et_pb_column type=&#8220;1_4&#8243; _builder_version=&#8220;4.21.0&#8243; _module_preset=&#8220;default&#8220; global_colors_info=&#8220;{}&#8220;][et_pb_blurb title=&#8220;Telefon (Kundendienst)&#8220; use_icon=&#8220;on&#8220; font_icon=&#8220;&#xe090;||divi||400&#8243; icon_color=&#8220;#1d4889&#8243; image_icon_width=&#8220;75px&#8220; icon_alignment=&#8220;left&#8220; icon_alignment_tablet=&#8220;left&#8220; icon_alignment_phone=&#8220;center&#8220; icon_alignment_last_edited=&#8220;on|phone&#8220; _builder_version=&#8220;4.21.0&#8243; _module_preset=&#8220;default&#8220; body_font_size=&#8220;16px&#8220; header_text_align_tablet=&#8220;&#8220; header_text_align_phone=&#8220;center&#8220; header_text_align_last_edited=&#8220;on|phone&#8220; body_text_align_tablet=&#8220;&#8220; body_text_align_phone=&#8220;center&#8220; body_text_align_last_edited=&#8220;on|phone&#8220; global_colors_info=&#8220;{}&#8220;]<\/p>\n<p>T\u00e4glich bis 18:00 Uhr unter der Rufnummer erreichbar<\/p>\n<p>(+34) <a href=\"tel:961524657\">961524657<\/a> \/ <a href=\"tel:663763997\">663763997<\/a><\/p>\n<p>[\/et_pb_blurb][\/et_pb_column][et_pb_column type=&#8220;1_4&#8243; _builder_version=&#8220;4.21.0&#8243; _module_preset=&#8220;default&#8220; global_colors_info=&#8220;{}&#8220;][et_pb_blurb title=&#8220;E-mail&#8220; use_icon=&#8220;on&#8220; font_icon=&#8220;&#xe076;||divi||400&#8243; icon_color=&#8220;#1d4889&#8243; image_icon_width=&#8220;75px&#8220; icon_alignment=&#8220;left&#8220; icon_alignment_tablet=&#8220;left&#8220; icon_alignment_phone=&#8220;center&#8220; icon_alignment_last_edited=&#8220;on|phone&#8220; _builder_version=&#8220;4.21.0&#8243; _module_preset=&#8220;default&#8220; body_font_size=&#8220;16px&#8220; header_text_align_tablet=&#8220;&#8220; header_text_align_phone=&#8220;center&#8220; header_text_align_last_edited=&#8220;on|phone&#8220; body_text_align_tablet=&#8220;&#8220; body_text_align_phone=&#8220;center&#8220; body_text_align_last_edited=&#8220;on|phone&#8220; global_colors_info=&#8220;{}&#8220;]<\/p>\n<p>Valencia: <a href=\"mailto:info@khanlowcostparking.com\" target=\"_new\" rel=\"noopener\">info@khanlowcostparking.com<\/a><\/p>\n<p>Alicante: <a href=\"mailto:alicante@khanlowcostparking.com\" target=\"_new\" rel=\"noopener\">alicante@khanlowcostparking.com<\/a><\/p>\n<p>M\u00e1laga: <a href=\"mailto:malaga@khanlowcostparking.com\">malaga@khanlowcostparking.com<\/a><\/p>\n<p>[\/et_pb_blurb][\/et_pb_column][et_pb_column type=&#8220;1_4&#8243; _builder_version=&#8220;4.21.0&#8243; _module_preset=&#8220;default&#8220; global_colors_info=&#8220;{}&#8220;][et_pb_blurb title=&#8220;Adresse des Kundendienstb\u00fcros&#8220; use_icon=&#8220;on&#8220; font_icon=&#8220;&#xe081;||divi||400&#8243; icon_color=&#8220;#1d4889&#8243; image_icon_width=&#8220;75px&#8220; icon_alignment=&#8220;left&#8220; icon_alignment_tablet=&#8220;left&#8220; icon_alignment_phone=&#8220;center&#8220; icon_alignment_last_edited=&#8220;on|phone&#8220; _builder_version=&#8220;4.21.0&#8243; _module_preset=&#8220;default&#8220; body_font_size=&#8220;16px&#8220; header_text_align_tablet=&#8220;&#8220; header_text_align_phone=&#8220;center&#8220; header_text_align_last_edited=&#8220;on|phone&#8220; body_text_align_tablet=&#8220;&#8220; body_text_align_phone=&#8220;center&#8220; body_text_align_last_edited=&#8220;on|phone&#8220; global_colors_info=&#8220;{}&#8220;]<\/p>\n<div jstcache=\"24\" class=\"place-name\" jsan=\"7.place-name\">\n<div jstcache=\"24\" class=\"place-name\" jsan=\"7.place-name\"><strong>Valencia<\/strong><\/div>\n<div jstcache=\"25\" class=\"address\" jsan=\"7.address\"><a href=\"https:\/\/www.google.com\/maps\/dir\/\/Khan+Low+Cost+Parking+Aeropuerto+Valencia+Carrer+Burjasot,+7+46940+Manises+Valencia,+Spain\/@39.4869248,-0.4644934,16z\/data=!4m5!4m4!1m0!1m2!1m1!1s0xd605017d716372f:0xc6c6dcfb8fb19db5\">Carrer Burjasot, 7, 46940 Manises, Valencia, Spain<\/a><\/div>\n<div jstcache=\"25\" class=\"address\" jsan=\"7.address\"><strong><\/strong><\/div>\n<div jstcache=\"25\" class=\"address\" jsan=\"7.address\"><strong>Alicante<\/strong><\/div>\n<div jstcache=\"25\" class=\"address\" jsan=\"7.address\">\n<div jstcache=\"25\" class=\"address\" jsan=\"7.address\"><a href=\"https:\/\/www.google.com\/maps\/dir\/\/Khan+Alicante+Low+Cost+Parking+Partida+Torrellano+Alto,+1069+03320+Elche+Alicante,+Spain\/@38.2874034,-0.589807,16z\/data=!4m5!4m4!1m0!1m2!1m1!1s0xd624ba542d291ff:0xed1ad577b5ae4586\">Partida Torrellano Alto, 1069, 03320 Elche, Alicante, Spain<\/a><\/div>\n<div jstcache=\"25\" class=\"address\" jsan=\"7.address\"><\/div>\n<div jstcache=\"25\" class=\"address\" jsan=\"7.address\">\n<div jstcache=\"25\" class=\"address\" jsan=\"7.address\"><strong>M\u00e1laga<\/strong><\/div>\n<div jstcache=\"25\" class=\"address\" jsan=\"7.address\">\n<div jstcache=\"25\" class=\"address\" jsan=\"7.address\"><a href=\"https:\/\/maps.app.goo.gl\/C5vSPZKP5X4mMdaU9\">Calle Pe\u00f1a de Francia, 18, Churriana, 29004 Guadalmar-San Juli\u00e1n, M\u00e1laga<\/a><\/div>\n<\/div>\n<\/div>\n<\/div>\n<\/div>\n<div jstcache=\"25\" class=\"address\" jsan=\"7.address\"><\/div>\n<p>[\/et_pb_blurb][\/et_pb_column][\/et_pb_row][et_pb_row _builder_version=&#8220;4.21.0&#8243; _module_preset=&#8220;default&#8220; global_colors_info=&#8220;{}&#8220;][et_pb_column type=&#8220;4_4&#8243; _builder_version=&#8220;4.21.0&#8243; _module_preset=&#8220;default&#8220; global_colors_info=&#8220;{}&#8220;][et_pb_testimonial author=&#8220;Mit freundlichen Gr\u00fc\u00dfen,&#8220; company_name=&#8220;Omar&#8220; portrait_url=&#8220;https:\/\/khanlowcostparking.com\/wp-content\/uploads\/2023\/06\/KhanLowCost.png&#8220; quote_icon_color=&#8220;#f64f1f&#8220; quote_icon_background_color=&#8220;#FFFFFF&#8220; _builder_version=&#8220;4.21.0&#8243; _module_preset=&#8220;default&#8220; body_font_size=&#8220;15px&#8220; background_color=&#8220;#1d4889&#8243; background_layout=&#8220;dark&#8220; global_colors_info=&#8220;{}&#8220;]<\/p>\n<p><span style=\"color: #ffffff;\">Wir bem\u00fchen uns, so weit wie m\u00f6glich erreichbar zu sein, um alle Ihre Fragen per E-Mail, Chat und Telefon zu beantworten. Sollten Sie nicht in der Lage sein, uns direkt zu kontaktieren, k\u00f6nnen Sie jederzeit das untenstehende Kontaktformular nutzen. Wir werden uns so schnell wie m\u00f6glich mit Ihnen in Verbindung setzen.<\/span><\/p>\n<p>[\/et_pb_testimonial][\/et_pb_column][\/et_pb_row][et_pb_row column_structure=&#8220;1_2,1_2&#8243; _builder_version=&#8220;4.21.0&#8243; _module_preset=&#8220;default&#8220; global_colors_info=&#8220;{}&#8220;][et_pb_column type=&#8220;1_2&#8243; _builder_version=&#8220;4.21.0&#8243; _module_preset=&#8220;default&#8220; global_colors_info=&#8220;{}&#8220;][et_pb_map address=&#8220;Carrer Burjasot, 7, 46940 Manises, Valencia, Spain&#8220; _builder_version=&#8220;4.21.0&#8243; _module_preset=&#8220;default&#8220; global_colors_info=&#8220;{}&#8220;][\/et_pb_map][\/et_pb_column][et_pb_column type=&#8220;1_2&#8243; _builder_version=&#8220;4.21.0&#8243; _module_preset=&#8220;default&#8220; global_colors_info=&#8220;{}&#8220;][et_pb_map _builder_version=&#8220;4.21.0&#8243; _module_preset=&#8220;default&#8220; global_colors_info=&#8220;{}&#8220;][\/et_pb_map][\/et_pb_column][\/et_pb_row][\/et_pb_section]<\/p>\n","protected":false},"excerpt":{"rendered":"<p>Kontaktinformationen zu KhanLowCostParking24 Stunden am Tag, 7 Tage die Woche unter der Nummer erreichbar (+34) 961524657 \/ 663763997T\u00e4glich bis 18:00 Uhr unter der Rufnummer erreichbar (+34) 961524657 \/ 663763997Valencia: info@khanlowcostparking.com Alicante: alicante@khanlowcostparking.com M\u00e1laga: malaga@khanlowcostparking.com Valencia Carrer Burjasot, 7, 46940 Manises, Valencia, Spain Alicante Partida Torrellano Alto, 1069, 03320 Elche, Alicante, Spain M\u00e1laga Calle Pe\u00f1a de [&hellip;]<\/p>\n","protected":false},"author":1,"featured_media":0,"parent":0,"menu_order":0,"comment_status":"closed","ping_status":"closed","template":"","meta":{"_et_pb_use_builder":"on","_et_pb_old_content":"","_et_gb_content_width":"","_monsterinsights_skip_tracking":false,"_monsterinsights_sitenote_active":false,"_monsterinsights_sitenote_note":"","_monsterinsights_sitenote_category":0,"footnotes":""},"class_list":["post-7217","page","type-page","status-publish","hentry"],"aioseo_notices":[],"_links":{"self":[{"href":"https:\/\/khanlowcostparking.com\/de\/wp-json\/wp\/v2\/pages\/7217","targetHints":{"allow":["GET"]}}],"collection":[{"href":"https:\/\/khanlowcostparking.com\/de\/wp-json\/wp\/v2\/pages"}],"about":[{"href":"https:\/\/khanlowcostparking.com\/de\/wp-json\/wp\/v2\/types\/page"}],"author":[{"embeddable":true,"href":"https:\/\/khanlowcostparking.com\/de\/wp-json\/wp\/v2\/users\/1"}],"replies":[{"embeddable":true,"href":"https:\/\/khanlowcostparking.com\/de\/wp-json\/wp\/v2\/comments?post=7217"}],"version-history":[{"count":8,"href":"https:\/\/khanlowcostparking.com\/de\/wp-json\/wp\/v2\/pages\/7217\/revisions"}],"predecessor-version":[{"id":9158,"href":"https:\/\/khanlowcostparking.com\/de\/wp-json\/wp\/v2\/pages\/7217\/revisions\/9158"}],"wp:attachment":[{"href":"https:\/\/khanlowcostparking.com\/de\/wp-json\/wp\/v2\/media?parent=7217"}],"curies":[{"name":"wp","href":"https:\/\/api.w.org\/{rel}","templated":true}]}}