{"id":7571,"date":"2023-06-27T19:08:07","date_gmt":"2023-06-27T19:08:07","guid":{"rendered":"https:\/\/khanlowcostparking.com\/buchung-valencia\/"},"modified":"2024-04-18T06:54:28","modified_gmt":"2024-04-18T06:54:28","slug":"buchung-valencia","status":"publish","type":"page","link":"https:\/\/khanlowcostparking.com\/de\/buchung-valencia\/","title":{"rendered":"Buchung Valencia"},"content":{"rendered":"<p>[et_pb_section fb_built=&#8220;1&#8243; admin_label=&#8220;Hero&#8220; _builder_version=&#8220;4.16&#8243; background_color=&#8220;#1d4889&#8243; background_image=&#8220;https:\/\/khanlowcostparking.com\/wp-content\/uploads\/2023\/06\/circle-background-pattern-1.png&#8220; custom_padding=&#8220;30px||30px|||&#8220; animation_style=&#8220;zoom&#8220; animation_intensity_zoom=&#8220;4%&#8220; global_colors_info=&#8220;{}&#8220;][et_pb_row _builder_version=&#8220;4.21.0&#8243; background_size=&#8220;initial&#8220; background_position=&#8220;top_left&#8220; background_repeat=&#8220;repeat&#8220; custom_padding=&#8220;|||&#8220; animation_style=&#8220;slide&#8220; animation_direction=&#8220;top&#8220; animation_intensity_slide=&#8220;3%&#8220; global_colors_info=&#8220;{}&#8220;][et_pb_column type=&#8220;4_4&#8243; _builder_version=&#8220;4.21.0&#8243; custom_padding=&#8220;|||&#8220; global_colors_info=&#8220;{}&#8220; custom_padding__hover=&#8220;|||&#8220;][et_pb_text _builder_version=&#8220;4.21.0&#8243; text_font=&#8220;Montserrat|500||on|||||&#8220; text_text_color=&#8220;#FFFFFF&#8220; text_font_size=&#8220;16px&#8220; text_letter_spacing=&#8220;3px&#8220; background_size=&#8220;initial&#8220; background_position=&#8220;top_left&#8220; background_repeat=&#8220;repeat&#8220; custom_margin=&#8220;||45px|&#8220; animation_style=&#8220;slide&#8220; animation_direction=&#8220;bottom&#8220; locked=&#8220;off&#8220; global_colors_info=&#8220;{}&#8220;]<\/p>\n<p>Khan Low Cost Parking<\/p>\n<p>[\/et_pb_text][et_pb_text _builder_version=&#8220;4.21.2&#8243; text_font=&#8220;||||||||&#8220; text_text_color=&#8220;#FFFFFF&#8220; header_font=&#8220;Montserrat|700||on|||||&#8220; header_text_color=&#8220;#FFFFFF&#8220; header_font_size=&#8220;40px&#8220; header_line_height=&#8220;1.3em&#8220; background_size=&#8220;initial&#8220; background_position=&#8220;top_left&#8220; background_repeat=&#8220;repeat&#8220; custom_margin=&#8220;|||&#8220; animation_style=&#8220;fade&#8220; header_font_size_tablet=&#8220;52px&#8220; header_font_size_phone=&#8220;22px&#8220; header_font_size_last_edited=&#8220;on|desktop&#8220; locked=&#8220;off&#8220; global_colors_info=&#8220;{}&#8220;]<\/p>\n<h1><a class=\"Jn5Ib__Hyperlink__link\">Flughafenparkplatz Valencia<\/a><\/h1>\n<p>[\/et_pb_text][\/et_pb_column][\/et_pb_row][\/et_pb_section][et_pb_section fb_built=&#8220;1&#8243; _builder_version=&#8220;4.21.0&#8243; custom_margin=&#8220;0px||||false|false&#8220; custom_padding=&#8220;0px|0px|30px|0px|false|false&#8220; global_colors_info=&#8220;{}&#8220;][et_pb_row use_custom_gutter=&#8220;on&#8220; _builder_version=&#8220;4.21.0&#8243; _module_preset=&#8220;default&#8220; width=&#8220;99%&#8220; max_width=&#8220;100%&#8220; module_alignment=&#8220;center&#8220; custom_margin=&#8220;-33px|auto||auto||&#8220; global_colors_info=&#8220;{}&#8220;][et_pb_column type=&#8220;4_4&#8243; _builder_version=&#8220;4.21.0&#8243; _module_preset=&#8220;default&#8220; global_colors_info=&#8220;{}&#8220;][et_pb_code _builder_version=&#8220;4.21.0&#8243; _module_preset=&#8220;default&#8220; global_colors_info=&#8220;{}&#8220;]<script> \n\n\t\t\tdocument.addEventListener(\"scroll\", function () {\n\t\t\t\tvar iframe = document.getElementById(\"parkingpro_booking_widgets_iframe\");\n\t\t\t\tvar rect = iframe.getBoundingClientRect();\n\t\t\t\tvar top_value = rect.top;\n\n\t\t\n\t\t\t\tiframe.contentWindow.postMessage({\n\t\t\t\t\tevent: \"parkingPro.widget.scroll\",\n\t\t\t\t\ttop: top_value\n\t\t\t\t}, \"*\");\n\t\t\t});\n\n\t\t\twindow.addEventListener(\"message\", function (e) { \n\t\t\t\tif(e.data.event === \"parkingPro.domain.reservationAdded\") {  \n\t    \t\tvar destination_url = \"https:\/\/khanlowcostparking.com\/gracias-por-su-reserva\/\";\n\t\t    \tif( e.data.reservation && e.data.reservation.location ) {\n\t\t    \t\tdestination_url += \"?\" + jQuery.param(e.data.reservation);\n\t\t    \t}\n\t\t    \twindow.location.href = destination_url;\n\t    \t}\n\n\t    \tif( e.data.event === \"parkingPro.ui.pageHeightChanged\" ) \n            {\n                jQuery(\"#parkingpro_booking_widgets_iframe\").height(e.data.newHeight + 50);\n            }\n\n\t\t\tif ( e.data.event === \"parkingPro.ui.scroll\" )\n\t\t\t{\n\t\t\t\tvar scrollAppendElements = jQuery(\"\");\n\n\t\t\t\tvar headerHeight = scrollAppendElements\n\t\t\t\t\t.map(function (x) { \n\t\t\t\t\t\treturn jQuery(this).outerHeight();\n\t\t\t\t\t})\n\t\t\t\t\t.get()\n\t\t\t\t\t.reduce(function (prev, curr) {\n\t\t\t\t\t\treturn prev + curr;\n\t\t\t\t\t}, 0);\n\n\t\t\t\tjQuery(\"html, body\").animate({\n\t        \t\tscrollTop: jQuery(\"#parkingpro_booking_widgets_iframe\").offset().top + e.data.scrollTop - headerHeight\n\t        \t}, 600); \n\t\t\t}\n            \n\t        }, false);<\/script><iframe loading=\"lazy\" id=\"parkingpro_booking_widgets_iframe\" style=\"width: 100%; src=\"about:blank\" padding: 0; border: 0;\" width=\"100%\" height=\"2200\" frameborder=\"0\" scrolling=\"yes\"><\/iframe><script>\n\n\t\t\ttry { \n\t\t\t\tvar iframe = document.querySelector('#parkingpro_booking_widgets_iframe');\n\t\t\t\tiframe.src = 'https:\/\/khanlowcostparkingvlc.myparking.pro\/reservations\/add?hideHeader&hideTitle&culture=es-ES&returnUrl=https%3A%2F%2Fkhanlowcostparking.com%2Fgracias-por-su-reserva%2F';\n\t\t\t} \n\t\t\tcatch(e) {\n\t\t\t\tconsole.log(e);\n\t\t\t}\n\n\t\t<\/script>[\/et_pb_code][\/et_pb_column][\/et_pb_row][et_pb_row _builder_version=&#8220;4.21.2&#8243; _module_preset=&#8220;default&#8220; global_colors_info=&#8220;{}&#8220;][et_pb_column type=&#8220;4_4&#8243; _builder_version=&#8220;4.21.2&#8243; _module_preset=&#8220;default&#8220; global_colors_info=&#8220;{}&#8220;][et_pb_text _builder_version=&#8220;4.21.2&#8243; _module_preset=&#8220;default&#8220; header_2_line_height=&#8220;1.3em&#8220; hover_enabled=&#8220;0&#8243; global_colors_info=&#8220;{}&#8220; sticky_enabled=&#8220;0&#8243;]<\/p>\n<h2>Parken am Flughafen Valencia<\/h2>\n<p>M\u00f6chten Sie lieber bequem mit Ihrem eigenen Auto zum Flughafen Valencia fahren, ohne auf andere oder \u00f6ffentliche Verkehrsmittel angewiesen zu sein und nat\u00fcrlich ohne ein Taxi bezahlen zu m\u00fcssen? Wenn die Antwort &#8222;Ja&#8220; lautet, aber Sie sich Gedanken dar\u00fcber machen, wo Sie parken k\u00f6nnen, dann ist Khan Low Cost Parking der richtige Ort f\u00fcr Sie. Bei Khan Low Cost Parking finden Sie schnell und zu \u00e4u\u00dferst g\u00fcnstigen Preisen Parkpl\u00e4tze f\u00fcr Kurz- und Langzeitparken in der N\u00e4he des Flughafens. Wenn Sie bei uns buchen, ist Ihr Parkplatz garantiert. Reisen Sie sorgenfrei und genie\u00dfen Sie jeden Moment dank der Sicherheit, die Khan Low Cost Parking bietet!<\/p>\n<p>Wir bieten an:<\/p>\n<p>&#8211; G\u00fcnstiges Parken<br \/>&#8211; Shuttle-Service und Valet-Parken<br \/>&#8211; Langzeitparken<\/p>\n<p>Der Flughafen Valencia (IATA-Code: VLC) liegt 8 km westlich von Valencia zwischen den Gemeinden Manises und Quart de Poblet. Er ist der zehntgr\u00f6\u00dfte Flughafen Spaniens nach Passagierzahlen und hat zur wirtschaftlichen Entwicklung der Region beigetragen. Haupts\u00e4chlich f\u00fcr den internationalen Verkehr, der 70% des Gesamtverkehrs ausmacht, w\u00e4hrend der nationale Verkehr in den letzten Jahren drastisch zur\u00fcckgegangen ist. Der Flughafen nahm seinen Betrieb 1933 auf und hat im Laufe der Jahre seine Einrichtungen verbessert, wobei die wichtigsten \u00c4nderungen ab den 1980er Jahren erfolgten. 1983 wurde eine neue Passagierterminal er\u00f6ffnet, aber die gr\u00f6\u00dfte Renovierung des Flughafens begann 2007 mit der ersten Erweiterung, die eine neue Terminal f\u00fcr die Regionalfliegerei, eine weitere Terminal f\u00fcr die Privatfliegerei sowie Pistenverl\u00e4ngerungen umfasste. Im Jahr 2012 wurde die zweite Erweiterung mit einem weiteren Terminalgeb\u00e4ude er\u00f6ffnet, das mit dem Hauptterminal verbunden ist und mehr Check-in-Schalter, Parkpl\u00e4tze usw. bietet. Die Bedeutung dieses Flughafens und seine vielf\u00e4ltigen Verbindungen zu anderen Flugh\u00e4fen wie Barcelona, Madrid Barajas Adolfo Su\u00e1rez, Sevilla San Pablo, Murcia San Javier, San Sebasti\u00e1n oder Palma de Mallorca gew\u00e4hrleisten eine breite Palette von Dienstleistungen wie VIP-Lounges, Besprechungsr\u00e4ume, Autovermietung, offizielle Parkpl\u00e4tze oder Langzeitparkpl\u00e4tze au\u00dferhalb des Flughafengel\u00e4ndes.<\/p>\n<p>Du hast mehrere Optionen zum Parken am Flughafen Valencia, die du direkt \u00fcber unsere Website reservieren kannst. Du kannst dich f\u00fcr den Valet-Service (VIP-Service) oder den Shuttleservice entscheiden und auch zus\u00e4tzliche Dienstleistungen wie die Reinigung des Fahrzeugs innen und au\u00dfen, Tanken oder das Laden von Elektrofahrzeugen hinzuf\u00fcgen.<\/p>\n<p>[\/et_pb_text][\/et_pb_column][\/et_pb_row][\/et_pb_section]<\/p>\n","protected":false},"excerpt":{"rendered":"<p>Khan Low Cost ParkingFlughafenparkplatz Valencia<script> \n\n\t\t\tdocument.addEventListener(\"scroll\", function () {\n\t\t\t\tvar iframe = document.getElementById(\"parkingpro_booking_widgets_iframe\");\n\t\t\t\tvar rect = iframe.getBoundingClientRect();\n\t\t\t\tvar top_value = rect.top;\n\n\t\t\n\t\t\t\tiframe.contentWindow.postMessage({\n\t\t\t\t\tevent: \"parkingPro.widget.scroll\",\n\t\t\t\t\ttop: top_value\n\t\t\t\t}, \"*\");\n\t\t\t});\n\n\t\t\twindow.addEventListener(\"message\", function (e) { \n\t\t\t\tif(e.data.event === \"parkingPro.domain.reservationAdded\") {  \n\t    \t\tvar destination_url = \"https:\/\/khanlowcostparking.com\/gracias-por-su-reserva\/\";\n\t\t    \tif( e.data.reservation && e.data.reservation.location ) {\n\t\t    \t\tdestination_url += \"?\" + jQuery.param(e.data.reservation);\n\t\t    \t}\n\t\t    \twindow.location.href = destination_url;\n\t    \t}\n\n\t    \tif( e.data.event === \"parkingPro.ui.pageHeightChanged\" ) \n            {\n                jQuery(\"#parkingpro_booking_widgets_iframe\").height(e.data.newHeight + 50);\n            }\n\n\t\t\tif ( e.data.event === \"parkingPro.ui.scroll\" )\n\t\t\t{\n\t\t\t\tvar scrollAppendElements = jQuery(\"\");\n\n\t\t\t\tvar headerHeight = scrollAppendElements\n\t\t\t\t\t.map(function (x) { \n\t\t\t\t\t\treturn jQuery(this).outerHeight();\n\t\t\t\t\t})\n\t\t\t\t\t.get()\n\t\t\t\t\t.reduce(function (prev, curr) {\n\t\t\t\t\t\treturn prev + curr;\n\t\t\t\t\t}, 0);\n\n\t\t\t\tjQuery(\"html, body\").animate({\n\t        \t\tscrollTop: jQuery(\"#parkingpro_booking_widgets_iframe\").offset().top + e.data.scrollTop - headerHeight\n\t        \t}, 600); \n\t\t\t}\n            \n\t        }, false);<\/script><iframe loading=\"lazy\" id=\"parkingpro_booking_widgets_iframe\" style=\"width: 100%; src=\"about:blank\" padding: 0; border: 0;\" width=\"100%\" height=\"2200\" frameborder=\"0\" scrolling=\"yes\"><\/iframe><script>\n\n\t\t\ttry { \n\t\t\t\tvar iframe = document.querySelector('#parkingpro_booking_widgets_iframe');\n\t\t\t\tiframe.src = 'https:\/\/khanlowcostparkingvlc.myparking.pro\/reservations\/add?hideHeader&hideTitle&culture=es-ES&returnUrl=https%3A%2F%2Fkhanlowcostparking.com%2Fgracias-por-su-reserva%2F';\n\t\t\t} \n\t\t\tcatch(e) {\n\t\t\t\tconsole.log(e);\n\t\t\t}\n\n\t\t<\/script>Parken am Flughafen Valencia M\u00f6chten Sie lieber bequem mit Ihrem eigenen Auto zum Flughafen Valencia fahren, ohne auf andere oder \u00f6ffentliche Verkehrsmittel angewiesen zu sein und nat\u00fcrlich ohne ein Taxi bezahlen zu m\u00fcssen? Wenn die Antwort &#8222;Ja&#8220; lautet, aber Sie sich Gedanken dar\u00fcber machen, wo Sie parken [&hellip;]<\/p>\n","protected":false},"author":1,"featured_media":0,"parent":0,"menu_order":0,"comment_status":"closed","ping_status":"closed","template":"","meta":{"_et_pb_use_builder":"on","_et_pb_old_content":"","_et_gb_content_width":"","_monsterinsights_skip_tracking":false,"_monsterinsights_sitenote_active":false,"_monsterinsights_sitenote_note":"","_monsterinsights_sitenote_category":0,"footnotes":""},"class_list":["post-7571","page","type-page","status-publish","hentry"],"aioseo_notices":[],"_links":{"self":[{"href":"https:\/\/khanlowcostparking.com\/de\/wp-json\/wp\/v2\/pages\/7571","targetHints":{"allow":["GET"]}}],"collection":[{"href":"https:\/\/khanlowcostparking.com\/de\/wp-json\/wp\/v2\/pages"}],"about":[{"href":"https:\/\/khanlowcostparking.com\/de\/wp-json\/wp\/v2\/types\/page"}],"author":[{"embeddable":true,"href":"https:\/\/khanlowcostparking.com\/de\/wp-json\/wp\/v2\/users\/1"}],"replies":[{"embeddable":true,"href":"https:\/\/khanlowcostparking.com\/de\/wp-json\/wp\/v2\/comments?post=7571"}],"version-history":[{"count":7,"href":"https:\/\/khanlowcostparking.com\/de\/wp-json\/wp\/v2\/pages\/7571\/revisions"}],"predecessor-version":[{"id":9004,"href":"https:\/\/khanlowcostparking.com\/de\/wp-json\/wp\/v2\/pages\/7571\/revisions\/9004"}],"wp:attachment":[{"href":"https:\/\/khanlowcostparking.com\/de\/wp-json\/wp\/v2\/media?parent=7571"}],"curies":[{"name":"wp","href":"https:\/\/api.w.org\/{rel}","templated":true}]}}