{"id":7708,"date":"2023-06-27T18:51:10","date_gmt":"2023-06-27T18:51:10","guid":{"rendered":"https:\/\/khanlowcostparking.com\/dienstleistungen\/"},"modified":"2023-07-17T14:37:40","modified_gmt":"2023-07-17T14:37:40","slug":"dienstleistungen","status":"publish","type":"page","link":"https:\/\/khanlowcostparking.com\/de\/dienstleistungen\/","title":{"rendered":"Dienstleistungen"},"content":{"rendered":"<p>[et_pb_section fb_built=&#8220;1&#8243; _builder_version=&#8220;4.21.0&#8243; _module_preset=&#8220;default&#8220; global_colors_info=&#8220;{}&#8220;][et_pb_row _builder_version=&#8220;4.21.0&#8243; _module_preset=&#8220;default&#8220; global_colors_info=&#8220;{}&#8220;][et_pb_column type=&#8220;4_4&#8243; _builder_version=&#8220;4.21.0&#8243; _module_preset=&#8220;default&#8220; global_colors_info=&#8220;{}&#8220;][et_pb_text _builder_version=&#8220;4.21.0&#8243; _module_preset=&#8220;default&#8220; text_font_size=&#8220;16px&#8220; global_colors_info=&#8220;{}&#8220;]<\/p>\n<h2>KhanLowCostParking bietet mehr als nur Parken<\/h2>\n<p>&nbsp;<\/p>\n<p><span>Bei Khan LowCost Parking streben wir nach absoluter Kundenzufriedenheit. Neben den bekannten Formen des Parkens, wie Valet Parking, Shuttle Parking und Langzeitparken, bietet Khan LowCost Parking an verschiedenen Flugh\u00e4fen in Spanien zus\u00e4tzliche Dienstleistungen an.<\/span><\/p>\n<p>[\/et_pb_text][\/et_pb_column][\/et_pb_row][et_pb_row column_structure=&#8220;3_5,2_5&#8243; _builder_version=&#8220;4.21.0&#8243; _module_preset=&#8220;default&#8220; custom_padding=&#8220;||3px|||&#8220; global_colors_info=&#8220;{}&#8220;][et_pb_column type=&#8220;3_5&#8243; _builder_version=&#8220;4.21.0&#8243; _module_preset=&#8220;default&#8220; global_colors_info=&#8220;{}&#8220;][et_pb_text _builder_version=&#8220;4.21.0&#8243; _module_preset=&#8220;default&#8220; text_font_size=&#8220;16px&#8220; global_colors_info=&#8220;{}&#8220;]<\/p>\n<h3>Autow\u00e4sche von au\u00dfen<\/h3>\n<p>&nbsp;<\/p>\n<p><span>Ein sauberes Auto w\u00e4hrend der Fahrt bietet zahlreiche Vorteile. Es wertet das Erscheinungsbild Ihres Fahrzeugs auf und gibt Ihnen ein Gef\u00fchl von Stolz und Vertrauen. Ein sauberes Auto sorgt auch f\u00fcr bessere Sicht und mehr Sicherheit im Stra\u00dfenverkehr. Regelm\u00e4\u00dfiges Waschen sch\u00fctzt die Karosserie vor Besch\u00e4digungen und hilft, ihren urspr\u00fcnglichen Glanz zu erhalten. Dar\u00fcber hinaus kann ein sauberes Auto einen h\u00f6heren Wiederverkaufswert haben. Bei KhanLowCostParking sorgt unser professioneller Autowaschservice daf\u00fcr, dass Ihr Fahrzeug die Pflege erh\u00e4lt, die es verdient. F\u00fcr weitere Informationen oder Sonderw\u00fcnsche wenden Sie sich bitte an unseren Kundendienst.<\/span><\/p>\n<p>[\/et_pb_text][\/et_pb_column][et_pb_column type=&#8220;2_5&#8243; _builder_version=&#8220;4.21.0&#8243; _module_preset=&#8220;default&#8220; global_colors_info=&#8220;{}&#8220;][et_pb_image src=&#8220;https:\/\/khanlowcostparking.com\/wp-content\/uploads\/2023\/06\/LowCostParking-Aeropuerto-Alicante.jpeg&#8220; title_text=&#8220;LowCostParking Valencia Flughafen&#8220; _builder_version=&#8220;4.21.0&#8243; _module_preset=&#8220;default&#8220; global_colors_info=&#8220;{}&#8220;][\/et_pb_image][\/et_pb_column][\/et_pb_row][et_pb_row column_structure=&#8220;2_5,3_5&#8243; _builder_version=&#8220;4.21.0&#8243; _module_preset=&#8220;default&#8220; global_colors_info=&#8220;{}&#8220;][et_pb_column type=&#8220;2_5&#8243; _builder_version=&#8220;4.21.0&#8243; _module_preset=&#8220;default&#8220; global_colors_info=&#8220;{}&#8220;][et_pb_image src=&#8220;https:\/\/khanlowcostparking.com\/wp-content\/uploads\/2023\/06\/LowCostParking-Aeropuerto-Valencia.jpeg&#8220; title_text=&#8220;LowCostParking Valencia Flughafen&#8220; _builder_version=&#8220;4.21.0&#8243; _module_preset=&#8220;default&#8220; global_colors_info=&#8220;{}&#8220;][\/et_pb_image][\/et_pb_column][et_pb_column type=&#8220;3_5&#8243; _builder_version=&#8220;4.21.0&#8243; _module_preset=&#8220;default&#8220; global_colors_info=&#8220;{}&#8220;][et_pb_text _builder_version=&#8220;4.21.0&#8243; _module_preset=&#8220;default&#8220; text_font_size=&#8220;16px&#8220; global_colors_info=&#8220;{}&#8220;]<\/p>\n<h3><span>Autow\u00e4sche innen<\/span><\/h3>\n<p>&nbsp;<\/p>\n<p><span>M\u00f6chten Sie, dass wir den Innenraum Ihres Autos w\u00e4hrend Ihrer Reise reinigen? Kein Problem! Unser Team von Fachleuten f\u00fchrt eine gr\u00fcndliche Reinigung des Innenraums durch. Ein sauberer Innenraum bietet mehrere Vorteile, wie z. B. eine bessere Luftqualit\u00e4t, ein angenehmeres Fahrgef\u00fchl, eine l\u00e4ngere Lebensdauer des Fahrzeugs und eine h\u00f6here Zufriedenheit. Wir von KhanLowCostParking wissen, wie wichtig ein sauberer Innenraum ist, und wir sorgen daf\u00fcr, dass Ihr Auto innen und au\u00dfen makellos aussieht. Bitte kontaktieren Sie unseren Kundenservice f\u00fcr weitere Informationen.<\/span><\/p>\n<p>[\/et_pb_text][\/et_pb_column][\/et_pb_row][et_pb_row column_structure=&#8220;3_5,2_5&#8243; _builder_version=&#8220;4.21.0&#8243; _module_preset=&#8220;default&#8220; custom_padding=&#8220;||3px|||&#8220; global_colors_info=&#8220;{}&#8220;][et_pb_column type=&#8220;3_5&#8243; _builder_version=&#8220;4.21.0&#8243; _module_preset=&#8220;default&#8220; global_colors_info=&#8220;{}&#8220;][et_pb_text _builder_version=&#8220;4.21.0&#8243; _module_preset=&#8220;default&#8220; text_font_size=&#8220;16px&#8220; global_colors_info=&#8220;{}&#8220;]<\/p>\n<h3><span>\u00dcberdachter Parkplatz<\/span><\/h3>\n<p><span><\/span><\/p>\n<p><span><\/span><\/p>\n<p><span>Sie planen eine l\u00e4ngere Reise und m\u00f6chten Ihr Auto w\u00e4hrend dieser Zeit nicht im Freien stehen lassen? In diesem Fall w\u00e4hlen Sie einfach die Option des \u00fcberdachten Parkens bei uns. Wir empfehlen dringend, Ihr Fahrzeug \u00fcberdacht abzustellen, um es vor Witterungseinfl\u00fcssen wie Sonne, Hagel und Feinstaub zu sch\u00fctzen. Au\u00dferdem bietet es eine zus\u00e4tzliche Sicherheitsschicht f\u00fcr Ihr Auto.<\/span><\/p>\n<p>[\/et_pb_text][\/et_pb_column][et_pb_column type=&#8220;2_5&#8243; _builder_version=&#8220;4.21.0&#8243; _module_preset=&#8220;default&#8220; global_colors_info=&#8220;{}&#8220;][et_pb_image src=&#8220;https:\/\/khanlowcostparking.com\/wp-content\/uploads\/2023\/06\/Schermafbeelding-2023-06-27-om-10.27.41.png&#8220; title_text=&#8220;G\u00fcnstiger Parkplatz Valencia VLC&#8220; _builder_version=&#8220;4.21.0&#8243; _module_preset=&#8220;default&#8220; global_colors_info=&#8220;{}&#8220;][\/et_pb_image][\/et_pb_column][\/et_pb_row][et_pb_row column_structure=&#8220;2_5,3_5&#8243; _builder_version=&#8220;4.21.0&#8243; _module_preset=&#8220;default&#8220; custom_padding=&#8220;58px|||||&#8220; global_colors_info=&#8220;{}&#8220;][et_pb_column type=&#8220;2_5&#8243; _builder_version=&#8220;4.21.0&#8243; _module_preset=&#8220;default&#8220; global_colors_info=&#8220;{}&#8220;][et_pb_image src=&#8220;https:\/\/khanlowcostparking.com\/wp-content\/uploads\/2023\/06\/KhanValet.jpeg&#8220; title_text=&#8220;KhanValet&#8220; _builder_version=&#8220;4.21.0&#8243; _module_preset=&#8220;default&#8220; global_colors_info=&#8220;{}&#8220;][\/et_pb_image][\/et_pb_column][et_pb_column type=&#8220;3_5&#8243; _builder_version=&#8220;4.21.0&#8243; _module_preset=&#8220;default&#8220; global_colors_info=&#8220;{}&#8220;][et_pb_text _builder_version=&#8220;4.21.0&#8243; _module_preset=&#8220;default&#8220; text_font_size=&#8220;16px&#8220; global_colors_info=&#8220;{}&#8220;]<\/p>\n<h3><span>Parkservice (Diener)<\/span><\/h3>\n<p><span><\/span><\/p>\n<p><span><\/span><\/p>\n<p><span>Der Parkservice ist bequem und spart Ihnen Zeit und M\u00fche. Beim Valet Parking k\u00f6nnen Sie Ihr Fahrzeug am Eingang Ihres Zielortes abstellen und wieder abholen. Es nimmt Ihnen die M\u00fche der Parkplatzsuche ab und bietet zus\u00e4tzliche Sicherheit durch professionelle Fahrer. Ob Sie in Ihrer Mobilit\u00e4t eingeschr\u00e4nkt sind oder schweres Gep\u00e4ck haben, der Parkservice macht das Parken m\u00fchelos. Genie\u00dfen Sie ein nahtloses Erlebnis, bei dem Sie sich auf Ihre Aktivit\u00e4ten konzentrieren k\u00f6nnen, ohne sich um die Parklogistik zu k\u00fcmmern.<\/span><\/p>\n<p>[\/et_pb_text][\/et_pb_column][\/et_pb_row][\/et_pb_section]<\/p>\n","protected":false},"excerpt":{"rendered":"<p>KhanLowCostParking bietet mehr als nur Parken &nbsp; Bei Khan LowCost Parking streben wir nach absoluter Kundenzufriedenheit. Neben den bekannten Formen des Parkens, wie Valet Parking, Shuttle Parking und Langzeitparken, bietet Khan LowCost Parking an verschiedenen Flugh\u00e4fen in Spanien zus\u00e4tzliche Dienstleistungen an.Autow\u00e4sche von au\u00dfen &nbsp; Ein sauberes Auto w\u00e4hrend der Fahrt bietet zahlreiche Vorteile. Es wertet [&hellip;]<\/p>\n","protected":false},"author":1,"featured_media":0,"parent":0,"menu_order":0,"comment_status":"closed","ping_status":"closed","template":"","meta":{"_et_pb_use_builder":"on","_et_pb_old_content":"","_et_gb_content_width":"","_monsterinsights_skip_tracking":false,"_monsterinsights_sitenote_active":false,"_monsterinsights_sitenote_note":"","_monsterinsights_sitenote_category":0,"footnotes":""},"class_list":["post-7708","page","type-page","status-publish","hentry"],"aioseo_notices":[],"_links":{"self":[{"href":"https:\/\/khanlowcostparking.com\/de\/wp-json\/wp\/v2\/pages\/7708","targetHints":{"allow":["GET"]}}],"collection":[{"href":"https:\/\/khanlowcostparking.com\/de\/wp-json\/wp\/v2\/pages"}],"about":[{"href":"https:\/\/khanlowcostparking.com\/de\/wp-json\/wp\/v2\/types\/page"}],"author":[{"embeddable":true,"href":"https:\/\/khanlowcostparking.com\/de\/wp-json\/wp\/v2\/users\/1"}],"replies":[{"embeddable":true,"href":"https:\/\/khanlowcostparking.com\/de\/wp-json\/wp\/v2\/comments?post=7708"}],"version-history":[{"count":2,"href":"https:\/\/khanlowcostparking.com\/de\/wp-json\/wp\/v2\/pages\/7708\/revisions"}],"predecessor-version":[{"id":7710,"href":"https:\/\/khanlowcostparking.com\/de\/wp-json\/wp\/v2\/pages\/7708\/revisions\/7710"}],"wp:attachment":[{"href":"https:\/\/khanlowcostparking.com\/de\/wp-json\/wp\/v2\/media?parent=7708"}],"curies":[{"name":"wp","href":"https:\/\/api.w.org\/{rel}","templated":true}]}}