{"id":7745,"date":"2023-06-27T18:53:04","date_gmt":"2023-06-27T18:53:04","guid":{"rendered":"https:\/\/khanlowcostparking.com\/haeufig-gestellte-fragen\/"},"modified":"2023-07-18T07:18:48","modified_gmt":"2023-07-18T07:18:48","slug":"haeufig-gestellte-fragen","status":"publish","type":"page","link":"https:\/\/khanlowcostparking.com\/de\/haeufig-gestellte-fragen\/","title":{"rendered":"H\u00e4ufig gestellte Fragen"},"content":{"rendered":"<p>[et_pb_section fb_built=&#8220;1&#8243; _builder_version=&#8220;4.21.0&#8243; _module_preset=&#8220;default&#8220; global_colors_info=&#8220;{}&#8220;][et_pb_row column_structure=&#8220;3_5,2_5&#8243; _builder_version=&#8220;4.21.0&#8243; _module_preset=&#8220;default&#8220; global_colors_info=&#8220;{}&#8220;][et_pb_column type=&#8220;3_5&#8243; _builder_version=&#8220;4.21.0&#8243; _module_preset=&#8220;default&#8220; global_colors_info=&#8220;{}&#8220;][et_pb_accordion open_toggle_text_color=&#8220;#FFFFFF&#8220; open_toggle_background_color=&#8220;#f64f1f&#8220; closed_toggle_text_color=&#8220;#FFFFFF&#8220; closed_toggle_background_color=&#8220;#1d4889&#8243; icon_color=&#8220;#FFFFFF&#8220; _builder_version=&#8220;4.21.0&#8243; _module_preset=&#8220;default&#8220; toggle_text_color=&#8220;#FFFFFF&#8220; toggle_level=&#8220;h3&#8243; body_text_color=&#8220;#000000&#8243; body_font_size=&#8220;15px&#8220; hover_enabled=&#8220;0&#8243; global_colors_info=&#8220;{}&#8220; toggle_line_height=&#8220;1.1em&#8220; sticky_enabled=&#8220;0&#8243; toggle_font_size_last_edited=&#8220;on|phone&#8220; toggle_font_size_phone=&#8220;21px&#8220;][et_pb_accordion_item title=&#8220;Was sind die \u00d6ffnungszeiten bei KhanLowCostParking?&#8220; open=&#8220;off&#8220; _builder_version=&#8220;4.21.0&#8243; _module_preset=&#8220;default&#8220; global_colors_info=&#8220;{}&#8220;]<\/p>\n<p><span>Ge\u00f6ffnet 24 Stunden am Tag, 7 Tage die Woche<\/span><\/p>\n<p>[\/et_pb_accordion_item][et_pb_accordion_item title=&#8220;Was ist die Adresse von KhanLowCostParking?&#8220; _builder_version=&#8220;4.21.0&#8243; _module_preset=&#8220;default&#8220; global_colors_info=&#8220;{}&#8220; open=&#8220;off&#8220;]<\/p>\n<ul>\n<li>Valencia\n<ul>\n<li><span>Carrer Burjasot, 7, 46940 Manises, Valencia, Spain<\/span><span><\/span><\/li>\n<\/ul>\n<\/li>\n<li><span>Alicante<\/span>\n<ul>\n<li>\n<div class=\"place-desc-large\">\n<div jstcache=\"25\" class=\"address\" jsan=\"7.address\">Partida Torrellano Alto, 1069, 03320 Elche, Alicante, Spain<\/div>\n<\/div>\n<p><span><\/span><\/p>\n<\/li>\n<\/ul>\n<\/li>\n<\/ul>\n<p>[\/et_pb_accordion_item][et_pb_accordion_item title=&#8220;Wie lange dauert der Transfer vom Parkplatz zum Flughafen?&#8220; _builder_version=&#8220;4.21.0&#8243; _module_preset=&#8220;default&#8220; global_colors_info=&#8220;{}&#8220; open=&#8220;on&#8220;]<\/p>\n<ul>\n<li>Valencia: <span>3 Minuten<\/span><\/li>\n<li>Alicante: 4 <span>minuten<\/span><\/li>\n<\/ul>\n<p>[\/et_pb_accordion_item][et_pb_accordion_item title=&#8220;Wir bieten einen speziellen Transport f\u00fcr Menschen mit Behinderungen an und haben auch Kindersitze zur Verf\u00fcgung.&#8220; _builder_version=&#8220;4.21.0&#8243; _module_preset=&#8220;default&#8220; global_colors_info=&#8220;{}&#8220; open=&#8220;off&#8220;][\/et_pb_accordion_item][et_pb_accordion_item title=&#8220;Wie komme ich zu KhanLowCostParking?&#8220; _builder_version=&#8220;4.21.0&#8243; _module_preset=&#8220;default&#8220; global_colors_info=&#8220;{}&#8220; open=&#8220;off&#8220;]<\/p>\n<ul>\n<li>Valencia\n<ul>\n<li><span>Sie k\u00f6nnen uns per E-Mail kontaktieren unter <\/span><a href=\"mailto:info@khanlowcostparking.com\" target=\"_new\" rel=\"noopener\">info@khanlowcostparking.com<\/a><span>, per Telefon unter 961524657 oder per WhatsApp unter 663763997.<\/span><\/li>\n<\/ul>\n<\/li>\n<li><span>Alicante<\/span>\n<ul>\n<li><span>Sie k\u00f6nnen uns per E-Mail unter <a href=\"mailto:alicante@khanlowcostparking.com\">alicante@khanlowcostparking.com,<\/a> per Telefon unter 961524657 oder per WhatsApp unter 663763997 erreichen.<\/span><\/li>\n<\/ul>\n<\/li>\n<\/ul>\n<p>[\/et_pb_accordion_item][et_pb_accordion_item title=&#8220;Wie funktioniert der Valet Parking Service?&#8220; _builder_version=&#8220;4.21.0&#8243; _module_preset=&#8220;default&#8220; global_colors_info=&#8220;{}&#8220; open=&#8220;off&#8220;]<\/p>\n<p><span>Bei Ihrer Ankunft am Flughafen werden Sie von einem Parkservice-Mitarbeiter empfangen, der sich um Ihr Fahrzeug k\u00fcmmert. Er wird ihn an einem sicheren Ort parken, w\u00e4hrend Sie sich auf den Weg zum Check-in-Bereich machen. Wenn Sie von Ihrer Reise zur\u00fcckkehren, k\u00f6nnen Sie sich an den Parkservice wenden, der Ihr Auto abholt und es in dem daf\u00fcr vorgesehenen Bereich f\u00fcr Sie bereith\u00e4lt.  <\/span><\/p>\n<p>[\/et_pb_accordion_item][et_pb_accordion_item title=&#8220;Wie funktioniert das Parken mit Shuttle-Service?&#8220; _builder_version=&#8220;4.21.0&#8243; _module_preset=&#8220;default&#8220; global_colors_info=&#8220;{}&#8220; open=&#8220;off&#8220;]<\/p>\n<p><span>Bei KhanLowCostParking parken Sie Ihr Fahrzeug auf dem Parkplatz und nehmen dann den Shuttlebus zum Flughafenterminal. Bei Ihrer R\u00fcckkehr wird ein Shuttlebus von KhanLowCostParking zum Flughafen geschickt, der Sie abholt und zum Parkplatz zur\u00fcckbringt. Auf diese Weise k\u00f6nnen Sie schnell und bequem zum und vom Flughafen gelangen.<\/span><\/p>\n<p>[\/et_pb_accordion_item][et_pb_accordion_item title=&#8220;Was ist Langzeitparken?&#8220; _builder_version=&#8220;4.21.0&#8243; _module_preset=&#8220;default&#8220; global_colors_info=&#8220;{}&#8220; open=&#8220;off&#8220;]<\/p>\n<p><span>Langzeitparken ist ein 6- oder 12-monatiger Parkausweis, mit dem Sie Ihr Auto abstellen k\u00f6nnen. Sie haben die M\u00f6glichkeit, Ihr Fahrzeug in diesem Zeitraum mehrmals abzuholen und wieder abzugeben.<\/span><\/p>\n<p>[\/et_pb_accordion_item][et_pb_accordion_item title=&#8220;Wie kann ich mich anmelden?&#8220; _builder_version=&#8220;4.21.0&#8243; _module_preset=&#8220;default&#8220; global_colors_info=&#8220;{}&#8220; open=&#8220;off&#8220;]<\/p>\n<p><span>Sie k\u00f6nnen ein Abonnement per E-Mail oder Telefon abschlie\u00dfen. Wir werden uns pers\u00f6nlich mit Ihnen in Verbindung setzen, um Ihre W\u00fcnsche und Bed\u00fcrfnisse zu erfahren.<\/span><\/p>\n<p>[\/et_pb_accordion_item][et_pb_accordion_item title=&#8220;Muss ich meine Schl\u00fcssel auf dem Parkplatz abgeben?&#8220; _builder_version=&#8220;4.21.0&#8243; _module_preset=&#8220;default&#8220; global_colors_info=&#8220;{}&#8220; open=&#8220;off&#8220;]<\/p>\n<p><span>Bei KhanLowCostParking holen wir Ihre Schl\u00fcssel ab, um Ihr Auto optimal zu parken. Gelegentlich ist es notwendig, Fahrzeuge auf unseren Parkpl\u00e4tzen umzuparken, insbesondere wenn unser Hauptparkplatz voll ist oder wenn \u00fcberdachte Parkpl\u00e4tze reserviert wurden. Wir versichern Ihnen, dass wir Ihr Auto mit \u00e4u\u00dferster Sorgfalt behandeln und Ihre Schl\u00fcssel sicher aufbewahren.  <\/span><\/p>\n<p>[\/et_pb_accordion_item][\/et_pb_accordion][\/et_pb_column][et_pb_column type=&#8220;2_5&#8243; _builder_version=&#8220;4.21.0&#8243; _module_preset=&#8220;default&#8220; global_colors_info=&#8220;{}&#8220;][et_pb_image src=&#8220;https:\/\/khanlowcostparking.com\/wp-content\/uploads\/2023\/06\/KhanLowCostparkinggate.jpeg&#8220; title_text=&#8220;KhanLowCostParkinggate&#8220; _builder_version=&#8220;4.21.0&#8243; _module_preset=&#8220;default&#8220; global_colors_info=&#8220;{}&#8220;][\/et_pb_image][et_pb_image src=&#8220;https:\/\/khanlowcostparking.com\/wp-content\/uploads\/2023\/06\/KhanLowCostparkingoffice.jpeg&#8220; title_text=&#8220;KhanLowCostParkingoffice&#8220; _builder_version=&#8220;4.21.0&#8243; _module_preset=&#8220;default&#8220; global_colors_info=&#8220;{}&#8220;][\/et_pb_image][\/et_pb_column][\/et_pb_row][\/et_pb_section]<\/p>\n","protected":false},"excerpt":{"rendered":"<p>Ge\u00f6ffnet 24 Stunden am Tag, 7 Tage die Woche Valencia Carrer Burjasot, 7, 46940 Manises, Valencia, Spain Alicante Partida Torrellano Alto, 1069, 03320 Elche, Alicante, Spain Valencia: 3 Minuten Alicante: 4 minuten Valencia Sie k\u00f6nnen uns per E-Mail kontaktieren unter info@khanlowcostparking.com, per Telefon unter 961524657 oder per WhatsApp unter 663763997. Alicante Sie k\u00f6nnen uns per [&hellip;]<\/p>\n","protected":false},"author":1,"featured_media":0,"parent":0,"menu_order":0,"comment_status":"closed","ping_status":"closed","template":"","meta":{"_et_pb_use_builder":"on","_et_pb_old_content":"","_et_gb_content_width":"","_monsterinsights_skip_tracking":false,"_monsterinsights_sitenote_active":false,"_monsterinsights_sitenote_note":"","_monsterinsights_sitenote_category":0,"footnotes":""},"class_list":["post-7745","page","type-page","status-publish","hentry"],"aioseo_notices":[],"_links":{"self":[{"href":"https:\/\/khanlowcostparking.com\/de\/wp-json\/wp\/v2\/pages\/7745","targetHints":{"allow":["GET"]}}],"collection":[{"href":"https:\/\/khanlowcostparking.com\/de\/wp-json\/wp\/v2\/pages"}],"about":[{"href":"https:\/\/khanlowcostparking.com\/de\/wp-json\/wp\/v2\/types\/page"}],"author":[{"embeddable":true,"href":"https:\/\/khanlowcostparking.com\/de\/wp-json\/wp\/v2\/users\/1"}],"replies":[{"embeddable":true,"href":"https:\/\/khanlowcostparking.com\/de\/wp-json\/wp\/v2\/comments?post=7745"}],"version-history":[{"count":5,"href":"https:\/\/khanlowcostparking.com\/de\/wp-json\/wp\/v2\/pages\/7745\/revisions"}],"predecessor-version":[{"id":7750,"href":"https:\/\/khanlowcostparking.com\/de\/wp-json\/wp\/v2\/pages\/7745\/revisions\/7750"}],"wp:attachment":[{"href":"https:\/\/khanlowcostparking.com\/de\/wp-json\/wp\/v2\/media?parent=7745"}],"curies":[{"name":"wp","href":"https:\/\/api.w.org\/{rel}","templated":true}]}}