{"id":7211,"date":"2023-06-27T18:54:20","date_gmt":"2023-06-27T18:54:20","guid":{"rendered":"https:\/\/khanlowcostparking.com\/contact\/"},"modified":"2024-07-04T14:04:13","modified_gmt":"2024-07-04T14:04:13","slug":"contact","status":"publish","type":"page","link":"https:\/\/khanlowcostparking.com\/en\/contact\/","title":{"rendered":"Contact"},"content":{"rendered":"<p>[et_pb_section fb_built=&#8221;1&#8243; _builder_version=&#8221;4.21.0&#8243; _module_preset=&#8221;default&#8221; global_colors_info=&#8221;{}&#8221;][et_pb_row _builder_version=&#8221;4.21.0&#8243; _module_preset=&#8221;default&#8221; global_colors_info=&#8221;{}&#8221;][et_pb_column type=&#8221;4_4&#8243; _builder_version=&#8221;4.21.0&#8243; _module_preset=&#8221;default&#8221; global_colors_info=&#8221;{}&#8221;][et_pb_text content_tablet=&#8221;<\/p>\n<h2><span>Contact Information KhanLowCostParking<\/span><\/h2>\n<p>&#8221; content_phone=&#8221;<\/p>\n<h2 style=%22text-align: center;%22><span>Contact Information KhanLowCostParking<\/span><\/h2>\n<p>&#8221; content_last_edited=&#8221;on|phone&#8221; _builder_version=&#8221;4.21.0&#8243; _module_preset=&#8221;default&#8221; header_text_align_tablet=&#8221;&#8221; header_text_align_phone=&#8221;center&#8221; header_text_align_last_edited=&#8221;on|phone&#8221; global_colors_info=&#8221;{}&#8221;]<\/p>\n<h2><span>Contact Information KhanLowCostParking<\/span><\/h2>\n<p>[\/et_pb_text][et_pb_divider color=&#8221;#1d4889&#8243; _builder_version=&#8221;4.21.0&#8243; _module_preset=&#8221;default&#8221; module_alignment_tablet=&#8221;&#8221; module_alignment_phone=&#8221;center&#8221; module_alignment_last_edited=&#8221;on|phone&#8221; global_colors_info=&#8221;{}&#8221;][\/et_pb_divider][\/et_pb_column][\/et_pb_row][et_pb_row column_structure=&#8221;1_4,1_4,1_4,1_4&#8243; _builder_version=&#8221;4.21.0&#8243; _module_preset=&#8221;default&#8221; background_enable_color=&#8221;off&#8221; global_colors_info=&#8221;{}&#8221;][et_pb_column type=&#8221;1_4&#8243; _builder_version=&#8221;4.21.0&#8243; _module_preset=&#8221;default&#8221; global_colors_info=&#8221;{}&#8221;][et_pb_blurb title=&#8221;Telephone (Operations)&#8221; use_icon=&#8221;on&#8221; font_icon=&#8221;&#xe090;||divi||400&#8243; icon_color=&#8221;#1d4889&#8243; image_icon_width=&#8221;75px&#8221; icon_alignment=&#8221;left&#8221; icon_alignment_tablet=&#8221;left&#8221; icon_alignment_phone=&#8221;center&#8221; icon_alignment_last_edited=&#8221;on|phone&#8221; _builder_version=&#8221;4.21.0&#8243; _module_preset=&#8221;default&#8221; body_font_size=&#8221;16px&#8221; header_text_align_tablet=&#8221;&#8221; header_text_align_phone=&#8221;center&#8221; header_text_align_last_edited=&#8221;on|phone&#8221; body_text_align_tablet=&#8221;&#8221; body_text_align_phone=&#8221;center&#8221; body_text_align_last_edited=&#8221;on|phone&#8221; global_colors_info=&#8221;{}&#8221;]<\/p>\n<p>Available 24 hours a day, 7 days a week at the number<\/p>\n<p>(+34) <a href=\"tel:961524657\">961524657<\/a> \/ <a href=\"tel:663763997\">663763997<\/a><\/p>\n<p>[\/et_pb_blurb][\/et_pb_column][et_pb_column type=&#8221;1_4&#8243; _builder_version=&#8221;4.21.0&#8243; _module_preset=&#8221;default&#8221; global_colors_info=&#8221;{}&#8221;][et_pb_blurb title=&#8221;Telephone (Customer Service)&#8221; use_icon=&#8221;on&#8221; font_icon=&#8221;&#xe090;||divi||400&#8243; icon_color=&#8221;#1d4889&#8243; image_icon_width=&#8221;75px&#8221; icon_alignment=&#8221;left&#8221; icon_alignment_tablet=&#8221;left&#8221; icon_alignment_phone=&#8221;center&#8221; icon_alignment_last_edited=&#8221;on|phone&#8221; _builder_version=&#8221;4.21.0&#8243; _module_preset=&#8221;default&#8221; body_font_size=&#8221;16px&#8221; header_text_align_tablet=&#8221;&#8221; header_text_align_phone=&#8221;center&#8221; header_text_align_last_edited=&#8221;on|phone&#8221; body_text_align_tablet=&#8221;&#8221; body_text_align_phone=&#8221;center&#8221; body_text_align_last_edited=&#8221;on|phone&#8221; global_colors_info=&#8221;{}&#8221;]<\/p>\n<p>Available every day until 6:00 p.m. at the number<\/p>\n<p>(+34) <a href=\"tel:961524657\">961524657<\/a> \/ <a href=\"tel:663763997\">663763997<\/a><\/p>\n<p>[\/et_pb_blurb][\/et_pb_column][et_pb_column type=&#8221;1_4&#8243; _builder_version=&#8221;4.21.0&#8243; _module_preset=&#8221;default&#8221; global_colors_info=&#8221;{}&#8221;][et_pb_blurb title=&#8221;E-mail&#8221; use_icon=&#8221;on&#8221; font_icon=&#8221;&#xe076;||divi||400&#8243; icon_color=&#8221;#1d4889&#8243; image_icon_width=&#8221;75px&#8221; icon_alignment=&#8221;left&#8221; icon_alignment_tablet=&#8221;left&#8221; icon_alignment_phone=&#8221;center&#8221; icon_alignment_last_edited=&#8221;on|phone&#8221; _builder_version=&#8221;4.21.0&#8243; _module_preset=&#8221;default&#8221; body_font_size=&#8221;16px&#8221; header_text_align_tablet=&#8221;&#8221; header_text_align_phone=&#8221;center&#8221; header_text_align_last_edited=&#8221;on|phone&#8221; body_text_align_tablet=&#8221;&#8221; body_text_align_phone=&#8221;center&#8221; body_text_align_last_edited=&#8221;on|phone&#8221; global_colors_info=&#8221;{}&#8221;]<\/p>\n<p>Valencia: <a href=\"mailto:info@khanlowcostparking.com\" target=\"_new\" rel=\"noopener\">info@khanlowcostparking.com<\/a><\/p>\n<p>Alicante: <a href=\"mailto:alicante@khanlowcostparking.com\" target=\"_new\" rel=\"noopener\">alicante@khanlowcostparking.com<\/a><\/p>\n<p>M\u00e1laga: <a href=\"mailto:malaga@khanlowcostparking.com\">malaga@khanlowcostparking.com<\/a><\/p>\n<p>[\/et_pb_blurb][\/et_pb_column][et_pb_column type=&#8221;1_4&#8243; _builder_version=&#8221;4.21.0&#8243; _module_preset=&#8221;default&#8221; global_colors_info=&#8221;{}&#8221;][et_pb_blurb title=&#8221;Office address&#8221; use_icon=&#8221;on&#8221; font_icon=&#8221;&#xe081;||divi||400&#8243; icon_color=&#8221;#1d4889&#8243; image_icon_width=&#8221;75px&#8221; icon_alignment=&#8221;left&#8221; icon_alignment_tablet=&#8221;left&#8221; icon_alignment_phone=&#8221;center&#8221; icon_alignment_last_edited=&#8221;on|phone&#8221; _builder_version=&#8221;4.21.0&#8243; _module_preset=&#8221;default&#8221; body_font_size=&#8221;16px&#8221; header_text_align_tablet=&#8221;&#8221; header_text_align_phone=&#8221;center&#8221; header_text_align_last_edited=&#8221;on|phone&#8221; body_text_align_tablet=&#8221;&#8221; body_text_align_phone=&#8221;center&#8221; body_text_align_last_edited=&#8221;on|phone&#8221; global_colors_info=&#8221;{}&#8221;]<\/p>\n<div jstcache=\"24\" class=\"place-name\" jsan=\"7.place-name\">\n<div jstcache=\"24\" class=\"place-name\" jsan=\"7.place-name\"><strong>Valencia<\/strong><\/div>\n<div jstcache=\"25\" class=\"address\" jsan=\"7.address\"><a href=\"https:\/\/www.google.com\/maps\/dir\/\/Khan+Low+Cost+Parking+Aeropuerto+Valencia+Carrer+Burjasot,+7+46940+Manises+Valencia,+Spain\/@39.4869248,-0.4644934,16z\/data=!4m5!4m4!1m0!1m2!1m1!1s0xd605017d716372f:0xc6c6dcfb8fb19db5\">Carrer Burjasot, 7, 46940 Manises, Valencia, Spain<\/a><\/div>\n<div jstcache=\"25\" class=\"address\" jsan=\"7.address\"><strong><\/strong><\/div>\n<div jstcache=\"25\" class=\"address\" jsan=\"7.address\"><strong>Alicante<\/strong><\/div>\n<div jstcache=\"25\" class=\"address\" jsan=\"7.address\">\n<div jstcache=\"25\" class=\"address\" jsan=\"7.address\"><a href=\"https:\/\/www.google.com\/maps\/dir\/\/Khan+Alicante+Low+Cost+Parking+Partida+Torrellano+Alto,+1069+03320+Elche+Alicante,+Spain\/@38.2874034,-0.589807,16z\/data=!4m5!4m4!1m0!1m2!1m1!1s0xd624ba542d291ff:0xed1ad577b5ae4586\">Partida Torrellano Alto, 1069, 03320 Elche, Alicante, Spain<\/a><\/div>\n<div jstcache=\"25\" class=\"address\" jsan=\"7.address\"><\/div>\n<div jstcache=\"25\" class=\"address\" jsan=\"7.address\">\n<div jstcache=\"25\" class=\"address\" jsan=\"7.address\"><strong>M\u00e1laga<\/strong><\/div>\n<div jstcache=\"25\" class=\"address\" jsan=\"7.address\">\n<div jstcache=\"25\" class=\"address\" jsan=\"7.address\"><a href=\"https:\/\/maps.app.goo.gl\/C5vSPZKP5X4mMdaU9\">Calle Pe\u00f1a de Francia, 18, Churriana, 29004 Guadalmar-San Juli\u00e1n, M\u00e1laga<\/a><\/div>\n<\/div>\n<\/div>\n<\/div>\n<\/div>\n<div jstcache=\"25\" class=\"address\" jsan=\"7.address\"><\/div>\n<p>[\/et_pb_blurb][\/et_pb_column][\/et_pb_row][et_pb_row _builder_version=&#8221;4.21.0&#8243; _module_preset=&#8221;default&#8221; global_colors_info=&#8221;{}&#8221;][et_pb_column type=&#8221;4_4&#8243; _builder_version=&#8221;4.21.0&#8243; _module_preset=&#8221;default&#8221; global_colors_info=&#8221;{}&#8221;][et_pb_testimonial author=&#8221;With kind regards,&#8221; company_name=&#8221;Omar&#8221; portrait_url=&#8221;https:\/\/khanlowcostparking.com\/wp-content\/uploads\/2023\/06\/KhanLowCost.png&#8221; quote_icon_color=&#8221;#f64f1f&#8221; quote_icon_background_color=&#8221;#FFFFFF&#8221; _builder_version=&#8221;4.21.0&#8243; _module_preset=&#8221;default&#8221; body_font_size=&#8221;15px&#8221; background_color=&#8221;#1d4889&#8243; background_layout=&#8221;dark&#8221; global_colors_info=&#8221;{}&#8221;]<\/p>\n<p><span style=\"color: #ffffff;\">We strive to be available as much as possible to answer all your questions via email, chat, and phone. If you are unable to contact us directly, you can always use the contact form below. We will contact you as soon as possible.<\/span><\/p>\n<p>[\/et_pb_testimonial][\/et_pb_column][\/et_pb_row][et_pb_row column_structure=&#8221;1_2,1_2&#8243; _builder_version=&#8221;4.21.0&#8243; _module_preset=&#8221;default&#8221; global_colors_info=&#8221;{}&#8221;][et_pb_column type=&#8221;1_2&#8243; _builder_version=&#8221;4.21.0&#8243; _module_preset=&#8221;default&#8221; global_colors_info=&#8221;{}&#8221;][et_pb_map address=&#8221;Carrer Burjasot, 7, 46940 Manises, Valencia, Spain&#8221; _builder_version=&#8221;4.21.0&#8243; _module_preset=&#8221;default&#8221; global_colors_info=&#8221;{}&#8221;][\/et_pb_map][\/et_pb_column][et_pb_column type=&#8221;1_2&#8243; _builder_version=&#8221;4.21.0&#8243; _module_preset=&#8221;default&#8221; global_colors_info=&#8221;{}&#8221;][et_pb_map _builder_version=&#8221;4.21.0&#8243; _module_preset=&#8221;default&#8221; global_colors_info=&#8221;{}&#8221;][\/et_pb_map][\/et_pb_column][\/et_pb_row][\/et_pb_section]<\/p>\n","protected":false},"excerpt":{"rendered":"<p>Contact Information KhanLowCostParkingAvailable 24 hours a day, 7 days a week at the number (+34) 961524657 \/ 663763997Available every day until 6:00 p.m. at the number (+34) 961524657 \/ 663763997Valencia: info@khanlowcostparking.com Alicante: alicante@khanlowcostparking.com M\u00e1laga: malaga@khanlowcostparking.com Valencia Carrer Burjasot, 7, 46940 Manises, Valencia, Spain Alicante Partida Torrellano Alto, 1069, 03320 Elche, Alicante, Spain M\u00e1laga Calle Pe\u00f1a [&hellip;]<\/p>\n","protected":false},"author":1,"featured_media":0,"parent":0,"menu_order":0,"comment_status":"closed","ping_status":"closed","template":"","meta":{"_et_pb_use_builder":"on","_et_pb_old_content":"","_et_gb_content_width":"","_monsterinsights_skip_tracking":false,"_monsterinsights_sitenote_active":false,"_monsterinsights_sitenote_note":"","_monsterinsights_sitenote_category":0,"footnotes":""},"class_list":["post-7211","page","type-page","status-publish","hentry"],"aioseo_notices":[],"_links":{"self":[{"href":"https:\/\/khanlowcostparking.com\/en\/wp-json\/wp\/v2\/pages\/7211","targetHints":{"allow":["GET"]}}],"collection":[{"href":"https:\/\/khanlowcostparking.com\/en\/wp-json\/wp\/v2\/pages"}],"about":[{"href":"https:\/\/khanlowcostparking.com\/en\/wp-json\/wp\/v2\/types\/page"}],"author":[{"embeddable":true,"href":"https:\/\/khanlowcostparking.com\/en\/wp-json\/wp\/v2\/users\/1"}],"replies":[{"embeddable":true,"href":"https:\/\/khanlowcostparking.com\/en\/wp-json\/wp\/v2\/comments?post=7211"}],"version-history":[{"count":8,"href":"https:\/\/khanlowcostparking.com\/en\/wp-json\/wp\/v2\/pages\/7211\/revisions"}],"predecessor-version":[{"id":9156,"href":"https:\/\/khanlowcostparking.com\/en\/wp-json\/wp\/v2\/pages\/7211\/revisions\/9156"}],"wp:attachment":[{"href":"https:\/\/khanlowcostparking.com\/en\/wp-json\/wp\/v2\/media?parent=7211"}],"curies":[{"name":"wp","href":"https:\/\/api.w.org\/{rel}","templated":true}]}}