{"id":7214,"date":"2023-06-27T18:54:20","date_gmt":"2023-06-27T18:54:20","guid":{"rendered":"https:\/\/khanlowcostparking.com\/contact\/"},"modified":"2024-07-04T14:05:00","modified_gmt":"2024-07-04T14:05:00","slug":"contact","status":"publish","type":"page","link":"https:\/\/khanlowcostparking.com\/fr\/contact\/","title":{"rendered":"Contact"},"content":{"rendered":"<p>[et_pb_section fb_built=\u00a0\u00bb1&Prime; _builder_version=\u00a0\u00bb4.21.0&Prime; _module_preset=\u00a0\u00bbdefault\u00a0\u00bb global_colors_info=\u00a0\u00bb{}\u00a0\u00bb][et_pb_row _builder_version=\u00a0\u00bb4.21.0&Prime; _module_preset=\u00a0\u00bbdefault\u00a0\u00bb global_colors_info=\u00a0\u00bb{}\u00a0\u00bb][et_pb_column type=\u00a0\u00bb4_4&Prime; _builder_version=\u00a0\u00bb4.21.0&Prime; _module_preset=\u00a0\u00bbdefault\u00a0\u00bb global_colors_info=\u00a0\u00bb{}\u00a0\u00bb][et_pb_text content_tablet=\u00a0\u00bb<\/p>\n<h2><span>Coordonn\u00e9es de KhanLowCostParking<\/span><\/h2>\n<p>\u00a0\u00bb content_phone=\u00a0\u00bb<\/p>\n<h2 style=%22text-align: center;%22><span>Coordonn\u00e9es de KhanLowCostParking<\/span><\/h2>\n<p>\u00a0\u00bb content_last_edited=\u00a0\u00bbon|phone\u00a0\u00bb _builder_version=\u00a0\u00bb4.21.0&Prime; _module_preset=\u00a0\u00bbdefault\u00a0\u00bb header_text_align_tablet=\u00a0\u00bb\u00a0\u00bb header_text_align_phone=\u00a0\u00bbcenter\u00a0\u00bb header_text_align_last_edited=\u00a0\u00bbon|phone\u00a0\u00bb global_colors_info=\u00a0\u00bb{}\u00a0\u00bb]<\/p>\n<h2><span>Coordonn\u00e9es de KhanLowCostParking<\/span><\/h2>\n<p>[\/et_pb_text][et_pb_divider color=\u00a0\u00bb#1d4889&Prime; _builder_version=\u00a0\u00bb4.21.0&Prime; _module_preset=\u00a0\u00bbdefault\u00a0\u00bb module_alignment_tablet=\u00a0\u00bb\u00a0\u00bb module_alignment_phone=\u00a0\u00bbcenter\u00a0\u00bb module_alignment_last_edited=\u00a0\u00bbon|phone\u00a0\u00bb global_colors_info=\u00a0\u00bb{}\u00a0\u00bb][\/et_pb_divider][\/et_pb_column][\/et_pb_row][et_pb_row column_structure=\u00a0\u00bb1_4,1_4,1_4,1_4&Prime; _builder_version=\u00a0\u00bb4.21.0&Prime; _module_preset=\u00a0\u00bbdefault\u00a0\u00bb background_enable_color=\u00a0\u00bboff\u00a0\u00bb global_colors_info=\u00a0\u00bb{}\u00a0\u00bb][et_pb_column type=\u00a0\u00bb1_4&Prime; _builder_version=\u00a0\u00bb4.21.0&Prime; _module_preset=\u00a0\u00bbdefault\u00a0\u00bb global_colors_info=\u00a0\u00bb{}\u00a0\u00bb][et_pb_blurb title=\u00a0\u00bbT\u00e9l\u00e9phone (Op\u00e9rations)\u00a0\u00bb use_icon=\u00a0\u00bbon\u00a0\u00bb font_icon=\u00a0\u00bb&#xe090;||divi||400&Prime; icon_color=\u00a0\u00bb#1d4889&Prime; image_icon_width=\u00a0\u00bb75px\u00a0\u00bb icon_alignment=\u00a0\u00bbleft\u00a0\u00bb icon_alignment_tablet=\u00a0\u00bbleft\u00a0\u00bb icon_alignment_phone=\u00a0\u00bbcenter\u00a0\u00bb icon_alignment_last_edited=\u00a0\u00bbon|phone\u00a0\u00bb _builder_version=\u00a0\u00bb4.21.0&Prime; _module_preset=\u00a0\u00bbdefault\u00a0\u00bb body_font_size=\u00a0\u00bb16px\u00a0\u00bb header_text_align_tablet=\u00a0\u00bb\u00a0\u00bb header_text_align_phone=\u00a0\u00bbcenter\u00a0\u00bb header_text_align_last_edited=\u00a0\u00bbon|phone\u00a0\u00bb body_text_align_tablet=\u00a0\u00bb\u00a0\u00bb body_text_align_phone=\u00a0\u00bbcenter\u00a0\u00bb body_text_align_last_edited=\u00a0\u00bbon|phone\u00a0\u00bb global_colors_info=\u00a0\u00bb{}\u00a0\u00bb]<\/p>\n<p>Disponible 24h\/24 et 7j\/7 au num\u00e9ro<\/p>\n<p>(+34) <a href=\"tel:961524657\">961524657<\/a> \/ <a href=\"tel:663763997\">663763997<\/a><\/p>\n<p>[\/et_pb_blurb][\/et_pb_column][et_pb_column type=\u00a0\u00bb1_4&Prime; _builder_version=\u00a0\u00bb4.21.0&Prime; _module_preset=\u00a0\u00bbdefault\u00a0\u00bb global_colors_info=\u00a0\u00bb{}\u00a0\u00bb][et_pb_blurb title=\u00a0\u00bbT\u00e9l\u00e9phone (Service client)\u00a0\u00bb use_icon=\u00a0\u00bbon\u00a0\u00bb font_icon=\u00a0\u00bb&#xe090;||divi||400&Prime; icon_color=\u00a0\u00bb#1d4889&Prime; image_icon_width=\u00a0\u00bb75px\u00a0\u00bb icon_alignment=\u00a0\u00bbleft\u00a0\u00bb icon_alignment_tablet=\u00a0\u00bbleft\u00a0\u00bb icon_alignment_phone=\u00a0\u00bbcenter\u00a0\u00bb icon_alignment_last_edited=\u00a0\u00bbon|phone\u00a0\u00bb _builder_version=\u00a0\u00bb4.21.0&Prime; _module_preset=\u00a0\u00bbdefault\u00a0\u00bb body_font_size=\u00a0\u00bb16px\u00a0\u00bb header_text_align_tablet=\u00a0\u00bb\u00a0\u00bb header_text_align_phone=\u00a0\u00bbcenter\u00a0\u00bb header_text_align_last_edited=\u00a0\u00bbon|phone\u00a0\u00bb body_text_align_tablet=\u00a0\u00bb\u00a0\u00bb body_text_align_phone=\u00a0\u00bbcenter\u00a0\u00bb body_text_align_last_edited=\u00a0\u00bbon|phone\u00a0\u00bb global_colors_info=\u00a0\u00bb{}\u00a0\u00bb]<\/p>\n<p>Disponible tous les jours jusqu&rsquo;\u00e0 18h00 au num\u00e9ro<\/p>\n<p>(+34) <a href=\"tel:961524657\">961524657<\/a> \/ <a href=\"tel:663763997\">663763997<\/a><\/p>\n<p>[\/et_pb_blurb][\/et_pb_column][et_pb_column type=\u00a0\u00bb1_4&Prime; _builder_version=\u00a0\u00bb4.21.0&Prime; _module_preset=\u00a0\u00bbdefault\u00a0\u00bb global_colors_info=\u00a0\u00bb{}\u00a0\u00bb][et_pb_blurb title=\u00a0\u00bbE-mail\u00a0\u00bb use_icon=\u00a0\u00bbon\u00a0\u00bb font_icon=\u00a0\u00bb&#xe076;||divi||400&Prime; icon_color=\u00a0\u00bb#1d4889&Prime; image_icon_width=\u00a0\u00bb75px\u00a0\u00bb icon_alignment=\u00a0\u00bbleft\u00a0\u00bb icon_alignment_tablet=\u00a0\u00bbleft\u00a0\u00bb icon_alignment_phone=\u00a0\u00bbcenter\u00a0\u00bb icon_alignment_last_edited=\u00a0\u00bbon|phone\u00a0\u00bb _builder_version=\u00a0\u00bb4.21.0&Prime; _module_preset=\u00a0\u00bbdefault\u00a0\u00bb body_font_size=\u00a0\u00bb16px\u00a0\u00bb header_text_align_tablet=\u00a0\u00bb\u00a0\u00bb header_text_align_phone=\u00a0\u00bbcenter\u00a0\u00bb header_text_align_last_edited=\u00a0\u00bbon|phone\u00a0\u00bb body_text_align_tablet=\u00a0\u00bb\u00a0\u00bb body_text_align_phone=\u00a0\u00bbcenter\u00a0\u00bb body_text_align_last_edited=\u00a0\u00bbon|phone\u00a0\u00bb global_colors_info=\u00a0\u00bb{}\u00a0\u00bb]<\/p>\n<p>Valencia: <a href=\"mailto:info@khanlowcostparking.com\" target=\"_new\" rel=\"noopener\">info@khanlowcostparking.com<\/a><\/p>\n<p>Alicante: <a href=\"mailto:alicante@khanlowcostparking.com\" target=\"_new\" rel=\"noopener\">alicante@khanlowcostparking.com<\/a><\/p>\n<p>M\u00e1laga: <a href=\"mailto:malaga@khanlowcostparking.com\">malaga@khanlowcostparking.com<\/a><\/p>\n<p>[\/et_pb_blurb][\/et_pb_column][et_pb_column type=\u00a0\u00bb1_4&Prime; _builder_version=\u00a0\u00bb4.21.0&Prime; _module_preset=\u00a0\u00bbdefault\u00a0\u00bb global_colors_info=\u00a0\u00bb{}\u00a0\u00bb][et_pb_blurb title=\u00a0\u00bbAdresse de bureau\u00a0\u00bb use_icon=\u00a0\u00bbon\u00a0\u00bb font_icon=\u00a0\u00bb&#xe081;||divi||400&Prime; icon_color=\u00a0\u00bb#1d4889&Prime; image_icon_width=\u00a0\u00bb75px\u00a0\u00bb icon_alignment=\u00a0\u00bbleft\u00a0\u00bb icon_alignment_tablet=\u00a0\u00bbleft\u00a0\u00bb icon_alignment_phone=\u00a0\u00bbcenter\u00a0\u00bb icon_alignment_last_edited=\u00a0\u00bbon|phone\u00a0\u00bb _builder_version=\u00a0\u00bb4.21.0&Prime; _module_preset=\u00a0\u00bbdefault\u00a0\u00bb body_font_size=\u00a0\u00bb16px\u00a0\u00bb header_text_align_tablet=\u00a0\u00bb\u00a0\u00bb header_text_align_phone=\u00a0\u00bbcenter\u00a0\u00bb header_text_align_last_edited=\u00a0\u00bbon|phone\u00a0\u00bb body_text_align_tablet=\u00a0\u00bb\u00a0\u00bb body_text_align_phone=\u00a0\u00bbcenter\u00a0\u00bb body_text_align_last_edited=\u00a0\u00bbon|phone\u00a0\u00bb global_colors_info=\u00a0\u00bb{}\u00a0\u00bb]<\/p>\n<div jstcache=\"24\" class=\"place-name\" jsan=\"7.place-name\">\n<div jstcache=\"24\" class=\"place-name\" jsan=\"7.place-name\"><strong>Valencia<\/strong><\/div>\n<div jstcache=\"25\" class=\"address\" jsan=\"7.address\"><a href=\"https:\/\/www.google.com\/maps\/dir\/\/Khan+Low+Cost+Parking+Aeropuerto+Valencia+Carrer+Burjasot,+7+46940+Manises+Valencia,+Spain\/@39.4869248,-0.4644934,16z\/data=!4m5!4m4!1m0!1m2!1m1!1s0xd605017d716372f:0xc6c6dcfb8fb19db5\">Carrer Burjasot, 7, 46940 Manises, Valencia, Spain<\/a><\/div>\n<div jstcache=\"25\" class=\"address\" jsan=\"7.address\"><strong><\/strong><\/div>\n<div jstcache=\"25\" class=\"address\" jsan=\"7.address\"><strong>Alicante<\/strong><\/div>\n<div jstcache=\"25\" class=\"address\" jsan=\"7.address\">\n<div jstcache=\"25\" class=\"address\" jsan=\"7.address\"><a href=\"https:\/\/www.google.com\/maps\/dir\/\/Khan+Alicante+Low+Cost+Parking+Partida+Torrellano+Alto,+1069+03320+Elche+Alicante,+Spain\/@38.2874034,-0.589807,16z\/data=!4m5!4m4!1m0!1m2!1m1!1s0xd624ba542d291ff:0xed1ad577b5ae4586\">Partida Torrellano Alto, 1069, 03320 Elche, Alicante, Spain<\/a><\/div>\n<div jstcache=\"25\" class=\"address\" jsan=\"7.address\"><\/div>\n<div jstcache=\"25\" class=\"address\" jsan=\"7.address\">\n<div jstcache=\"25\" class=\"address\" jsan=\"7.address\"><strong>M\u00e1laga<\/strong><\/div>\n<div jstcache=\"25\" class=\"address\" jsan=\"7.address\">\n<div jstcache=\"25\" class=\"address\" jsan=\"7.address\"><a href=\"https:\/\/maps.app.goo.gl\/C5vSPZKP5X4mMdaU9\">Calle Pe\u00f1a de Francia, 18, Churriana, 29004 Guadalmar-San Juli\u00e1n, M\u00e1laga<\/a><\/div>\n<\/div>\n<\/div>\n<\/div>\n<\/div>\n<div jstcache=\"25\" class=\"address\" jsan=\"7.address\"><\/div>\n<p>[\/et_pb_blurb][\/et_pb_column][\/et_pb_row][et_pb_row _builder_version=\u00a0\u00bb4.21.0&Prime; _module_preset=\u00a0\u00bbdefault\u00a0\u00bb global_colors_info=\u00a0\u00bb{}\u00a0\u00bb][et_pb_column type=\u00a0\u00bb4_4&Prime; _builder_version=\u00a0\u00bb4.21.0&Prime; _module_preset=\u00a0\u00bbdefault\u00a0\u00bb global_colors_info=\u00a0\u00bb{}\u00a0\u00bb][et_pb_testimonial author=\u00a0\u00bbCordialement,\u00a0\u00bb company_name=\u00a0\u00bbOmar\u00a0\u00bb portrait_url=\u00a0\u00bbhttps:\/\/khanlowcostparking.com\/wp-content\/uploads\/2023\/06\/KhanLowCost.png\u00a0\u00bb quote_icon_color=\u00a0\u00bb#f64f1f\u00a0\u00bb quote_icon_background_color=\u00a0\u00bb#FFFFFF\u00a0\u00bb _builder_version=\u00a0\u00bb4.21.0&Prime; _module_preset=\u00a0\u00bbdefault\u00a0\u00bb body_font_size=\u00a0\u00bb15px\u00a0\u00bb background_color=\u00a0\u00bb#1d4889&Prime; background_layout=\u00a0\u00bbdark\u00a0\u00bb global_colors_info=\u00a0\u00bb{}\u00a0\u00bb]<\/p>\n<p><span style=\"color: #ffffff;\">Nous nous effor\u00e7ons d&rsquo;\u00eatre disponibles autant que possible pour r\u00e9pondre \u00e0 toutes vos questions par e-mail, chat et t\u00e9l\u00e9phone. Si vous ne parvenez pas \u00e0 nous contacter directement, vous pouvez toujours utiliser le formulaire de contact ci-dessous. Nous vous contacterons d\u00e8s que possible.<\/span><\/p>\n<p>[\/et_pb_testimonial][\/et_pb_column][\/et_pb_row][et_pb_row column_structure=\u00a0\u00bb1_2,1_2&Prime; _builder_version=\u00a0\u00bb4.21.0&Prime; _module_preset=\u00a0\u00bbdefault\u00a0\u00bb global_colors_info=\u00a0\u00bb{}\u00a0\u00bb][et_pb_column type=\u00a0\u00bb1_2&Prime; _builder_version=\u00a0\u00bb4.21.0&Prime; _module_preset=\u00a0\u00bbdefault\u00a0\u00bb global_colors_info=\u00a0\u00bb{}\u00a0\u00bb][et_pb_map address=\u00a0\u00bbCarrer Burjasot, 7, 46940 Manises, Valencia, Spain\u00a0\u00bb _builder_version=\u00a0\u00bb4.21.0&Prime; _module_preset=\u00a0\u00bbdefault\u00a0\u00bb global_colors_info=\u00a0\u00bb{}\u00a0\u00bb][\/et_pb_map][\/et_pb_column][et_pb_column type=\u00a0\u00bb1_2&Prime; _builder_version=\u00a0\u00bb4.21.0&Prime; _module_preset=\u00a0\u00bbdefault\u00a0\u00bb global_colors_info=\u00a0\u00bb{}\u00a0\u00bb][et_pb_map _builder_version=\u00a0\u00bb4.21.0&Prime; _module_preset=\u00a0\u00bbdefault\u00a0\u00bb global_colors_info=\u00a0\u00bb{}\u00a0\u00bb][\/et_pb_map][\/et_pb_column][\/et_pb_row][\/et_pb_section]<\/p>\n","protected":false},"excerpt":{"rendered":"<p>Coordonn\u00e9es de KhanLowCostParkingDisponible 24h\/24 et 7j\/7 au num\u00e9ro (+34) 961524657 \/ 663763997Disponible tous les jours jusqu&rsquo;\u00e0 18h00 au num\u00e9ro (+34) 961524657 \/ 663763997Valencia: info@khanlowcostparking.com Alicante: alicante@khanlowcostparking.com M\u00e1laga: malaga@khanlowcostparking.com Valencia Carrer Burjasot, 7, 46940 Manises, Valencia, Spain Alicante Partida Torrellano Alto, 1069, 03320 Elche, Alicante, Spain M\u00e1laga Calle Pe\u00f1a de Francia, 18, Churriana, 29004 Guadalmar-San Juli\u00e1n, [&hellip;]<\/p>\n","protected":false},"author":1,"featured_media":0,"parent":0,"menu_order":0,"comment_status":"closed","ping_status":"closed","template":"","meta":{"_et_pb_use_builder":"on","_et_pb_old_content":"","_et_gb_content_width":"","_monsterinsights_skip_tracking":false,"_monsterinsights_sitenote_active":false,"_monsterinsights_sitenote_note":"","_monsterinsights_sitenote_category":0,"footnotes":""},"class_list":["post-7214","page","type-page","status-publish","hentry"],"aioseo_notices":[],"_links":{"self":[{"href":"https:\/\/khanlowcostparking.com\/fr\/wp-json\/wp\/v2\/pages\/7214","targetHints":{"allow":["GET"]}}],"collection":[{"href":"https:\/\/khanlowcostparking.com\/fr\/wp-json\/wp\/v2\/pages"}],"about":[{"href":"https:\/\/khanlowcostparking.com\/fr\/wp-json\/wp\/v2\/types\/page"}],"author":[{"embeddable":true,"href":"https:\/\/khanlowcostparking.com\/fr\/wp-json\/wp\/v2\/users\/1"}],"replies":[{"embeddable":true,"href":"https:\/\/khanlowcostparking.com\/fr\/wp-json\/wp\/v2\/comments?post=7214"}],"version-history":[{"count":8,"href":"https:\/\/khanlowcostparking.com\/fr\/wp-json\/wp\/v2\/pages\/7214\/revisions"}],"predecessor-version":[{"id":9157,"href":"https:\/\/khanlowcostparking.com\/fr\/wp-json\/wp\/v2\/pages\/7214\/revisions\/9157"}],"wp:attachment":[{"href":"https:\/\/khanlowcostparking.com\/fr\/wp-json\/wp\/v2\/media?parent=7214"}],"curies":[{"name":"wp","href":"https:\/\/api.w.org\/{rel}","templated":true}]}}