{"id":7543,"date":"2023-06-27T19:08:47","date_gmt":"2023-06-27T19:08:47","guid":{"rendered":"https:\/\/khanlowcostparking.com\/reservations-alicante\/"},"modified":"2024-04-18T08:18:32","modified_gmt":"2024-04-18T08:18:32","slug":"reservations-alicante","status":"publish","type":"page","link":"https:\/\/khanlowcostparking.com\/fr\/reservations-alicante\/","title":{"rendered":"R\u00e9servations Alicante"},"content":{"rendered":"<p>[et_pb_section fb_built=\u00a0\u00bb1&Prime; admin_label=\u00a0\u00bbHero\u00a0\u00bb _builder_version=\u00a0\u00bb4.16&Prime; background_color=\u00a0\u00bb#1d4889&Prime; background_image=\u00a0\u00bbhttps:\/\/khanlowcostparking.com\/wp-content\/uploads\/2023\/06\/circle-background-pattern-1.png\u00a0\u00bb custom_padding=\u00a0\u00bb30px||0px|||\u00a0\u00bb animation_style=\u00a0\u00bbzoom\u00a0\u00bb animation_intensity_zoom=\u00a0\u00bb4%\u00a0\u00bb global_colors_info=\u00a0\u00bb{}\u00a0\u00bb][et_pb_row _builder_version=\u00a0\u00bb4.16&Prime; background_size=\u00a0\u00bbinitial\u00a0\u00bb background_position=\u00a0\u00bbtop_left\u00a0\u00bb background_repeat=\u00a0\u00bbrepeat\u00a0\u00bb custom_padding=\u00a0\u00bb|||\u00a0\u00bb animation_style=\u00a0\u00bbslide\u00a0\u00bb animation_direction=\u00a0\u00bbtop\u00a0\u00bb animation_intensity_slide=\u00a0\u00bb3%\u00a0\u00bb global_colors_info=\u00a0\u00bb{}\u00a0\u00bb][et_pb_column type=\u00a0\u00bb4_4&Prime; _builder_version=\u00a0\u00bb4.16&Prime; custom_padding=\u00a0\u00bb|||\u00a0\u00bb global_colors_info=\u00a0\u00bb{}\u00a0\u00bb custom_padding__hover=\u00a0\u00bb|||\u00a0\u00bb][et_pb_text _builder_version=\u00a0\u00bb4.21.0&Prime; text_font=\u00a0\u00bbMontserrat|500||on|||||\u00a0\u00bb text_text_color=\u00a0\u00bb#FFFFFF\u00a0\u00bb text_font_size=\u00a0\u00bb16px\u00a0\u00bb text_letter_spacing=\u00a0\u00bb3px\u00a0\u00bb background_size=\u00a0\u00bbinitial\u00a0\u00bb background_position=\u00a0\u00bbtop_left\u00a0\u00bb background_repeat=\u00a0\u00bbrepeat\u00a0\u00bb custom_margin=\u00a0\u00bb||45px|\u00a0\u00bb animation_style=\u00a0\u00bbslide\u00a0\u00bb animation_direction=\u00a0\u00bbbottom\u00a0\u00bb locked=\u00a0\u00bboff\u00a0\u00bb global_colors_info=\u00a0\u00bb{}\u00a0\u00bb]<\/p>\n<p>Khan Low Cost Parking<\/p>\n<p>[\/et_pb_text][et_pb_text _builder_version=\u00a0\u00bb4.21.0&Prime; text_font=\u00a0\u00bb||||||||\u00a0\u00bb text_text_color=\u00a0\u00bb#FFFFFF\u00a0\u00bb header_font=\u00a0\u00bbMontserrat|700||on|||||\u00a0\u00bb header_text_color=\u00a0\u00bb#FFFFFF\u00a0\u00bb header_font_size=\u00a0\u00bb52px\u00a0\u00bb header_line_height=\u00a0\u00bb1.3em\u00a0\u00bb background_size=\u00a0\u00bbinitial\u00a0\u00bb background_position=\u00a0\u00bbtop_left\u00a0\u00bb background_repeat=\u00a0\u00bbrepeat\u00a0\u00bb custom_margin=\u00a0\u00bb|||\u00a0\u00bb animation_style=\u00a0\u00bbfade\u00a0\u00bb header_font_size_tablet=\u00a0\u00bb52px\u00a0\u00bb header_font_size_phone=\u00a0\u00bb46px\u00a0\u00bb header_font_size_last_edited=\u00a0\u00bbon|phone\u00a0\u00bb locked=\u00a0\u00bboff\u00a0\u00bb global_colors_info=\u00a0\u00bb{}\u00a0\u00bb]<\/p>\n<h1>R\u00e9servations Alicante<\/h1>\n<p>[\/et_pb_text][\/et_pb_column][\/et_pb_row][\/et_pb_section][et_pb_section fb_built=\u00a0\u00bb1&Prime; _builder_version=\u00a0\u00bb4.21.0&Prime; custom_margin=\u00a0\u00bb0px||||false|false\u00a0\u00bb custom_padding=\u00a0\u00bb0px|0px|30px|0px|false|false\u00a0\u00bb global_colors_info=\u00a0\u00bb{}\u00a0\u00bb][et_pb_row use_custom_gutter=\u00a0\u00bbon\u00a0\u00bb _builder_version=\u00a0\u00bb4.21.0&Prime; _module_preset=\u00a0\u00bbdefault\u00a0\u00bb width=\u00a0\u00bb99%\u00a0\u00bb max_width=\u00a0\u00bb100%\u00a0\u00bb module_alignment=\u00a0\u00bbcenter\u00a0\u00bb global_colors_info=\u00a0\u00bb{}\u00a0\u00bb][et_pb_column type=\u00a0\u00bb4_4&Prime; _builder_version=\u00a0\u00bb4.21.0&Prime; _module_preset=\u00a0\u00bbdefault\u00a0\u00bb global_colors_info=\u00a0\u00bb{}\u00a0\u00bb][et_pb_code _builder_version=\u00a0\u00bb4.21.0&Prime; _module_preset=\u00a0\u00bbdefault\u00a0\u00bb global_colors_info=\u00a0\u00bb{}\u00a0\u00bb]<script> \n\n\t\t\tdocument.addEventListener(\"scroll\", function () {\n\t\t\t\tvar iframe = document.getElementById(\"parkingpro_booking_widgets_iframe\");\n\t\t\t\tvar rect = iframe.getBoundingClientRect();\n\t\t\t\tvar top_value = rect.top;\n\n\t\t\n\t\t\t\tiframe.contentWindow.postMessage({\n\t\t\t\t\tevent: \"parkingPro.widget.scroll\",\n\t\t\t\t\ttop: top_value\n\t\t\t\t}, \"*\");\n\t\t\t});\n\n\t\t\twindow.addEventListener(\"message\", function (e) { \n\t\t\t\tif(e.data.event === \"parkingPro.domain.reservationAdded\") {  \n\t    \t\tvar destination_url = \"https:\/\/khanlowcostparking.com\/gracias-por-su-reserva\/\";\n\t\t    \tif( e.data.reservation && e.data.reservation.location ) {\n\t\t    \t\tdestination_url += \"?\" + jQuery.param(e.data.reservation);\n\t\t    \t}\n\t\t    \twindow.location.href = destination_url;\n\t    \t}\n\n\t    \tif( e.data.event === \"parkingPro.ui.pageHeightChanged\" ) \n            {\n                jQuery(\"#parkingpro_booking_widgets_iframe\").height(e.data.newHeight + 50);\n            }\n\n\t\t\tif ( e.data.event === \"parkingPro.ui.scroll\" )\n\t\t\t{\n\t\t\t\tvar scrollAppendElements = jQuery(\"\");\n\n\t\t\t\tvar headerHeight = scrollAppendElements\n\t\t\t\t\t.map(function (x) { \n\t\t\t\t\t\treturn jQuery(this).outerHeight();\n\t\t\t\t\t})\n\t\t\t\t\t.get()\n\t\t\t\t\t.reduce(function (prev, curr) {\n\t\t\t\t\t\treturn prev + curr;\n\t\t\t\t\t}, 0);\n\n\t\t\t\tjQuery(\"html, body\").animate({\n\t        \t\tscrollTop: jQuery(\"#parkingpro_booking_widgets_iframe\").offset().top + e.data.scrollTop - headerHeight\n\t        \t}, 600); \n\t\t\t}\n            \n\t        }, false);<\/script><iframe loading=\"lazy\" id=\"parkingpro_booking_widgets_iframe\" style=\"width: 100%; src=\"about:blank\" padding: 0; border: 0;\" width=\"100%\" height=\"2200\" frameborder=\"0\" scrolling=\"yes\"><\/iframe><script>\n\n\t\t\ttry { \n\t\t\t\tvar iframe = document.querySelector('#parkingpro_booking_widgets_iframe');\n\t\t\t\tiframe.src = 'https:\/\/khanlowcostparkingalc.myparking.pro\/reservations\/add?hideHeader&hideTitle&culture=es-ES&returnUrl=https%3A%2F%2Fkhanlowcostparking.com%2Fgracias-por-su-reserva%2F';\n\t\t\t} \n\t\t\tcatch(e) {\n\t\t\t\tconsole.log(e);\n\t\t\t}\n\n\t\t<\/script>[\/et_pb_code][\/et_pb_column][\/et_pb_row][\/et_pb_section][et_pb_section fb_built=\u00a0\u00bb1&Prime; admin_label=\u00a0\u00bbCase Study Text\u00a0\u00bb _builder_version=\u00a0\u00bb4.16&Prime; custom_margin=\u00a0\u00bb|||\u00a0\u00bb custom_padding=\u00a0\u00bb30px||30px|||\u00a0\u00bb global_colors_info=\u00a0\u00bb{}\u00a0\u00bb][et_pb_row _builder_version=\u00a0\u00bb4.21.2&Prime; _module_preset=\u00a0\u00bbdefault\u00a0\u00bb][et_pb_column _builder_version=\u00a0\u00bb4.21.2&Prime; _module_preset=\u00a0\u00bbdefault\u00a0\u00bb type=\u00a0\u00bb4_4&Prime;][et_pb_text _builder_version=\u00a0\u00bb4.21.2&Prime; _module_preset=\u00a0\u00bbdefault\u00a0\u00bb header_2_line_height=\u00a0\u00bb1.3em\u00a0\u00bb hover_enabled=\u00a0\u00bb0&Prime; sticky_enabled=\u00a0\u00bb0&Prime;]<\/p>\n<h2>Parking \u00e0 l&rsquo;a\u00e9roport d&rsquo;Alicante &#8211; Elche<\/h2>\n<p>Pouvez-vous imaginer conduire jusqu&rsquo;\u00e0 l&rsquo;a\u00e9roport d&rsquo;Alicante dans votre propre voiture, sans d\u00e9pendre de taxis, de membres de la famille ou d&rsquo;amis pour vous y emmener, ni des transports en commun ? \u00c7a a l&rsquo;air g\u00e9nial, non ? Si vous \u00eates pr\u00e9occup\u00e9 par le stress de trouver une place de parking \u00e0 l&rsquo;a\u00e9roport d&rsquo;Alicante et les co\u00fbts \u00e9lev\u00e9s qui en d\u00e9coulent, choisissez Khan Low Cost Parking et r\u00e9servez votre place \u00e0 un prix imbattable. Optez pour un parking avec service de navette ou de voiturier, et bien plus encore ! R\u00e9servez en ligne sur notre site web et vous aurez votre place garantie \u00e0 100 % ! Pas de surprises, pas de stress et un confort maximal.     <\/p>\n<p>Nous offrons :<\/p>\n<ul>\n<li>Stationnement \u00e9conomique (low cost)<\/li>\n<li>Service de navette et voiturier<\/li>\n<li>Stationnement \u00e0 long terme<\/li>\n<\/ul>\n<p>L&rsquo;a\u00e9roport d&rsquo;Alicante-Elche, populairement connu sous le nom d&rsquo;a\u00e9roport d&rsquo;El Altet, est situ\u00e9 \u00e0 9 kilom\u00e8tres au sud-ouest de la capitale, dans la municipalit\u00e9 d&rsquo;Elche. Pr\u00e8s de 80% du trafic sont des vols internationaux, principalement en provenance du Royaume-Uni, d&rsquo;Allemagne et des Pays-Bas, ce qui t\u00e9moigne de l&rsquo;importance du tourisme dans la r\u00e9gion. C&rsquo;est le cinqui\u00e8me a\u00e9roport d&rsquo;Espagne en termes de nombre de passagers (plus de 12,3 millions en 2016) et l&rsquo;un des 50 a\u00e9roports les plus fr\u00e9quent\u00e9s d&rsquo;Europe. Avant la construction de cet a\u00e9roport, Alicante utilisait la base a\u00e9rienne de Rabasa, construite pendant la Guerre civile, mais utilis\u00e9e de mani\u00e8re intermittente pour l&rsquo;aviation commerciale apr\u00e8s la guerre. Bient\u00f4t, la base s&rsquo;est r\u00e9v\u00e9l\u00e9e insuffisante pour g\u00e9rer tout le trafic a\u00e9rien, et en 1967, l&rsquo;a\u00e9roport que nous connaissons aujourd&rsquo;hui a \u00e9t\u00e9 inaugur\u00e9. En 1971, seulement quatre ans plus tard, la capacit\u00e9 maximale de passagers avait \u00e9t\u00e9 d\u00e9pass\u00e9e, ce qui a conduit \u00e0 l&rsquo;ouverture d&rsquo;une nouvelle terminal en 1972. Le nombre de passagers a continu\u00e9 d&rsquo;augmenter, n\u00e9cessitant des r\u00e9novations en 1978 et 1996, ann\u00e9e o\u00f9 une nouvelle tour de contr\u00f4le a \u00e9t\u00e9 construite. En 2007, le Terminal 2 a \u00e9t\u00e9 mis en service et en 2009 et 2010, de nouvelles entr\u00e9es \u00e0 l&rsquo;a\u00e9roport ont \u00e9t\u00e9 construites.       <\/p>\n<p>En 2011, une nouvelle terminal a \u00e9t\u00e9 inaugur\u00e9e avec une capacit\u00e9 de 20 millions de passagers par an, multipliant par six la superficie des anciennes terminaux T1 et T2, qui ont cess\u00e9 d&rsquo;\u00eatre en service. En 2013, l&rsquo;a\u00e9roport, jusqu&rsquo;alors officiellement connu sous le nom d&rsquo;A\u00e9roport d&rsquo;Alicante, a \u00e9t\u00e9 rebaptis\u00e9 A\u00e9roport d&rsquo;Alicante-Elche. N&rsquo;oubliez pas que vous avez plusieurs options de stationnement \u00e0 l&rsquo;a\u00e9roport d&rsquo;Alicante : des parkings couverts ou en plein air, avec service de voiturier ou de navette vous menant de parking \u00e0 l&rsquo;a\u00e9roport. Le choix vous appartient, et vous pouvez r\u00e9server sur notre site web Khanlowcostparking.com. Vous pouvez \u00e9galement opter pour des services suppl\u00e9mentaires tels que le lavage de voiture, le ravitaillement en carburant ou la recharge \u00e9lectrique lors de votre r\u00e9servation. Ces options suppl\u00e9mentaires sont \u00e9galement disponibles pour votre commodit\u00e9.     <\/p>\n<p>[\/et_pb_text][\/et_pb_column][\/et_pb_row][\/et_pb_section]<\/p>\n","protected":false},"excerpt":{"rendered":"<p>Khan Low Cost ParkingR\u00e9servations Alicante<script> \n\n\t\t\tdocument.addEventListener(\"scroll\", function () {\n\t\t\t\tvar iframe = document.getElementById(\"parkingpro_booking_widgets_iframe\");\n\t\t\t\tvar rect = iframe.getBoundingClientRect();\n\t\t\t\tvar top_value = rect.top;\n\n\t\t\n\t\t\t\tiframe.contentWindow.postMessage({\n\t\t\t\t\tevent: \"parkingPro.widget.scroll\",\n\t\t\t\t\ttop: top_value\n\t\t\t\t}, \"*\");\n\t\t\t});\n\n\t\t\twindow.addEventListener(\"message\", function (e) { \n\t\t\t\tif(e.data.event === \"parkingPro.domain.reservationAdded\") {  \n\t    \t\tvar destination_url = \"https:\/\/khanlowcostparking.com\/gracias-por-su-reserva\/\";\n\t\t    \tif( e.data.reservation && e.data.reservation.location ) {\n\t\t    \t\tdestination_url += \"?\" + jQuery.param(e.data.reservation);\n\t\t    \t}\n\t\t    \twindow.location.href = destination_url;\n\t    \t}\n\n\t    \tif( e.data.event === \"parkingPro.ui.pageHeightChanged\" ) \n            {\n                jQuery(\"#parkingpro_booking_widgets_iframe\").height(e.data.newHeight + 50);\n            }\n\n\t\t\tif ( e.data.event === \"parkingPro.ui.scroll\" )\n\t\t\t{\n\t\t\t\tvar scrollAppendElements = jQuery(\"\");\n\n\t\t\t\tvar headerHeight = scrollAppendElements\n\t\t\t\t\t.map(function (x) { \n\t\t\t\t\t\treturn jQuery(this).outerHeight();\n\t\t\t\t\t})\n\t\t\t\t\t.get()\n\t\t\t\t\t.reduce(function (prev, curr) {\n\t\t\t\t\t\treturn prev + curr;\n\t\t\t\t\t}, 0);\n\n\t\t\t\tjQuery(\"html, body\").animate({\n\t        \t\tscrollTop: jQuery(\"#parkingpro_booking_widgets_iframe\").offset().top + e.data.scrollTop - headerHeight\n\t        \t}, 600); \n\t\t\t}\n            \n\t        }, false);<\/script><iframe loading=\"lazy\" id=\"parkingpro_booking_widgets_iframe\" style=\"width: 100%; src=\"about:blank\" padding: 0; border: 0;\" width=\"100%\" height=\"2200\" frameborder=\"0\" scrolling=\"yes\"><\/iframe><script>\n\n\t\t\ttry { \n\t\t\t\tvar iframe = document.querySelector('#parkingpro_booking_widgets_iframe');\n\t\t\t\tiframe.src = 'https:\/\/khanlowcostparkingalc.myparking.pro\/reservations\/add?hideHeader&hideTitle&culture=es-ES&returnUrl=https%3A%2F%2Fkhanlowcostparking.com%2Fgracias-por-su-reserva%2F';\n\t\t\t} \n\t\t\tcatch(e) {\n\t\t\t\tconsole.log(e);\n\t\t\t}\n\n\t\t<\/script>Parking \u00e0 l&rsquo;a\u00e9roport d&rsquo;Alicante &#8211; Elche Pouvez-vous imaginer conduire jusqu&rsquo;\u00e0 l&rsquo;a\u00e9roport d&rsquo;Alicante dans votre propre voiture, sans d\u00e9pendre de taxis, de membres de la famille ou d&rsquo;amis pour vous y emmener, ni des transports en commun ? \u00c7a a l&rsquo;air g\u00e9nial, non ? Si vous \u00eates pr\u00e9occup\u00e9 [&hellip;]<\/p>\n","protected":false},"author":1,"featured_media":0,"parent":0,"menu_order":0,"comment_status":"closed","ping_status":"closed","template":"","meta":{"_et_pb_use_builder":"on","_et_pb_old_content":"","_et_gb_content_width":"","_monsterinsights_skip_tracking":false,"_monsterinsights_sitenote_active":false,"_monsterinsights_sitenote_note":"","_monsterinsights_sitenote_category":0,"footnotes":""},"class_list":["post-7543","page","type-page","status-publish","hentry"],"aioseo_notices":[],"_links":{"self":[{"href":"https:\/\/khanlowcostparking.com\/fr\/wp-json\/wp\/v2\/pages\/7543","targetHints":{"allow":["GET"]}}],"collection":[{"href":"https:\/\/khanlowcostparking.com\/fr\/wp-json\/wp\/v2\/pages"}],"about":[{"href":"https:\/\/khanlowcostparking.com\/fr\/wp-json\/wp\/v2\/types\/page"}],"author":[{"embeddable":true,"href":"https:\/\/khanlowcostparking.com\/fr\/wp-json\/wp\/v2\/users\/1"}],"replies":[{"embeddable":true,"href":"https:\/\/khanlowcostparking.com\/fr\/wp-json\/wp\/v2\/comments?post=7543"}],"version-history":[{"count":8,"href":"https:\/\/khanlowcostparking.com\/fr\/wp-json\/wp\/v2\/pages\/7543\/revisions"}],"predecessor-version":[{"id":9020,"href":"https:\/\/khanlowcostparking.com\/fr\/wp-json\/wp\/v2\/pages\/7543\/revisions\/9020"}],"wp:attachment":[{"href":"https:\/\/khanlowcostparking.com\/fr\/wp-json\/wp\/v2\/media?parent=7543"}],"curies":[{"name":"wp","href":"https:\/\/api.w.org\/{rel}","templated":true}]}}