{"id":7568,"date":"2023-06-27T19:08:07","date_gmt":"2023-06-27T19:08:07","guid":{"rendered":"https:\/\/khanlowcostparking.com\/reservations-valencia\/"},"modified":"2024-12-05T14:27:32","modified_gmt":"2024-12-05T14:27:32","slug":"reservations-valencia","status":"publish","type":"page","link":"https:\/\/khanlowcostparking.com\/fr\/reservations-valencia\/","title":{"rendered":"R\u00e9servations Valencia"},"content":{"rendered":"<p>[et_pb_section fb_built=\u00a0\u00bb1&Prime; admin_label=\u00a0\u00bbHero\u00a0\u00bb _builder_version=\u00a0\u00bb4.16&Prime; background_color=\u00a0\u00bb#1d4889&Prime; background_image=\u00a0\u00bbhttps:\/\/khanlowcostparking.com\/wp-content\/uploads\/2023\/06\/circle-background-pattern-1.png\u00a0\u00bb custom_padding=\u00a0\u00bb30px||30px|||\u00a0\u00bb animation_style=\u00a0\u00bbzoom\u00a0\u00bb animation_intensity_zoom=\u00a0\u00bb4%\u00a0\u00bb global_colors_info=\u00a0\u00bb{}\u00a0\u00bb][et_pb_row _builder_version=\u00a0\u00bb4.21.0&Prime; background_size=\u00a0\u00bbinitial\u00a0\u00bb background_position=\u00a0\u00bbtop_left\u00a0\u00bb background_repeat=\u00a0\u00bbrepeat\u00a0\u00bb custom_padding=\u00a0\u00bb|||\u00a0\u00bb animation_style=\u00a0\u00bbslide\u00a0\u00bb animation_direction=\u00a0\u00bbtop\u00a0\u00bb animation_intensity_slide=\u00a0\u00bb3%\u00a0\u00bb global_colors_info=\u00a0\u00bb{}\u00a0\u00bb][et_pb_column type=\u00a0\u00bb4_4&Prime; _builder_version=\u00a0\u00bb4.21.0&Prime; custom_padding=\u00a0\u00bb|||\u00a0\u00bb global_colors_info=\u00a0\u00bb{}\u00a0\u00bb custom_padding__hover=\u00a0\u00bb|||\u00a0\u00bb][et_pb_text _builder_version=\u00a0\u00bb4.21.0&Prime; text_font=\u00a0\u00bbMontserrat|500||on|||||\u00a0\u00bb text_text_color=\u00a0\u00bb#FFFFFF\u00a0\u00bb text_font_size=\u00a0\u00bb16px\u00a0\u00bb text_letter_spacing=\u00a0\u00bb3px\u00a0\u00bb background_size=\u00a0\u00bbinitial\u00a0\u00bb background_position=\u00a0\u00bbtop_left\u00a0\u00bb background_repeat=\u00a0\u00bbrepeat\u00a0\u00bb custom_margin=\u00a0\u00bb||45px|\u00a0\u00bb animation_style=\u00a0\u00bbslide\u00a0\u00bb animation_direction=\u00a0\u00bbbottom\u00a0\u00bb locked=\u00a0\u00bboff\u00a0\u00bb global_colors_info=\u00a0\u00bb{}\u00a0\u00bb]<\/p>\n<p>Khan Low Cost Parking<\/p>\n<p>[\/et_pb_text][et_pb_text _builder_version=\u00a0\u00bb4.21.2&Prime; text_font=\u00a0\u00bb||||||||\u00a0\u00bb text_text_color=\u00a0\u00bb#FFFFFF\u00a0\u00bb header_font=\u00a0\u00bbMontserrat|700||on|||||\u00a0\u00bb header_text_color=\u00a0\u00bb#FFFFFF\u00a0\u00bb header_font_size=\u00a0\u00bb40px\u00a0\u00bb header_line_height=\u00a0\u00bb1.3em\u00a0\u00bb background_size=\u00a0\u00bbinitial\u00a0\u00bb background_position=\u00a0\u00bbtop_left\u00a0\u00bb background_repeat=\u00a0\u00bbrepeat\u00a0\u00bb custom_margin=\u00a0\u00bb|||\u00a0\u00bb animation_style=\u00a0\u00bbfade\u00a0\u00bb header_font_size_tablet=\u00a0\u00bb52px\u00a0\u00bb header_font_size_phone=\u00a0\u00bb22px\u00a0\u00bb header_font_size_last_edited=\u00a0\u00bbon|desktop\u00a0\u00bb locked=\u00a0\u00bboff\u00a0\u00bb global_colors_info=\u00a0\u00bb{}\u00a0\u00bb]<\/p>\n<h1><a class=\"Jn5Ib__Hyperlink__link\">Parking \u00e0 l&rsquo;a\u00e9roport de Valence.<\/a><\/h1>\n<p>[\/et_pb_text][\/et_pb_column][\/et_pb_row][\/et_pb_section][et_pb_section fb_built=\u00a0\u00bb1&Prime; _builder_version=\u00a0\u00bb4.21.0&Prime; custom_margin=\u00a0\u00bb0px||||false|false\u00a0\u00bb custom_padding=\u00a0\u00bb0px|0px|30px|0px|false|false\u00a0\u00bb global_colors_info=\u00a0\u00bb{}\u00a0\u00bb][et_pb_row use_custom_gutter=\u00a0\u00bbon\u00a0\u00bb _builder_version=\u00a0\u00bb4.21.0&Prime; _module_preset=\u00a0\u00bbdefault\u00a0\u00bb width=\u00a0\u00bb99%\u00a0\u00bb max_width=\u00a0\u00bb100%\u00a0\u00bb module_alignment=\u00a0\u00bbcenter\u00a0\u00bb custom_margin=\u00a0\u00bb-33px|auto||auto||\u00a0\u00bb global_colors_info=\u00a0\u00bb{}\u00a0\u00bb][et_pb_column type=\u00a0\u00bb4_4&Prime; _builder_version=\u00a0\u00bb4.21.0&Prime; _module_preset=\u00a0\u00bbdefault\u00a0\u00bb global_colors_info=\u00a0\u00bb{}\u00a0\u00bb][et_pb_code _builder_version=\u00a0\u00bb4.21.2&Prime; _module_preset=\u00a0\u00bbdefault\u00a0\u00bb hover_enabled=\u00a0\u00bb0&Prime; global_colors_info=\u00a0\u00bb{}\u00a0\u00bb sticky_enabled=\u00a0\u00bb0&Prime;]<script> \n\n\t\t\tdocument.addEventListener(\"scroll\", function () {\n\t\t\t\tvar iframe = document.getElementById(\"parkingpro_booking_widgets_iframe\");\n\t\t\t\tvar rect = iframe.getBoundingClientRect();\n\t\t\t\tvar top_value = rect.top;\n\n\t\t\n\t\t\t\tiframe.contentWindow.postMessage({\n\t\t\t\t\tevent: \"parkingPro.widget.scroll\",\n\t\t\t\t\ttop: top_value\n\t\t\t\t}, \"*\");\n\t\t\t});\n\n\t\t\twindow.addEventListener(\"message\", function (e) { \n\t\t\t\tif(e.data.event === \"parkingPro.domain.reservationAdded\") {  \n\t    \t\tvar destination_url = \"https:\/\/khanlowcostparking.com\/gracias-por-su-reserva\/\";\n\t\t    \tif( e.data.reservation && e.data.reservation.location ) {\n\t\t    \t\tdestination_url += \"?\" + jQuery.param(e.data.reservation);\n\t\t    \t}\n\t\t    \twindow.location.href = destination_url;\n\t    \t}\n\n\t    \tif( e.data.event === \"parkingPro.ui.pageHeightChanged\" ) \n            {\n                jQuery(\"#parkingpro_booking_widgets_iframe\").height(e.data.newHeight + 50);\n            }\n\n\t\t\tif ( e.data.event === \"parkingPro.ui.scroll\" )\n\t\t\t{\n\t\t\t\tvar scrollAppendElements = jQuery(\"\");\n\n\t\t\t\tvar headerHeight = scrollAppendElements\n\t\t\t\t\t.map(function (x) { \n\t\t\t\t\t\treturn jQuery(this).outerHeight();\n\t\t\t\t\t})\n\t\t\t\t\t.get()\n\t\t\t\t\t.reduce(function (prev, curr) {\n\t\t\t\t\t\treturn prev + curr;\n\t\t\t\t\t}, 0);\n\n\t\t\t\tjQuery(\"html, body\").animate({\n\t        \t\tscrollTop: jQuery(\"#parkingpro_booking_widgets_iframe\").offset().top + e.data.scrollTop - headerHeight\n\t        \t}, 600); \n\t\t\t}\n            \n\t        }, false);<\/script><iframe loading=\"lazy\" id=\"parkingpro_booking_widgets_iframe\" style=\"width: 100%; src=\"about:blank\" padding: 0; border: 0;\" width=\"100%\" height=\"2200\" frameborder=\"0\" scrolling=\"yes\"><\/iframe><script>\n\n\t\t\ttry { \n\t\t\t\tvar iframe = document.querySelector('#parkingpro_booking_widgets_iframe');\n\t\t\t\tiframe.src = 'https:\/\/khanlowcostparkingvlc.myparking.pro\/reservations\/add?hideHeader&hideTitle&culture=fr-FR&returnUrl=https%3A%2F%2Fkhanlowcostparking.com%2Fgracias-por-su-reserva%2F';\n\t\t\t} \n\t\t\tcatch(e) {\n\t\t\t\tconsole.log(e);\n\t\t\t}\n\n\t\t<\/script>[\/et_pb_code][\/et_pb_column][\/et_pb_row][et_pb_row _builder_version=\u00a0\u00bb4.21.2&Prime; _module_preset=\u00a0\u00bbdefault\u00a0\u00bb global_colors_info=\u00a0\u00bb{}\u00a0\u00bb][et_pb_column type=\u00a0\u00bb4_4&Prime; _builder_version=\u00a0\u00bb4.21.2&Prime; _module_preset=\u00a0\u00bbdefault\u00a0\u00bb global_colors_info=\u00a0\u00bb{}\u00a0\u00bb][et_pb_text _builder_version=\u00a0\u00bb4.21.2&Prime; _module_preset=\u00a0\u00bbdefault\u00a0\u00bb header_2_line_height=\u00a0\u00bb1.3em\u00a0\u00bb global_colors_info=\u00a0\u00bb{}\u00a0\u00bb]<\/p>\n<h2>Parking \u00e0 l&rsquo;a\u00e9roport de Valence.<\/h2>\n<p>Pr\u00e9f\u00e9rez-vous conduire confortablement jusqu&rsquo;\u00e0 l&rsquo;a\u00e9roport de Valence dans votre propre voiture sans d\u00e9pendre des autres ou des transports en commun, et bien s\u00fbr, sans avoir \u00e0 payer un taxi ? Si la r\u00e9ponse est \u00ab\u00a0oui\u00a0\u00bb, mais vous vous inqui\u00e9tez de o\u00f9 vous garer, alors Khan Low Cost Parking est l&rsquo;endroit pour vous. Chez Khan Low Cost Parking, vous pouvez rapidement trouver des places de parking \u00e0 des prix tr\u00e8s abordables pour de courts et longs s\u00e9jours pr\u00e8s de l&rsquo;a\u00e9roport. Si vous r\u00e9servez avec nous, votre place sera garantie. Voyagez sans soucis et profitez de chaque moment gr\u00e2ce \u00e0 la s\u00e9curit\u00e9 offerte par Khan Low Cost Parking !<\/p>\n<p>Nous offrons :<\/p>\n<p>&#8211; Parking \u00e9conomique (low cost)<br \/>&#8211; Service de navette et voiturier<br \/>&#8211; Parking de longue dur\u00e9e<\/p>\n<p>L&rsquo;a\u00e9roport de Valence (code IATA : VLC) est situ\u00e9 \u00e0 8 km \u00e0 l&rsquo;ouest de Valence, entre les municipalit\u00e9s de Manises et Quart de Poblet. C&rsquo;est le dixi\u00e8me a\u00e9roport d&rsquo;Espagne en termes de nombre de passagers et il a contribu\u00e9 au d\u00e9veloppement \u00e9conomique de la r\u00e9gion. Principalement pour le trafic international, qui repr\u00e9sente 70 % du total, tandis que le trafic national a consid\u00e9rablement diminu\u00e9 ces derni\u00e8res ann\u00e9es. L&rsquo;a\u00e9roport a commenc\u00e9 \u00e0 fonctionner en 1933 et a am\u00e9lior\u00e9 ses installations au fil des ans, bien que les changements les plus importants aient eu lieu \u00e0 partir des ann\u00e9es 1980. En 1983, une nouvelle terminal passagers a \u00e9t\u00e9 inaugur\u00e9e, mais la plus grande r\u00e9novation de l&rsquo;a\u00e9roport a commenc\u00e9 en 2007, avec la premi\u00e8re extension comprenant une nouvelle terminal pour l&rsquo;aviation r\u00e9gionale, une autre terminal pour l&rsquo;aviation priv\u00e9e, ainsi que des extensions de pistes. En 2012, la deuxi\u00e8me extension a \u00e9t\u00e9 ouverte avec un autre b\u00e2timent terminal reli\u00e9 au principal avec plus de comptoirs d&rsquo;enregistrement, plus de places de stationnement, etc. L&rsquo;importance de cet a\u00e9roport et ses multiples connexions avec d&rsquo;autres a\u00e9roports tels que celui de Barcelone, Madrid Barajas Adolfo Su\u00e1rez, S\u00e9ville San Pablo, Murcie San Javier, Saint-S\u00e9bastien ou Palma de Majorque, garantissent une large gamme de services tels que des salons VIP, des salles de r\u00e9union, la location de voitures, le stationnement officiel ou le stationnement de longue dur\u00e9e en dehors du p\u00e9rim\u00e8tre de l&rsquo;a\u00e9roport.<\/p>\n<p>Vous avez plusieurs options disponibles pour stationner \u00e0 l&rsquo;a\u00e9roport de Valence, que vous pouvez r\u00e9server directement via notre site web. Vous pouvez opter pour le service de voiturier (service VIP) ou le service de navette, et \u00e9galement ajouter des services suppl\u00e9mentaires tels que le nettoyage int\u00e9rieur et ext\u00e9rieur de la voiture, le ravitaillement en carburant ou la recharge des v\u00e9hicules \u00e9lectriques.<\/p>\n<p>[\/et_pb_text][\/et_pb_column][\/et_pb_row][\/et_pb_section]<\/p>\n","protected":false},"excerpt":{"rendered":"<p>Khan Low Cost ParkingParking \u00e0 l&rsquo;a\u00e9roport de Valence.<script> \n\n\t\t\tdocument.addEventListener(\"scroll\", function () {\n\t\t\t\tvar iframe = document.getElementById(\"parkingpro_booking_widgets_iframe\");\n\t\t\t\tvar rect = iframe.getBoundingClientRect();\n\t\t\t\tvar top_value = rect.top;\n\n\t\t\n\t\t\t\tiframe.contentWindow.postMessage({\n\t\t\t\t\tevent: \"parkingPro.widget.scroll\",\n\t\t\t\t\ttop: top_value\n\t\t\t\t}, \"*\");\n\t\t\t});\n\n\t\t\twindow.addEventListener(\"message\", function (e) { \n\t\t\t\tif(e.data.event === \"parkingPro.domain.reservationAdded\") {  \n\t    \t\tvar destination_url = \"https:\/\/khanlowcostparking.com\/gracias-por-su-reserva\/\";\n\t\t    \tif( e.data.reservation && e.data.reservation.location ) {\n\t\t    \t\tdestination_url += \"?\" + jQuery.param(e.data.reservation);\n\t\t    \t}\n\t\t    \twindow.location.href = destination_url;\n\t    \t}\n\n\t    \tif( e.data.event === \"parkingPro.ui.pageHeightChanged\" ) \n            {\n                jQuery(\"#parkingpro_booking_widgets_iframe\").height(e.data.newHeight + 50);\n            }\n\n\t\t\tif ( e.data.event === \"parkingPro.ui.scroll\" )\n\t\t\t{\n\t\t\t\tvar scrollAppendElements = jQuery(\"\");\n\n\t\t\t\tvar headerHeight = scrollAppendElements\n\t\t\t\t\t.map(function (x) { \n\t\t\t\t\t\treturn jQuery(this).outerHeight();\n\t\t\t\t\t})\n\t\t\t\t\t.get()\n\t\t\t\t\t.reduce(function (prev, curr) {\n\t\t\t\t\t\treturn prev + curr;\n\t\t\t\t\t}, 0);\n\n\t\t\t\tjQuery(\"html, body\").animate({\n\t        \t\tscrollTop: jQuery(\"#parkingpro_booking_widgets_iframe\").offset().top + e.data.scrollTop - headerHeight\n\t        \t}, 600); \n\t\t\t}\n            \n\t        }, false);<\/script><iframe loading=\"lazy\" id=\"parkingpro_booking_widgets_iframe\" style=\"width: 100%; src=\"about:blank\" padding: 0; border: 0;\" width=\"100%\" height=\"2200\" frameborder=\"0\" scrolling=\"yes\"><\/iframe><script>\n\n\t\t\ttry { \n\t\t\t\tvar iframe = document.querySelector('#parkingpro_booking_widgets_iframe');\n\t\t\t\tiframe.src = 'https:\/\/khanlowcostparkingvlc.myparking.pro\/reservations\/add?hideHeader&hideTitle&culture=fr-FR&returnUrl=https%3A%2F%2Fkhanlowcostparking.com%2Fgracias-por-su-reserva%2F';\n\t\t\t} \n\t\t\tcatch(e) {\n\t\t\t\tconsole.log(e);\n\t\t\t}\n\n\t\t<\/script>Parking \u00e0 l&rsquo;a\u00e9roport de Valence. Pr\u00e9f\u00e9rez-vous conduire confortablement jusqu&rsquo;\u00e0 l&rsquo;a\u00e9roport de Valence dans votre propre voiture sans d\u00e9pendre des autres ou des transports en commun, et bien s\u00fbr, sans avoir \u00e0 payer un taxi ? Si la r\u00e9ponse est \u00ab\u00a0oui\u00a0\u00bb, mais vous vous inqui\u00e9tez [&hellip;]<\/p>\n","protected":false},"author":1,"featured_media":0,"parent":0,"menu_order":0,"comment_status":"closed","ping_status":"closed","template":"","meta":{"_et_pb_use_builder":"on","_et_pb_old_content":"","_et_gb_content_width":"","_monsterinsights_skip_tracking":false,"_monsterinsights_sitenote_active":false,"_monsterinsights_sitenote_note":"","_monsterinsights_sitenote_category":0,"footnotes":""},"class_list":["post-7568","page","type-page","status-publish","hentry"],"aioseo_notices":[],"_links":{"self":[{"href":"https:\/\/khanlowcostparking.com\/fr\/wp-json\/wp\/v2\/pages\/7568","targetHints":{"allow":["GET"]}}],"collection":[{"href":"https:\/\/khanlowcostparking.com\/fr\/wp-json\/wp\/v2\/pages"}],"about":[{"href":"https:\/\/khanlowcostparking.com\/fr\/wp-json\/wp\/v2\/types\/page"}],"author":[{"embeddable":true,"href":"https:\/\/khanlowcostparking.com\/fr\/wp-json\/wp\/v2\/users\/1"}],"replies":[{"embeddable":true,"href":"https:\/\/khanlowcostparking.com\/fr\/wp-json\/wp\/v2\/comments?post=7568"}],"version-history":[{"count":8,"href":"https:\/\/khanlowcostparking.com\/fr\/wp-json\/wp\/v2\/pages\/7568\/revisions"}],"predecessor-version":[{"id":9236,"href":"https:\/\/khanlowcostparking.com\/fr\/wp-json\/wp\/v2\/pages\/7568\/revisions\/9236"}],"wp:attachment":[{"href":"https:\/\/khanlowcostparking.com\/fr\/wp-json\/wp\/v2\/media?parent=7568"}],"curies":[{"name":"wp","href":"https:\/\/api.w.org\/{rel}","templated":true}]}}