{"id":7705,"date":"2023-06-27T18:51:10","date_gmt":"2023-06-27T18:51:10","guid":{"rendered":"https:\/\/khanlowcostparking.com\/services\/"},"modified":"2023-07-17T14:37:23","modified_gmt":"2023-07-17T14:37:23","slug":"services","status":"publish","type":"page","link":"https:\/\/khanlowcostparking.com\/fr\/services\/","title":{"rendered":"Services"},"content":{"rendered":"<p>[et_pb_section fb_built=\u00a0\u00bb1&Prime; _builder_version=\u00a0\u00bb4.21.0&Prime; _module_preset=\u00a0\u00bbdefault\u00a0\u00bb global_colors_info=\u00a0\u00bb{}\u00a0\u00bb][et_pb_row _builder_version=\u00a0\u00bb4.21.0&Prime; _module_preset=\u00a0\u00bbdefault\u00a0\u00bb global_colors_info=\u00a0\u00bb{}\u00a0\u00bb][et_pb_column type=\u00a0\u00bb4_4&Prime; _builder_version=\u00a0\u00bb4.21.0&Prime; _module_preset=\u00a0\u00bbdefault\u00a0\u00bb global_colors_info=\u00a0\u00bb{}\u00a0\u00bb][et_pb_text _builder_version=\u00a0\u00bb4.21.0&Prime; _module_preset=\u00a0\u00bbdefault\u00a0\u00bb text_font_size=\u00a0\u00bb16px\u00a0\u00bb global_colors_info=\u00a0\u00bb{}\u00a0\u00bb]<\/p>\n<h2>KhanLowCostParking offre plus qu&rsquo;un simple parking<\/h2>\n<p>&nbsp;<\/p>\n<p><span>Chez Khan LowCost Parking, nous nous effor\u00e7ons de satisfaire pleinement nos clients. Outre les formes de stationnement bien connues, telles que le service de voiturier, le stationnement par navette et le stationnement de longue dur\u00e9e, Khan LowCost Parking propose des services suppl\u00e9mentaires dans divers a\u00e9roports espagnols.<\/span><\/p>\n<p>[\/et_pb_text][\/et_pb_column][\/et_pb_row][et_pb_row column_structure=\u00a0\u00bb3_5,2_5&Prime; _builder_version=\u00a0\u00bb4.21.0&Prime; _module_preset=\u00a0\u00bbdefault\u00a0\u00bb custom_padding=\u00a0\u00bb||3px|||\u00a0\u00bb global_colors_info=\u00a0\u00bb{}\u00a0\u00bb][et_pb_column type=\u00a0\u00bb3_5&Prime; _builder_version=\u00a0\u00bb4.21.0&Prime; _module_preset=\u00a0\u00bbdefault\u00a0\u00bb global_colors_info=\u00a0\u00bb{}\u00a0\u00bb][et_pb_text _builder_version=\u00a0\u00bb4.21.0&Prime; _module_preset=\u00a0\u00bbdefault\u00a0\u00bb text_font_size=\u00a0\u00bb16px\u00a0\u00bb global_colors_info=\u00a0\u00bb{}\u00a0\u00bb]<\/p>\n<h3>Station de lavage ext\u00e9rieure<\/h3>\n<p>&nbsp;<\/p>\n<p><span>Avoir une voiture propre pendant votre voyage pr\u00e9sente de nombreux avantages. Il rehausse l&rsquo;apparence de votre v\u00e9hicule et vous donne un sentiment de fiert\u00e9 et de confiance. Une voiture propre offre \u00e9galement une meilleure visibilit\u00e9 et une plus grande s\u00e9curit\u00e9 sur la route. Un lavage r\u00e9gulier prot\u00e8ge la carrosserie des dommages et contribue \u00e0 lui conserver son \u00e9clat d&rsquo;origine. En outre, une voiture propre peut avoir une valeur de revente plus \u00e9lev\u00e9e. Chez KhanLowCostParking, notre service de lavage professionnel garantit que votre v\u00e9hicule re\u00e7oit les soins qu&rsquo;il m\u00e9rite. Veuillez contacter notre service client\u00e8le pour de plus amples informations ou des demandes sp\u00e9ciales.<\/span><\/p>\n<p>[\/et_pb_text][\/et_pb_column][et_pb_column type=\u00a0\u00bb2_5&Prime; _builder_version=\u00a0\u00bb4.21.0&Prime; _module_preset=\u00a0\u00bbdefault\u00a0\u00bb global_colors_info=\u00a0\u00bb{}\u00a0\u00bb][et_pb_image src=\u00a0\u00bbhttps:\/\/khanlowcostparking.com\/wp-content\/uploads\/2023\/06\/LowCostParking-Aeropuerto-Alicante.jpeg\u00a0\u00bb title_text=\u00a0\u00bbLowCostParking A\u00e9roport de Valence\u00a0\u00bb _builder_version=\u00a0\u00bb4.21.0&Prime; _module_preset=\u00a0\u00bbdefault\u00a0\u00bb global_colors_info=\u00a0\u00bb{}\u00a0\u00bb][\/et_pb_image][\/et_pb_column][\/et_pb_row][et_pb_row column_structure=\u00a0\u00bb2_5,3_5&Prime; _builder_version=\u00a0\u00bb4.21.0&Prime; _module_preset=\u00a0\u00bbdefault\u00a0\u00bb global_colors_info=\u00a0\u00bb{}\u00a0\u00bb][et_pb_column type=\u00a0\u00bb2_5&Prime; _builder_version=\u00a0\u00bb4.21.0&Prime; _module_preset=\u00a0\u00bbdefault\u00a0\u00bb global_colors_info=\u00a0\u00bb{}\u00a0\u00bb][et_pb_image src=\u00a0\u00bbhttps:\/\/khanlowcostparking.com\/wp-content\/uploads\/2023\/06\/LowCostParking-Aeropuerto-Valencia.jpeg\u00a0\u00bb title_text=\u00a0\u00bbLowCostParking A\u00e9roport de Valence\u00a0\u00bb _builder_version=\u00a0\u00bb4.21.0&Prime; _module_preset=\u00a0\u00bbdefault\u00a0\u00bb global_colors_info=\u00a0\u00bb{}\u00a0\u00bb][\/et_pb_image][\/et_pb_column][et_pb_column type=\u00a0\u00bb3_5&Prime; _builder_version=\u00a0\u00bb4.21.0&Prime; _module_preset=\u00a0\u00bbdefault\u00a0\u00bb global_colors_info=\u00a0\u00bb{}\u00a0\u00bb][et_pb_text _builder_version=\u00a0\u00bb4.21.0&Prime; _module_preset=\u00a0\u00bbdefault\u00a0\u00bb text_font_size=\u00a0\u00bb16px\u00a0\u00bb global_colors_info=\u00a0\u00bb{}\u00a0\u00bb]<\/p>\n<h3><span>Lavage int\u00e9rieur des voitures<\/span><\/h3>\n<p>&nbsp;<\/p>\n<p><span>Souhaitez-vous que nous nettoyions l&rsquo;int\u00e9rieur de votre voiture pendant votre voyage ? Pas de probl\u00e8me ! Notre \u00e9quipe de professionnels effectuera un nettoyage complet de l&rsquo;int\u00e9rieur. Un int\u00e9rieur propre offre plusieurs avantages, tels qu&rsquo;une meilleure qualit\u00e9 de l&rsquo;air, une exp\u00e9rience de conduite plus confortable, une plus longue dur\u00e9e de vie du v\u00e9hicule et une plus grande satisfaction. Chez KhanLowCostParking, nous comprenons l&rsquo;importance d&rsquo;un int\u00e9rieur propre et nous sommes pr\u00eats \u00e0 faire en sorte que votre voiture soit impeccable \u00e0 l&rsquo;int\u00e9rieur comme \u00e0 l&rsquo;ext\u00e9rieur. Veuillez contacter notre service client\u00e8le pour plus d&rsquo;informations.<\/span><\/p>\n<p>[\/et_pb_text][\/et_pb_column][\/et_pb_row][et_pb_row column_structure=\u00a0\u00bb3_5,2_5&Prime; _builder_version=\u00a0\u00bb4.21.0&Prime; _module_preset=\u00a0\u00bbdefault\u00a0\u00bb custom_padding=\u00a0\u00bb||3px|||\u00a0\u00bb global_colors_info=\u00a0\u00bb{}\u00a0\u00bb][et_pb_column type=\u00a0\u00bb3_5&Prime; _builder_version=\u00a0\u00bb4.21.0&Prime; _module_preset=\u00a0\u00bbdefault\u00a0\u00bb global_colors_info=\u00a0\u00bb{}\u00a0\u00bb][et_pb_text _builder_version=\u00a0\u00bb4.21.0&Prime; _module_preset=\u00a0\u00bbdefault\u00a0\u00bb text_font_size=\u00a0\u00bb16px\u00a0\u00bb global_colors_info=\u00a0\u00bb{}\u00a0\u00bb]<\/p>\n<h3><span>Parking couvert<\/span><\/h3>\n<p><span><\/span><\/p>\n<p><span><\/span><\/p>\n<p><span>Vous pr\u00e9voyez de voyager pendant une longue p\u00e9riode et vous ne voulez pas laisser votre voiture gar\u00e9e \u00e0 l&rsquo;ext\u00e9rieur pendant ce temps ? Dans ce cas, il vous suffit de choisir l&rsquo;option parking couvert chez nous. Nous vous recommandons vivement de garer votre v\u00e9hicule \u00e0 l&rsquo;abri afin de le prot\u00e9ger des intemp\u00e9ries telles que le soleil, la gr\u00eale et les poussi\u00e8res fines. Il constitue \u00e9galement un niveau de s\u00e9curit\u00e9 suppl\u00e9mentaire pour votre voiture.<\/span><\/p>\n<p>[\/et_pb_text][\/et_pb_column][et_pb_column type=\u00a0\u00bb2_5&Prime; _builder_version=\u00a0\u00bb4.21.0&Prime; _module_preset=\u00a0\u00bbdefault\u00a0\u00bb global_colors_info=\u00a0\u00bb{}\u00a0\u00bb][et_pb_image src=\u00a0\u00bbhttps:\/\/khanlowcostparking.com\/wp-content\/uploads\/2023\/06\/Schermafbeelding-2023-06-27-om-10.27.41.png\u00a0\u00bb title_text=\u00a0\u00bbParking \u00e0 bas prix Valencia VLC\u00a0\u00bb _builder_version=\u00a0\u00bb4.21.0&Prime; _module_preset=\u00a0\u00bbdefault\u00a0\u00bb global_colors_info=\u00a0\u00bb{}\u00a0\u00bb][\/et_pb_image][\/et_pb_column][\/et_pb_row][et_pb_row column_structure=\u00a0\u00bb2_5,3_5&Prime; _builder_version=\u00a0\u00bb4.21.0&Prime; _module_preset=\u00a0\u00bbdefault\u00a0\u00bb custom_padding=\u00a0\u00bb58px|||||\u00a0\u00bb global_colors_info=\u00a0\u00bb{}\u00a0\u00bb][et_pb_column type=\u00a0\u00bb2_5&Prime; _builder_version=\u00a0\u00bb4.21.0&Prime; _module_preset=\u00a0\u00bbdefault\u00a0\u00bb global_colors_info=\u00a0\u00bb{}\u00a0\u00bb][et_pb_image src=\u00a0\u00bbhttps:\/\/khanlowcostparking.com\/wp-content\/uploads\/2023\/06\/KhanValet.jpeg\u00a0\u00bb title_text=\u00a0\u00bbKhanValet\u00a0\u00bb _builder_version=\u00a0\u00bb4.21.0&Prime; _module_preset=\u00a0\u00bbdefault\u00a0\u00bb global_colors_info=\u00a0\u00bb{}\u00a0\u00bb][\/et_pb_image][\/et_pb_column][et_pb_column type=\u00a0\u00bb3_5&Prime; _builder_version=\u00a0\u00bb4.21.0&Prime; _module_preset=\u00a0\u00bbdefault\u00a0\u00bb global_colors_info=\u00a0\u00bb{}\u00a0\u00bb][et_pb_text _builder_version=\u00a0\u00bb4.21.0&Prime; _module_preset=\u00a0\u00bbdefault\u00a0\u00bb text_font_size=\u00a0\u00bb16px\u00a0\u00bb global_colors_info=\u00a0\u00bb{}\u00a0\u00bb]<\/p>\n<h3><span>Service de voiturier (valet)<\/span><\/h3>\n<p><span><\/span><\/p>\n<p><span><\/span><\/p>\n<p><span>Le service de voiturier est pratique et vous permet d&rsquo;\u00e9conomiser du temps et des efforts. Avec le service de voiturier, vous pouvez d\u00e9poser et r\u00e9cup\u00e9rer votre v\u00e9hicule \u00e0 l&rsquo;entr\u00e9e de votre destination. Il vous \u00e9vite de trouver une place de parking et vous offre une s\u00e9curit\u00e9 suppl\u00e9mentaire gr\u00e2ce \u00e0 des chauffeurs professionnels. Que vous soyez \u00e0 mobilit\u00e9 r\u00e9duite ou que vous ayez des bagages lourds, le service de voiturier vous permet de vous garer sans effort. Profitez d&rsquo;une exp\u00e9rience transparente, concentrez-vous sur vos activit\u00e9s sans vous soucier de la logistique du stationnement.<\/span><\/p>\n<p>[\/et_pb_text][\/et_pb_column][\/et_pb_row][\/et_pb_section]<\/p>\n","protected":false},"excerpt":{"rendered":"<p>KhanLowCostParking offre plus qu&rsquo;un simple parking &nbsp; Chez Khan LowCost Parking, nous nous effor\u00e7ons de satisfaire pleinement nos clients. Outre les formes de stationnement bien connues, telles que le service de voiturier, le stationnement par navette et le stationnement de longue dur\u00e9e, Khan LowCost Parking propose des services suppl\u00e9mentaires dans divers a\u00e9roports espagnols.Station de lavage [&hellip;]<\/p>\n","protected":false},"author":1,"featured_media":0,"parent":0,"menu_order":0,"comment_status":"closed","ping_status":"closed","template":"","meta":{"_et_pb_use_builder":"on","_et_pb_old_content":"","_et_gb_content_width":"","_monsterinsights_skip_tracking":false,"_monsterinsights_sitenote_active":false,"_monsterinsights_sitenote_note":"","_monsterinsights_sitenote_category":0,"footnotes":""},"class_list":["post-7705","page","type-page","status-publish","hentry"],"aioseo_notices":[],"_links":{"self":[{"href":"https:\/\/khanlowcostparking.com\/fr\/wp-json\/wp\/v2\/pages\/7705","targetHints":{"allow":["GET"]}}],"collection":[{"href":"https:\/\/khanlowcostparking.com\/fr\/wp-json\/wp\/v2\/pages"}],"about":[{"href":"https:\/\/khanlowcostparking.com\/fr\/wp-json\/wp\/v2\/types\/page"}],"author":[{"embeddable":true,"href":"https:\/\/khanlowcostparking.com\/fr\/wp-json\/wp\/v2\/users\/1"}],"replies":[{"embeddable":true,"href":"https:\/\/khanlowcostparking.com\/fr\/wp-json\/wp\/v2\/comments?post=7705"}],"version-history":[{"count":2,"href":"https:\/\/khanlowcostparking.com\/fr\/wp-json\/wp\/v2\/pages\/7705\/revisions"}],"predecessor-version":[{"id":7707,"href":"https:\/\/khanlowcostparking.com\/fr\/wp-json\/wp\/v2\/pages\/7705\/revisions\/7707"}],"wp:attachment":[{"href":"https:\/\/khanlowcostparking.com\/fr\/wp-json\/wp\/v2\/media?parent=7705"}],"curies":[{"name":"wp","href":"https:\/\/api.w.org\/{rel}","templated":true}]}}