{"id":7720,"date":"2023-06-27T18:53:43","date_gmt":"2023-06-27T18:53:43","guid":{"rendered":"https:\/\/khanlowcostparking.com\/a-propos-de-nous\/"},"modified":"2023-07-17T14:39:29","modified_gmt":"2023-07-17T14:39:29","slug":"a-propos-de-nous","status":"publish","type":"page","link":"https:\/\/khanlowcostparking.com\/fr\/a-propos-de-nous\/","title":{"rendered":"A propos de nous"},"content":{"rendered":"<p>[et_pb_section fb_built=\u00a0\u00bb1&Prime; _builder_version=\u00a0\u00bb4.21.0&Prime; _module_preset=\u00a0\u00bbdefault\u00a0\u00bb custom_padding=\u00a0\u00bb||208px|||\u00a0\u00bb global_colors_info=\u00a0\u00bb{}\u00a0\u00bb][et_pb_row _builder_version=\u00a0\u00bb4.21.0&Prime; _module_preset=\u00a0\u00bbdefault\u00a0\u00bb background_image=\u00a0\u00bbhttps:\/\/khanlowcostparking.com\/wp-content\/uploads\/2023\/06\/Valencia-Khan.jpg\u00a0\u00bb custom_margin=\u00a0\u00bb|346px|-7px|auto||\u00a0\u00bb custom_padding=\u00a0\u00bb|0px|3px|||\u00a0\u00bb global_colors_info=\u00a0\u00bb{}\u00a0\u00bb][et_pb_column type=\u00a0\u00bb4_4&Prime; _builder_version=\u00a0\u00bb4.21.0&Prime; _module_preset=\u00a0\u00bbdefault\u00a0\u00bb global_colors_info=\u00a0\u00bb{}\u00a0\u00bb][et_pb_text _builder_version=\u00a0\u00bb4.21.0&Prime; _module_preset=\u00a0\u00bbdefault\u00a0\u00bb text_text_color=\u00a0\u00bb#FFFFFF\u00a0\u00bb text_font_size=\u00a0\u00bb14px\u00a0\u00bb header_text_color=\u00a0\u00bb#FFFFFF\u00a0\u00bb background_color=\u00a0\u00bb#1d4889&Prime; width=\u00a0\u00bb62.5%\u00a0\u00bb min_height=\u00a0\u00bb390.2px\u00a0\u00bb custom_margin=\u00a0\u00bb187px|-65px|-109px|656px||\u00a0\u00bb custom_padding=\u00a0\u00bb0px|0px|23px|11px||\u00a0\u00bb hover_enabled=\u00a0\u00bb0&Prime; box_shadow_style=\u00a0\u00bbpreset1&Prime; global_colors_info=\u00a0\u00bb{}\u00a0\u00bb sticky_enabled=\u00a0\u00bb0&Prime; custom_margin_last_edited=\u00a0\u00bbon|phone\u00a0\u00bb custom_padding_last_edited=\u00a0\u00bbon|tablet\u00a0\u00bb custom_margin_tablet=\u00a0\u00bb54px|||40px|false|false\u00a0\u00bb custom_padding_tablet=\u00a0\u00bb|20px||20px|false|true\u00a0\u00bb custom_padding_phone=\u00a0\u00bb|20px||20px|false|true\u00a0\u00bb custom_margin_phone=\u00a0\u00bb40px|||20px|false|false\u00a0\u00bb]<\/p>\n<h1><span style=\"color: #ffffff;\"><strong><\/strong><\/span><\/h1>\n<h1><span style=\"color: #ffffff;\"><strong><\/strong><\/span><\/h1>\n<h1><span style=\"color: #ffffff;\"><strong><\/strong><\/span><\/h1>\n<h1><span style=\"color: #ffffff;\"><strong>A propos de KhanLowCostParking<\/strong><\/span><\/h1>\n<h1><\/h1>\n<p>Bienvenue \u00e0 KhanLowCostParking ! Nous sommes une entreprise de premier plan sp\u00e9cialis\u00e9e dans la fourniture de services de stationnement de haute qualit\u00e9 et abordables. Avec une \u00e9quipe de professionnels enthousiastes, nous nous effor\u00e7ons de rendre votre exp\u00e9rience du stationnement facile et sans souci.<\/p>\n<p>Chez KhanLowCostParking, nous comprenons que le stationnement est un \u00e9l\u00e9ment essentiel de votre voyage, que ce soit pour les affaires ou pour le plaisir. C&rsquo;est pourquoi nous avons con\u00e7u nos services en tenant compte de vos besoins. Nous proposons un large \u00e9ventail d&rsquo;options de stationnement, depuis les s\u00e9jours de courte dur\u00e9e jusqu&rsquo;\u00e0 l&rsquo;entreposage de longue dur\u00e9e, afin que vous puissiez toujours trouver l&rsquo;option qui convient \u00e0 votre voyage.<\/p>\n<p>Ce qui nous distingue, c&rsquo;est notre engagement en faveur de la qualit\u00e9 et de la satisfaction du client. Nous nous effor\u00e7ons de vous fournir un excellent service, du moment o\u00f9 vous nous confiez votre voiture jusqu&rsquo;au moment o\u00f9 vous repartez. Notre personnel exp\u00e9riment\u00e9 est toujours pr\u00eat \u00e0 vous aider et \u00e0 r\u00e9pondre \u00e0 vos questions, afin que vous puissiez poursuivre votre voyage en toute s\u00e9r\u00e9nit\u00e9.<\/p>\n<p>Chez KhanLowCostParking, nous accordons \u00e9galement de l&rsquo;importance \u00e0 la s\u00e9curit\u00e9 de votre v\u00e9hicule. Nos parkings sont dot\u00e9s de syst\u00e8mes de s\u00e9curit\u00e9 avanc\u00e9s, notamment de cam\u00e9ras de surveillance et d&rsquo;un syst\u00e8me de contr\u00f4le 24 heures sur 24, de sorte que vous pouvez \u00eatre s\u00fbr que votre voiture est entre de bonnes mains. Nous faisons tout ce qui est en notre pouvoir pour assurer la s\u00e9curit\u00e9 de votre v\u00e9hicule pendant votre absence.<\/p>\n<p>Mais nous sommes plus qu&rsquo;une entreprise de stationnement. Nous nous effor\u00e7ons d&rsquo;avoir un impact positif sur les communaut\u00e9s dans lesquelles nous op\u00e9rons. C&rsquo;est pourquoi nous participons \u00e0 divers projets sociaux et soutenons des initiatives locales qui contribuent \u00e0 un monde durable et meilleur.<\/p>\n<p>Chez KhanLowCostParking, nous pensons que le stationnement ne doit pas \u00eatre une source de stress. Nous souhaitons am\u00e9liorer votre exp\u00e9rience de voyage en vous proposant des services de stationnement abordables, fiables et de haute qualit\u00e9. Que vous soyez en voyage d&rsquo;affaires, en vacances ou en d\u00e9placement, nous sommes l\u00e0 pour r\u00e9pondre \u00e0 vos besoins en mati\u00e8re de stationnement.<\/p>\n<p>Merci de faire confiance \u00e0 KhanLowCostParking. Nous sommes impatients de vous servir et de rendre votre exp\u00e9rience du stationnement aussi agr\u00e9able que possible.<\/p>\n<p>[\/et_pb_text][\/et_pb_column][\/et_pb_row][\/et_pb_section]<\/p>\n","protected":false},"excerpt":{"rendered":"<p>A propos de KhanLowCostParking Bienvenue \u00e0 KhanLowCostParking ! Nous sommes une entreprise de premier plan sp\u00e9cialis\u00e9e dans la fourniture de services de stationnement de haute qualit\u00e9 et abordables. Avec une \u00e9quipe de professionnels enthousiastes, nous nous effor\u00e7ons de rendre votre exp\u00e9rience du stationnement facile et sans souci. Chez KhanLowCostParking, nous comprenons que le stationnement est [&hellip;]<\/p>\n","protected":false},"author":1,"featured_media":0,"parent":0,"menu_order":0,"comment_status":"closed","ping_status":"closed","template":"","meta":{"_et_pb_use_builder":"on","_et_pb_old_content":"","_et_gb_content_width":"","_monsterinsights_skip_tracking":false,"_monsterinsights_sitenote_active":false,"_monsterinsights_sitenote_note":"","_monsterinsights_sitenote_category":0,"footnotes":""},"class_list":["post-7720","page","type-page","status-publish","hentry"],"aioseo_notices":[],"_links":{"self":[{"href":"https:\/\/khanlowcostparking.com\/fr\/wp-json\/wp\/v2\/pages\/7720","targetHints":{"allow":["GET"]}}],"collection":[{"href":"https:\/\/khanlowcostparking.com\/fr\/wp-json\/wp\/v2\/pages"}],"about":[{"href":"https:\/\/khanlowcostparking.com\/fr\/wp-json\/wp\/v2\/types\/page"}],"author":[{"embeddable":true,"href":"https:\/\/khanlowcostparking.com\/fr\/wp-json\/wp\/v2\/users\/1"}],"replies":[{"embeddable":true,"href":"https:\/\/khanlowcostparking.com\/fr\/wp-json\/wp\/v2\/comments?post=7720"}],"version-history":[{"count":2,"href":"https:\/\/khanlowcostparking.com\/fr\/wp-json\/wp\/v2\/pages\/7720\/revisions"}],"predecessor-version":[{"id":7722,"href":"https:\/\/khanlowcostparking.com\/fr\/wp-json\/wp\/v2\/pages\/7720\/revisions\/7722"}],"wp:attachment":[{"href":"https:\/\/khanlowcostparking.com\/fr\/wp-json\/wp\/v2\/media?parent=7720"}],"curies":[{"name":"wp","href":"https:\/\/api.w.org\/{rel}","templated":true}]}}