{"id":7735,"date":"2023-06-27T18:53:04","date_gmt":"2023-06-27T18:53:04","guid":{"rendered":"https:\/\/khanlowcostparking.com\/questions-frequemment-posees\/"},"modified":"2023-07-17T14:56:22","modified_gmt":"2023-07-17T14:56:22","slug":"questions-frequemment-posees","status":"publish","type":"page","link":"https:\/\/khanlowcostparking.com\/fr\/questions-frequemment-posees\/","title":{"rendered":"Questions fr\u00e9quemment pos\u00e9es"},"content":{"rendered":"<p>[et_pb_section fb_built=\u00a0\u00bb1&Prime; _builder_version=\u00a0\u00bb4.21.0&Prime; _module_preset=\u00a0\u00bbdefault\u00a0\u00bb global_colors_info=\u00a0\u00bb{}\u00a0\u00bb][et_pb_row column_structure=\u00a0\u00bb3_5,2_5&Prime; _builder_version=\u00a0\u00bb4.21.0&Prime; _module_preset=\u00a0\u00bbdefault\u00a0\u00bb global_colors_info=\u00a0\u00bb{}\u00a0\u00bb][et_pb_column type=\u00a0\u00bb3_5&Prime; _builder_version=\u00a0\u00bb4.21.0&Prime; _module_preset=\u00a0\u00bbdefault\u00a0\u00bb global_colors_info=\u00a0\u00bb{}\u00a0\u00bb][et_pb_accordion open_toggle_text_color=\u00a0\u00bb#FFFFFF\u00a0\u00bb open_toggle_background_color=\u00a0\u00bb#f64f1f\u00a0\u00bb closed_toggle_text_color=\u00a0\u00bb#FFFFFF\u00a0\u00bb closed_toggle_background_color=\u00a0\u00bb#1d4889&Prime; icon_color=\u00a0\u00bb#FFFFFF\u00a0\u00bb _builder_version=\u00a0\u00bb4.21.0&Prime; _module_preset=\u00a0\u00bbdefault\u00a0\u00bb toggle_text_color=\u00a0\u00bb#FFFFFF\u00a0\u00bb toggle_level=\u00a0\u00bbh3&Prime; body_text_color=\u00a0\u00bb#000000&Prime; body_font_size=\u00a0\u00bb15px\u00a0\u00bb hover_enabled=\u00a0\u00bb0&Prime; global_colors_info=\u00a0\u00bb{}\u00a0\u00bb toggle_line_height=\u00a0\u00bb1.1em\u00a0\u00bb sticky_enabled=\u00a0\u00bb0&Prime; toggle_font_size_last_edited=\u00a0\u00bbon|phone\u00a0\u00bb toggle_font_size_phone=\u00a0\u00bb21px\u00a0\u00bb][et_pb_accordion_item title=\u00a0\u00bbQuels sont les horaires d&#039;ouverture de KhanLowCostParking ?\u00a0\u00bb open=\u00a0\u00bboff\u00a0\u00bb _builder_version=\u00a0\u00bb4.21.0&Prime; _module_preset=\u00a0\u00bbdefault\u00a0\u00bb global_colors_info=\u00a0\u00bb{}\u00a0\u00bb]<\/p>\n<p><span>Ouvert 24 heures sur 24, 7 jours sur 7<\/span><\/p>\n<p>[\/et_pb_accordion_item][et_pb_accordion_item title=\u00a0\u00bbQuelle est l&#039;adresse de KhanLowCostParking ?\u00a0\u00bb _builder_version=\u00a0\u00bb4.21.0&Prime; _module_preset=\u00a0\u00bbdefault\u00a0\u00bb global_colors_info=\u00a0\u00bb{}\u00a0\u00bb open=\u00a0\u00bboff\u00a0\u00bb]<\/p>\n<ul>\n<li>Valencia\n<ul>\n<li><span>Carrer Burjasot, 7, 46940 Manises, Valencia, Spain<\/span><span><\/span><\/li>\n<\/ul>\n<\/li>\n<li><span>Alicante<\/span>\n<ul>\n<li>\n<div class=\"place-desc-large\">\n<div jstcache=\"25\" class=\"address\" jsan=\"7.address\">Partida Torrellano Alto, 1069, 03320 Elche, Alicante, Spain<\/div>\n<\/div>\n<p><span><\/span><\/p>\n<\/li>\n<\/ul>\n<\/li>\n<\/ul>\n<p>[\/et_pb_accordion_item][et_pb_accordion_item title=\u00a0\u00bbCombien de temps dure le transfert du parking \u00e0 l&#039;a\u00e9roport ?\u00a0\u00bb _builder_version=\u00a0\u00bb4.21.0&Prime; _module_preset=\u00a0\u00bbdefault\u00a0\u00bb global_colors_info=\u00a0\u00bb{}\u00a0\u00bb open=\u00a0\u00bbon\u00a0\u00bb]<\/p>\n<ul>\n<li>Valence : <span>3 minutes<\/span><\/li>\n<li>Alicante : 4 <span>minutes<\/span><\/li>\n<\/ul>\n<p>[\/et_pb_accordion_item][et_pb_accordion_item title=\u00a0\u00bbDisposez-vous de moyens de transport sp\u00e9ciaux pour les personnes handicap\u00e9es ou de si\u00e8ges pour enfants ?\u00a0\u00bb _builder_version=\u00a0\u00bb4.21.0&Prime; _module_preset=\u00a0\u00bbdefault\u00a0\u00bb global_colors_info=\u00a0\u00bb{}\u00a0\u00bb open=\u00a0\u00bboff\u00a0\u00bb][\/et_pb_accordion_item][et_pb_accordion_item title=\u00a0\u00bbComment puis-je me rendre \u00e0 KhanLowCostParking ?\u00a0\u00bb _builder_version=\u00a0\u00bb4.21.0&Prime; _module_preset=\u00a0\u00bbdefault\u00a0\u00bb global_colors_info=\u00a0\u00bb{}\u00a0\u00bb open=\u00a0\u00bboff\u00a0\u00bb]<\/p>\n<ul>\n<li>Valencia\n<ul>\n<li><span>Vous pouvez nous contacter par courrier \u00e9lectronique \u00e0 l&rsquo;adresse suivante<\/span> <a href=\"mailto:info@khanlowcostparking.com\" target=\"_new\" rel=\"noopener\">info@khanlowcostparking.com<\/a><span>par t\u00e9l\u00e9phone au 961524657, ou par WhatsApp au 663763997.<\/span><\/li>\n<\/ul>\n<\/li>\n<li><span>Alicante<\/span>\n<ul>\n<li><span>Vous pouvez nous contacter par courriel \u00e0 l&rsquo;adresse <a href=\"mailto:alicante@khanlowcostparking.com\">alicante@khanlowcostparking.com<\/a>, par t\u00e9l\u00e9phone au 961524657 ou par WhatsApp au 663763997.<\/span><\/li>\n<\/ul>\n<\/li>\n<\/ul>\n<p>[\/et_pb_accordion_item][et_pb_accordion_item title=\u00a0\u00bbComment fonctionne le service Valet Parking ?\u00a0\u00bb _builder_version=\u00a0\u00bb4.21.0&Prime; _module_preset=\u00a0\u00bbdefault\u00a0\u00bb global_colors_info=\u00a0\u00bb{}\u00a0\u00bb open=\u00a0\u00bboff\u00a0\u00bb]<\/p>\n<p><span>D\u00e8s votre arriv\u00e9e \u00e0 l&rsquo;a\u00e9roport, un voiturier vous accueillera et s&rsquo;occupera de votre v\u00e9hicule. Il la garera dans un endroit s\u00fbr pendant que vous vous dirigez vers la zone d&rsquo;enregistrement. \u00c0 votre retour de voyage, vous pouvez contacter le service de voiturier, qui r\u00e9cup\u00e9rera votre voiture et la pr\u00e9parera pour vous dans la zone de prise en charge d\u00e9sign\u00e9e. <\/span><\/p>\n<p>[\/et_pb_accordion_item][et_pb_accordion_item title=\u00a0\u00bbComment fonctionne le service de stationnement avec navette ?\u00a0\u00bb _builder_version=\u00a0\u00bb4.21.0&Prime; _module_preset=\u00a0\u00bbdefault\u00a0\u00bb global_colors_info=\u00a0\u00bb{}\u00a0\u00bb open=\u00a0\u00bboff\u00a0\u00bb]<\/p>\n<p><span>Chez KhanLowCostParking, vous garez votre v\u00e9hicule dans leur parking et prenez ensuite la navette jusqu&rsquo;au terminal de l&rsquo;a\u00e9roport. Lorsque vous rentrez, KhanLowCostParking envoie une navette depuis le parking jusqu&rsquo;\u00e0 l&rsquo;a\u00e9roport pour vous r\u00e9cup\u00e9rer et vous ramener au parking. De cette fa\u00e7on, vous b\u00e9n\u00e9ficiez d&rsquo;un transport confortable et rapide aller-retour vers l&rsquo;a\u00e9roport.<\/span><\/p>\n<p>[\/et_pb_accordion_item][et_pb_accordion_item title=\u00a0\u00bbQu&#039;est-ce que le stationnement de longue dur\u00e9e ?\u00a0\u00bb _builder_version=\u00a0\u00bb4.21.0&Prime; _module_preset=\u00a0\u00bbdefault\u00a0\u00bb global_colors_info=\u00a0\u00bb{}\u00a0\u00bb open=\u00a0\u00bboff\u00a0\u00bb]<\/p>\n<p><span>Le stationnement de longue dur\u00e9e est un abonnement de 6 ou 12 mois qui vous permet de garer votre voiture. Vous avez la flexibilit\u00e9 de r\u00e9cup\u00e9rer et de d\u00e9poser votre voiture plusieurs fois pendant cette p\u00e9riode.<\/span><\/p>\n<p>[\/et_pb_accordion_item][et_pb_accordion_item title=\u00a0\u00bbComment puis-je souscrire \u00e0 un abonnement ?\u00a0\u00bb _builder_version=\u00a0\u00bb4.21.0&Prime; _module_preset=\u00a0\u00bbdefault\u00a0\u00bb global_colors_info=\u00a0\u00bb{}\u00a0\u00bb open=\u00a0\u00bboff\u00a0\u00bb]<\/p>\n<p><span>Vous pouvez souscrire \u00e0 un abonnement par courrier \u00e9lectronique ou par t\u00e9l\u00e9phone. Nous vous contacterons personnellement pour conna\u00eetre vos pr\u00e9f\u00e9rences et besoins.<\/span><\/p>\n<p>[\/et_pb_accordion_item][et_pb_accordion_item title=\u00a0\u00bbDois-je remettre mes cl\u00e9s au parking ?\u00a0\u00bb _builder_version=\u00a0\u00bb4.21.0&Prime; _module_preset=\u00a0\u00bbdefault\u00a0\u00bb global_colors_info=\u00a0\u00bb{}\u00a0\u00bb open=\u00a0\u00bboff\u00a0\u00bb]<\/p>\n<p><span>Chez KhanLowCostParking, nous r\u00e9cup\u00e9rons vos cl\u00e9s afin de pouvoir stationner votre voiture de mani\u00e8re optimale. Parfois, il est n\u00e9cessaire de d\u00e9placer les v\u00e9hicules \u00e0 l&rsquo;int\u00e9rieur de nos installations de stationnement, en particulier lorsque notre stationnement principal est complet ou lorsqu&rsquo;un stationnement couvert a \u00e9t\u00e9 r\u00e9serv\u00e9. Nous vous assurons que nous traitons votre voiture avec le plus grand soin et que vos cl\u00e9s sont conserv\u00e9es en toute s\u00e9curit\u00e9. <\/span><\/p>\n<p>[\/et_pb_accordion_item][\/et_pb_accordion][\/et_pb_column][et_pb_column type=\u00a0\u00bb2_5&Prime; _builder_version=\u00a0\u00bb4.21.0&Prime; _module_preset=\u00a0\u00bbdefault\u00a0\u00bb global_colors_info=\u00a0\u00bb{}\u00a0\u00bb][et_pb_image src=\u00a0\u00bbhttps:\/\/khanlowcostparking.com\/wp-content\/uploads\/2023\/06\/KhanLowCostparkinggate.jpeg\u00a0\u00bb title_text=\u00a0\u00bbLa porte de KhanLowCostParking.\u00a0\u00bb _builder_version=\u00a0\u00bb4.21.0&Prime; _module_preset=\u00a0\u00bbdefault\u00a0\u00bb global_colors_info=\u00a0\u00bb{}\u00a0\u00bb][\/et_pb_image][et_pb_image src=\u00a0\u00bbhttps:\/\/khanlowcostparking.com\/wp-content\/uploads\/2023\/06\/KhanLowCostparkingoffice.jpeg\u00a0\u00bb title_text=\u00a0\u00bbLe bureau de KhanLowCostParking.\u00a0\u00bb _builder_version=\u00a0\u00bb4.21.0&Prime; _module_preset=\u00a0\u00bbdefault\u00a0\u00bb global_colors_info=\u00a0\u00bb{}\u00a0\u00bb][\/et_pb_image][\/et_pb_column][\/et_pb_row][\/et_pb_section]<\/p>\n","protected":false},"excerpt":{"rendered":"<p>Ouvert 24 heures sur 24, 7 jours sur 7 Valencia Carrer Burjasot, 7, 46940 Manises, Valencia, Spain Alicante Partida Torrellano Alto, 1069, 03320 Elche, Alicante, Spain Valence : 3 minutes Alicante : 4 minutes Valencia Vous pouvez nous contacter par courrier \u00e9lectronique \u00e0 l&rsquo;adresse suivante info@khanlowcostparking.compar t\u00e9l\u00e9phone au 961524657, ou par WhatsApp au 663763997. Alicante [&hellip;]<\/p>\n","protected":false},"author":1,"featured_media":0,"parent":0,"menu_order":0,"comment_status":"closed","ping_status":"closed","template":"","meta":{"_et_pb_use_builder":"on","_et_pb_old_content":"","_et_gb_content_width":"","_monsterinsights_skip_tracking":false,"_monsterinsights_sitenote_active":false,"_monsterinsights_sitenote_note":"","_monsterinsights_sitenote_category":0,"footnotes":""},"class_list":["post-7735","page","type-page","status-publish","hentry"],"aioseo_notices":[],"_links":{"self":[{"href":"https:\/\/khanlowcostparking.com\/fr\/wp-json\/wp\/v2\/pages\/7735","targetHints":{"allow":["GET"]}}],"collection":[{"href":"https:\/\/khanlowcostparking.com\/fr\/wp-json\/wp\/v2\/pages"}],"about":[{"href":"https:\/\/khanlowcostparking.com\/fr\/wp-json\/wp\/v2\/types\/page"}],"author":[{"embeddable":true,"href":"https:\/\/khanlowcostparking.com\/fr\/wp-json\/wp\/v2\/users\/1"}],"replies":[{"embeddable":true,"href":"https:\/\/khanlowcostparking.com\/fr\/wp-json\/wp\/v2\/comments?post=7735"}],"version-history":[{"count":2,"href":"https:\/\/khanlowcostparking.com\/fr\/wp-json\/wp\/v2\/pages\/7735\/revisions"}],"predecessor-version":[{"id":7737,"href":"https:\/\/khanlowcostparking.com\/fr\/wp-json\/wp\/v2\/pages\/7735\/revisions\/7737"}],"wp:attachment":[{"href":"https:\/\/khanlowcostparking.com\/fr\/wp-json\/wp\/v2\/media?parent=7735"}],"curies":[{"name":"wp","href":"https:\/\/api.w.org\/{rel}","templated":true}]}}