{"id":7574,"date":"2023-06-27T19:08:07","date_gmt":"2023-06-27T19:08:07","guid":{"rendered":"https:\/\/khanlowcostparking.com\/prenotazioni-valencia\/"},"modified":"2024-12-05T14:28:32","modified_gmt":"2024-12-05T14:28:32","slug":"prenotazioni-valencia","status":"publish","type":"page","link":"https:\/\/khanlowcostparking.com\/it\/prenotazioni-valencia\/","title":{"rendered":"Prenotazioni Valencia"},"content":{"rendered":"<p>[et_pb_section fb_built=&#8221;1&#8243; admin_label=&#8221;Hero&#8221; _builder_version=&#8221;4.16&#8243; background_color=&#8221;#1d4889&#8243; background_image=&#8221;https:\/\/khanlowcostparking.com\/wp-content\/uploads\/2023\/06\/circle-background-pattern-1.png&#8221; custom_padding=&#8221;30px||30px|||&#8221; animation_style=&#8221;zoom&#8221; animation_intensity_zoom=&#8221;4%&#8221; global_colors_info=&#8221;{}&#8221;][et_pb_row _builder_version=&#8221;4.21.0&#8243; background_size=&#8221;initial&#8221; background_position=&#8221;top_left&#8221; background_repeat=&#8221;repeat&#8221; custom_padding=&#8221;|||&#8221; animation_style=&#8221;slide&#8221; animation_direction=&#8221;top&#8221; animation_intensity_slide=&#8221;3%&#8221; global_colors_info=&#8221;{}&#8221;][et_pb_column type=&#8221;4_4&#8243; _builder_version=&#8221;4.21.0&#8243; custom_padding=&#8221;|||&#8221; global_colors_info=&#8221;{}&#8221; custom_padding__hover=&#8221;|||&#8221;][et_pb_text _builder_version=&#8221;4.21.0&#8243; text_font=&#8221;Montserrat|500||on|||||&#8221; text_text_color=&#8221;#FFFFFF&#8221; text_font_size=&#8221;16px&#8221; text_letter_spacing=&#8221;3px&#8221; background_size=&#8221;initial&#8221; background_position=&#8221;top_left&#8221; background_repeat=&#8221;repeat&#8221; custom_margin=&#8221;||45px|&#8221; animation_style=&#8221;slide&#8221; animation_direction=&#8221;bottom&#8221; locked=&#8221;off&#8221; global_colors_info=&#8221;{}&#8221;]<\/p>\n<p>Khan Low Cost Parking<\/p>\n<p>[\/et_pb_text][et_pb_text _builder_version=&#8221;4.21.2&#8243; text_font=&#8221;||||||||&#8221; text_text_color=&#8221;#FFFFFF&#8221; header_font=&#8221;Montserrat|700||on|||||&#8221; header_text_color=&#8221;#FFFFFF&#8221; header_font_size=&#8221;40px&#8221; header_line_height=&#8221;1.3em&#8221; background_size=&#8221;initial&#8221; background_position=&#8221;top_left&#8221; background_repeat=&#8221;repeat&#8221; custom_margin=&#8221;|||&#8221; animation_style=&#8221;fade&#8221; header_font_size_tablet=&#8221;52px&#8221; header_font_size_phone=&#8221;22px&#8221; header_font_size_last_edited=&#8221;on|desktop&#8221; locked=&#8221;off&#8221; global_colors_info=&#8221;{}&#8221;]<\/p>\n<h1><a class=\"Jn5Ib__Hyperlink__link\">Parcheggio dell&#8217;aeroporto di Valencia<\/a><\/h1>\n<p>[\/et_pb_text][\/et_pb_column][\/et_pb_row][\/et_pb_section][et_pb_section fb_built=&#8221;1&#8243; _builder_version=&#8221;4.21.0&#8243; custom_margin=&#8221;0px||||false|false&#8221; custom_padding=&#8221;0px|0px|30px|0px|false|false&#8221; global_colors_info=&#8221;{}&#8221;][et_pb_row use_custom_gutter=&#8221;on&#8221; _builder_version=&#8221;4.21.0&#8243; _module_preset=&#8221;default&#8221; width=&#8221;99%&#8221; max_width=&#8221;100%&#8221; module_alignment=&#8221;center&#8221; custom_margin=&#8221;-33px|auto||auto||&#8221; global_colors_info=&#8221;{}&#8221;][et_pb_column type=&#8221;4_4&#8243; _builder_version=&#8221;4.21.0&#8243; _module_preset=&#8221;default&#8221; global_colors_info=&#8221;{}&#8221;][et_pb_code _builder_version=&#8221;4.21.2&#8243; _module_preset=&#8221;default&#8221; hover_enabled=&#8221;0&#8243; global_colors_info=&#8221;{}&#8221; sticky_enabled=&#8221;0&#8243;]<script> \n\n\t\t\tdocument.addEventListener(\"scroll\", function () {\n\t\t\t\tvar iframe = document.getElementById(\"parkingpro_booking_widgets_iframe\");\n\t\t\t\tvar rect = iframe.getBoundingClientRect();\n\t\t\t\tvar top_value = rect.top;\n\n\t\t\n\t\t\t\tiframe.contentWindow.postMessage({\n\t\t\t\t\tevent: \"parkingPro.widget.scroll\",\n\t\t\t\t\ttop: top_value\n\t\t\t\t}, \"*\");\n\t\t\t});\n\n\t\t\twindow.addEventListener(\"message\", function (e) { \n\t\t\t\tif(e.data.event === \"parkingPro.domain.reservationAdded\") {  \n\t    \t\tvar destination_url = \"https:\/\/khanlowcostparking.com\/gracias-por-su-reserva\/\";\n\t\t    \tif( e.data.reservation && e.data.reservation.location ) {\n\t\t    \t\tdestination_url += \"?\" + jQuery.param(e.data.reservation);\n\t\t    \t}\n\t\t    \twindow.location.href = destination_url;\n\t    \t}\n\n\t    \tif( e.data.event === \"parkingPro.ui.pageHeightChanged\" ) \n            {\n                jQuery(\"#parkingpro_booking_widgets_iframe\").height(e.data.newHeight + 50);\n            }\n\n\t\t\tif ( e.data.event === \"parkingPro.ui.scroll\" )\n\t\t\t{\n\t\t\t\tvar scrollAppendElements = jQuery(\"\");\n\n\t\t\t\tvar headerHeight = scrollAppendElements\n\t\t\t\t\t.map(function (x) { \n\t\t\t\t\t\treturn jQuery(this).outerHeight();\n\t\t\t\t\t})\n\t\t\t\t\t.get()\n\t\t\t\t\t.reduce(function (prev, curr) {\n\t\t\t\t\t\treturn prev + curr;\n\t\t\t\t\t}, 0);\n\n\t\t\t\tjQuery(\"html, body\").animate({\n\t        \t\tscrollTop: jQuery(\"#parkingpro_booking_widgets_iframe\").offset().top + e.data.scrollTop - headerHeight\n\t        \t}, 600); \n\t\t\t}\n            \n\t        }, false);<\/script><iframe loading=\"lazy\" id=\"parkingpro_booking_widgets_iframe\" style=\"width: 100%; src=\"about:blank\" padding: 0; border: 0;\" width=\"100%\" height=\"2200\" frameborder=\"0\" scrolling=\"yes\"><\/iframe><script>\n\n\t\t\ttry { \n\t\t\t\tvar iframe = document.querySelector('#parkingpro_booking_widgets_iframe');\n\t\t\t\tiframe.src = 'https:\/\/khanlowcostparkingvlc.myparking.pro\/reservations\/add?hideHeader&hideTitle&culture=it-IT&returnUrl=https%3A%2F%2Fkhanlowcostparking.com%2Fgracias-por-su-reserva%2F';\n\t\t\t} \n\t\t\tcatch(e) {\n\t\t\t\tconsole.log(e);\n\t\t\t}\n\n\t\t<\/script>[\/et_pb_code][\/et_pb_column][\/et_pb_row][et_pb_row _builder_version=&#8221;4.21.2&#8243; _module_preset=&#8221;default&#8221; global_colors_info=&#8221;{}&#8221;][et_pb_column type=&#8221;4_4&#8243; _builder_version=&#8221;4.21.2&#8243; _module_preset=&#8221;default&#8221; global_colors_info=&#8221;{}&#8221;][et_pb_text _builder_version=&#8221;4.21.2&#8243; _module_preset=&#8221;default&#8221; header_2_line_height=&#8221;1.3em&#8221; global_colors_info=&#8221;{}&#8221;]<\/p>\n<h2>Parcheggio presso l&#8217;aeroporto di Valencia<\/h2>\n<p>\u00a1Claro que s\u00ed! Conducir c\u00f3modamente hasta el aeropuerto de Valencia en tu propio coche sin depender de otros o del transporte p\u00fablico suena como una gran opci\u00f3n. Si la risposta \u00e8 &#8220;s\u00ec&#8221;, ma sei preoccupato su dove parcheggiare, allora Khan Low Cost Parking \u00e8 il posto giusto per te. En Khan Low Cost Parking, puoi trovare rapidamente e a prezzi molto convenienti posti auto per brevi e lunghi soggiorni vicino all&#8217;aeroporto. Se prenoti con noi, il tuo posto sar\u00e0 garantito. \u00a1Viaja sin preocupaciones y disfruta de cada momento gracias a la seguridad que Khan Low Cost Parking ofrece!<\/p>\n<p>Come posso aiutarti riguardo a ci\u00f2 che offri?<\/p>\n<p>&#8211; Parcheggio economico (low cost)<br \/>&#8211; Servizio di navetta e valet<br \/>&#8211; Parcheggio a lunga durata<\/p>\n<p>L&#8217;aeroporto di Valencia (codice IATA: VLC) si trova a 8 km a ovest di Valencia, tra i comuni di Manises e Quart de Poblet. \u00c8 il decimo aeroporto della Spagna per numero di passeggeri e ha contribuito allo sviluppo economico della zona. Principalmente per il traffico internazionale, che rappresenta il 70% del totale, mentre il traffico nazionale \u00e8 diminuito drasticamente negli ultimi anni. L&#8217;aeroporto ha iniziato le sue operazioni nel 1933 e ha migliorato le sue strutture nel corso degli anni, sebbene i cambiamenti pi\u00f9 significativi siano avvenuti a partire dagli anni &#8217;80. Nel 1983 \u00e8 stata inaugurata una nuova terminal passeggeri, ma la pi\u00f9 grande ristrutturazione dell&#8217;aeroporto \u00e8 iniziata nel 2007, con la prima espansione che includeva una nuova terminal per l&#8217;aviazione regionale, un&#8217;altra terminal per l&#8217;aviazione privata, oltre a estensioni delle piste. Nel 2012 \u00e8 stata aperta la seconda espansione con un altro edificio terminale collegato a quello principale con pi\u00f9 banchi di check-in, pi\u00f9 posti auto, ecc. L&#8217;importanza di questo aeroporto e le sue molteplici connessioni con altri aeroporti come quello di Barcellona, Madrid Barajas Adolfo Su\u00e1rez, Siviglia San Pablo, Murcia San Javier, San Sebasti\u00e1n o Palma de Mallorca, garantiscono una vasta gamma di servizi come sale VIP, sale riunioni, noleggio auto, parcheggio ufficiale o parcheggio a lunga sosta fuori dall&#8217;area dell&#8217;aeroporto.<\/p>\n<p>Hai diverse opzioni disponibili per il parcheggio presso l&#8217;aeroporto di Valencia, che puoi prenotare direttamente tramite il nostro sito web. Puoi scegliere il servizio di parcheggio con valet (servizio VIP) o il servizio di navetta e anche aggiungere servizi aggiuntivi come pulizia esterna e interna dell&#8217;auto, rifornimento di carburante o ricarica dei veicoli elettrici.<\/p>\n<p>[\/et_pb_text][\/et_pb_column][\/et_pb_row][\/et_pb_section]<\/p>\n","protected":false},"excerpt":{"rendered":"<p>Khan Low Cost ParkingParcheggio dell&#8217;aeroporto di Valencia<script> \n\n\t\t\tdocument.addEventListener(\"scroll\", function () {\n\t\t\t\tvar iframe = document.getElementById(\"parkingpro_booking_widgets_iframe\");\n\t\t\t\tvar rect = iframe.getBoundingClientRect();\n\t\t\t\tvar top_value = rect.top;\n\n\t\t\n\t\t\t\tiframe.contentWindow.postMessage({\n\t\t\t\t\tevent: \"parkingPro.widget.scroll\",\n\t\t\t\t\ttop: top_value\n\t\t\t\t}, \"*\");\n\t\t\t});\n\n\t\t\twindow.addEventListener(\"message\", function (e) { \n\t\t\t\tif(e.data.event === \"parkingPro.domain.reservationAdded\") {  \n\t    \t\tvar destination_url = \"https:\/\/khanlowcostparking.com\/gracias-por-su-reserva\/\";\n\t\t    \tif( e.data.reservation && e.data.reservation.location ) {\n\t\t    \t\tdestination_url += \"?\" + jQuery.param(e.data.reservation);\n\t\t    \t}\n\t\t    \twindow.location.href = destination_url;\n\t    \t}\n\n\t    \tif( e.data.event === \"parkingPro.ui.pageHeightChanged\" ) \n            {\n                jQuery(\"#parkingpro_booking_widgets_iframe\").height(e.data.newHeight + 50);\n            }\n\n\t\t\tif ( e.data.event === \"parkingPro.ui.scroll\" )\n\t\t\t{\n\t\t\t\tvar scrollAppendElements = jQuery(\"\");\n\n\t\t\t\tvar headerHeight = scrollAppendElements\n\t\t\t\t\t.map(function (x) { \n\t\t\t\t\t\treturn jQuery(this).outerHeight();\n\t\t\t\t\t})\n\t\t\t\t\t.get()\n\t\t\t\t\t.reduce(function (prev, curr) {\n\t\t\t\t\t\treturn prev + curr;\n\t\t\t\t\t}, 0);\n\n\t\t\t\tjQuery(\"html, body\").animate({\n\t        \t\tscrollTop: jQuery(\"#parkingpro_booking_widgets_iframe\").offset().top + e.data.scrollTop - headerHeight\n\t        \t}, 600); \n\t\t\t}\n            \n\t        }, false);<\/script><iframe loading=\"lazy\" id=\"parkingpro_booking_widgets_iframe\" style=\"width: 100%; src=\"about:blank\" padding: 0; border: 0;\" width=\"100%\" height=\"2200\" frameborder=\"0\" scrolling=\"yes\"><\/iframe><script>\n\n\t\t\ttry { \n\t\t\t\tvar iframe = document.querySelector('#parkingpro_booking_widgets_iframe');\n\t\t\t\tiframe.src = 'https:\/\/khanlowcostparkingvlc.myparking.pro\/reservations\/add?hideHeader&hideTitle&culture=it-IT&returnUrl=https%3A%2F%2Fkhanlowcostparking.com%2Fgracias-por-su-reserva%2F';\n\t\t\t} \n\t\t\tcatch(e) {\n\t\t\t\tconsole.log(e);\n\t\t\t}\n\n\t\t<\/script>Parcheggio presso l&#8217;aeroporto di Valencia \u00a1Claro que s\u00ed! Conducir c\u00f3modamente hasta el aeropuerto de Valencia en tu propio coche sin depender de otros o del transporte p\u00fablico suena como una gran opci\u00f3n. Si la risposta \u00e8 &#8220;s\u00ec&#8221;, ma sei preoccupato su dove parcheggiare, allora Khan [&hellip;]<\/p>\n","protected":false},"author":1,"featured_media":0,"parent":0,"menu_order":0,"comment_status":"closed","ping_status":"closed","template":"","meta":{"_et_pb_use_builder":"on","_et_pb_old_content":"","_et_gb_content_width":"","_monsterinsights_skip_tracking":false,"_monsterinsights_sitenote_active":false,"_monsterinsights_sitenote_note":"","_monsterinsights_sitenote_category":0,"footnotes":""},"class_list":["post-7574","page","type-page","status-publish","hentry"],"aioseo_notices":[],"_links":{"self":[{"href":"https:\/\/khanlowcostparking.com\/it\/wp-json\/wp\/v2\/pages\/7574","targetHints":{"allow":["GET"]}}],"collection":[{"href":"https:\/\/khanlowcostparking.com\/it\/wp-json\/wp\/v2\/pages"}],"about":[{"href":"https:\/\/khanlowcostparking.com\/it\/wp-json\/wp\/v2\/types\/page"}],"author":[{"embeddable":true,"href":"https:\/\/khanlowcostparking.com\/it\/wp-json\/wp\/v2\/users\/1"}],"replies":[{"embeddable":true,"href":"https:\/\/khanlowcostparking.com\/it\/wp-json\/wp\/v2\/comments?post=7574"}],"version-history":[{"count":8,"href":"https:\/\/khanlowcostparking.com\/it\/wp-json\/wp\/v2\/pages\/7574\/revisions"}],"predecessor-version":[{"id":9237,"href":"https:\/\/khanlowcostparking.com\/it\/wp-json\/wp\/v2\/pages\/7574\/revisions\/9237"}],"wp:attachment":[{"href":"https:\/\/khanlowcostparking.com\/it\/wp-json\/wp\/v2\/media?parent=7574"}],"curies":[{"name":"wp","href":"https:\/\/api.w.org\/{rel}","templated":true}]}}