{"id":7619,"date":"2023-06-28T19:57:39","date_gmt":"2023-06-28T19:57:39","guid":{"rendered":"https:\/\/khanlowcostparking.com\/terminos-y-condiciones\/"},"modified":"2023-07-14T15:12:00","modified_gmt":"2023-07-14T15:12:00","slug":"terminos-y-condiciones","status":"publish","type":"page","link":"https:\/\/khanlowcostparking.com\/it\/terminos-y-condiciones\/","title":{"rendered":"T\u00e9rminos y condiciones"},"content":{"rendered":"<p>[et_pb_section fb_built=&#8221;1&#8243; _builder_version=&#8221;4.21.0&#8243; _module_preset=&#8221;default&#8221; global_colors_info=&#8221;{}&#8221;][et_pb_row _builder_version=&#8221;4.21.0&#8243; _module_preset=&#8221;default&#8221; global_colors_info=&#8221;{}&#8221;][et_pb_column type=&#8221;4_4&#8243; _builder_version=&#8221;4.21.0&#8243; _module_preset=&#8221;default&#8221; global_colors_info=&#8221;{}&#8221;][et_pb_text _builder_version=&#8221;4.21.0&#8243; _module_preset=&#8221;default&#8221; text_text_color=&#8221;#FFFFFF&#8221; background_color=&#8221;#1d488a&#8221; hover_enabled=&#8221;0&#8243; global_colors_info=&#8221;{}&#8221; custom_padding=&#8221;30px|25px|30px|25px|true|true&#8221; sticky_enabled=&#8221;0&#8243;]<\/p>\n<p><strong>CONDICIONES GENERALES DEL SERVICIO \u2013 CAR LOW COST PARKING S.L \u2013 B16610933<\/strong><\/p>\n<p><strong>Todo usuario que desee acceder a la contrataci\u00f3n del servicio primero debe leer y aceptar las Condiciones Generales del Servicio que se detallan a continuaci\u00f3n, una vez hecha la reserva se entiende aceptadas todas las condiciones aqu\u00ed estipuladas.<\/strong><\/p>\n<p>INFORMACI\u00d3N GENERAL: Las presentes condiciones Generales de Contrato y Servicio suponen la regulaci\u00f3n general de los servicios prestados por KHAN PARKING , que es el nombre comercial de CAR LOW COST PARKING S.L,<\/p>\n<ol>\n<li>OBJETO DEL CONTRATO: El Contrato tiene por objeto regular las condiciones generales de prestaci\u00f3n de los servicios ofrecidos por KHAN PARKING a trav\u00e9s de www.khanlowcostparking.com, www.parkingkhan.com , (en adelante, el \u201cPORTAL\u201c), del servicio de reservas online, telef\u00f3nico y a trav\u00e9s de intermediarios como puede ser las agencias de viajes, u otros portales de Internet.<\/li>\n<\/ol>\n<p>Estos servicios pueden ser contratados por los clientes directamente o a trav\u00e9s de unos intermediarios que solicitan el servicio en nombre de los clientes. Estos intermediarios (en adelante, el \u201cSOLICITANTE\u201d) podr\u00e1n ser personas f\u00edsicas o jur\u00eddicas, que podr\u00e1n tener unas condiciones particulares para la contrataci\u00f3n del servicio, pero que en todo caso ser\u00e1n adicionales y en ning\u00fan caso podr\u00e1n anular o ser contrarias a ninguna de las condiciones aqu\u00ed contenidas.<\/p>\n<ol start=\"2\">\n<li>IDENTIFICACI\u00d3N DE LAS PARTES CONTRATANTES: Las presentes condiciones Generales de Contrato y Servicio ofrecido por KHAN PARKING son suscritas de una parte, por la entidad CAR LOW COST PARKING S.L , , con domicilio en Calle Granada 18 Esc A pta 7, C.P 46006 Valencia. Y, de otra parte, el cliente (en adelante, el \u201cCLIENTE\u201c), persona f\u00edsica que ha podido realizar la reserva por distintos medios, y que cede la responsabilidad del veh\u00edculo a KHAN PARKING en el momento de formalizar el contrato. Por un lado tenemos los clientes que han realizado la reserva a trav\u00e9s del PORTAL y cuyos datos han sido introducidos por ellos mismos a la hora de realizar la reserva, y en \u00faltima instancia han sido consignados por ellos mismos, por los que la responsabilidad sobre la autenticidad de los mismos corresponde, directa y exclusivamente a ellos mismos. Por otro lado, existen otros clientes que han realizado la reserva v\u00eda telef\u00f3nica, por agencias de viaje y por otros intermediarios cuyos datos han sido manipulados por terceros (agentes de viajes, empleados de KHAN PARKING) y que por tanto no son fehacientes. Por todo ello en el momento de realizar la reserva el cliente acepta las condiciones del servicio, el cliente antes de entregar el coche debe comprobar todos los datos que aparecen en el resguardo del vehiculo que se le entrega e informar de cualquier error, una vez a aceptado las condiciones del servicio el cliente estar\u00e1 dando por bueno todos los datos que aparezcan y ser\u00e1 responsabilidad suya cualquier da\u00f1o y perjuicio que pudiera acarrear a KHAN PARKING o un tercero que se desprendan de un error en esos datos.<\/li>\n<li>CONDICIONES DE USO Y RESPONSABILIDADES: El CLIENTE certifica en todo momento que est\u00e1 capacitado para conceder a KHAN PARKING el encargo del veh\u00edculo en todo momento mientras dure el servicio, quedando bajo su responsabilidad el responder por los posibles da\u00f1os y perjuicios producidos a KHAN PARKING o a un tercero por el incumplimiento de esto y mal estado del coche del cliente. El CLIENTE certifica que en la duraci\u00f3n del servicio, y mientras el veh\u00edculo se encuentra bajo la custodia de KHAN PARKING, el veh\u00edculo cumple con todos los aspectos legales que debe cumplir bajo el marco de la legislaci\u00f3n Espa\u00f1ola. Si el CLIENTE incumple esta obligaci\u00f3n queda bajo su responsabilidad el responder por los posibles da\u00f1os y perjuicios producidos a KHAN PARKING o a un tercero. KHAN PARKING realiza la custodia de su veh\u00edculo en cualquiera de las instalaciones propias o alquiladas. Una vez recepcionado el veh\u00edculo, el personal contratado por KHAN PARKING llevara su veh\u00edculo a un recinto privado subterr\u00e1neo; para proceder a los servicios contratados. El CLIENTE autoriza los desplazamientos y cuantas acciones sean necesarias para poder realizar estos servicios de parking de larga y corta estancia.<\/li>\n<li>RECOGIDA: KHAN PARKING no ser\u00e1 responsable de los retrasos que pueda provocar a los clientes por la espera en la recepci\u00f3n del veh\u00edculo o por la espera en la devoluci\u00f3n del veh\u00edculo, que puedan ocasionar da\u00f1os o perjuicios a los clientes, por lo tanto declina toda responsabilidad. Los clientes deben tener en cuenta que tienen que llegar con un margen suficiente para poder realizar todas las operaciones con KHAN PARKING sin que estas puedan suponer un perjuicio para ellos e indicar todos los desperfectos. . Debido a las aglomeraciones, a los distintos horarios de recogida del vehiculo, a las inclemencias climatologicas, el parte de da\u00f1os y el CFEV (Certificado Fotogr\u00e1fico del Estado del Veh\u00edculo) LO TIENE QUE REALIZAR EL CLIENTE ANTES DE DEJAR LAS LLAVES AL PERSONAL DE KHAN PARKING.<\/li>\n<\/ol>\n<p>KHAN PARKING no se hace responsable de los desperfectos del vehiculo que aparecen en el Certificado Fotografico del Estado del Vehiculo ni de los accesorios fijos y\/o extra\u00edbles as\u00ed como los objetos que se encuentran en el interior del veh\u00edculo, si su existencia no ha sido comunicada a nuestro personal en el momento de la recepci\u00f3n del veh\u00edculo, verificado la existencia y el funcionamiento por nuestro personal. Considerando expresamente que no se ha dejado en el veh\u00edculo accesorio u objeto alg\u00fan en caso de no declararse. KHAN PARKING no se hace responsable de ning\u00fan da\u00f1o del vehiculo despues de la devolucion de este.<\/p>\n<ol start=\"5\">\n<li>SEGURO: La parte contratante declara poseer el seguro de su coche vigente y autoriza a KHAN PARKING el desplazamiento de su coche desde el aeropuerto de Manises, hasta las instalaciones de KHAN PARKING. Ante un eventual accidente en circulaci\u00f3n, causado por un tercero, ser\u00e1 este quien cubra los da\u00f1os ocasionados al veh\u00edculo. KHAN PARKING no se hace responsable ante ning\u00fan da\u00f1o de tipo mec\u00e1nico del coche.<\/li>\n<li>CALCULO DEL VALOR DEL SERVICIO: Al momento de calcular el valor de su servicio el sistema tendr\u00e1: 24 horas para calcular 1 d\u00eda, mas 2 horas de cortes\u00eda el d\u00eda final, si pasa estas 2 horas se cobra d\u00eda adicional. El valor del servicio por n\u00famero de d\u00edas se encuentra publicado en nuestra web.<\/li>\n<li>DEVOLUCI\u00d3N: La modificaci\u00f3n de horarios y\/o vuelos, por motivos de retraso puede suponer esperas de hasta 1 hora y\/o recargos en el importe final, que puede suponer incremento de 8\u20ac por retraso de vuelos que generen espera de nuestros conductores al momento de la devoluci\u00f3n del veh\u00edculo fuera del horario pactado, Debido a la concentraci\u00f3n de ondas electromagn\u00e9ticas y radiofrecuencias en la zona aeroportuaria y estaciones de tren no nos hacemos responsables del mal funcionamiento de GPS, llaves y mandos de coches, alarmas, inmovilizadores y otros dispositivos electr\u00f3nicos. Despu\u00e9s de la retirada del veh\u00edculo por parte del CLIENTE, KHAN PARKING no admite reclamaciones del estado del veh\u00edculo.<\/li>\n<li>LLAVES.<\/li>\n<\/ol>\n<p>KHAN PARKING tiene el derecho de pedir las llaves al cliente por la organizaci\u00f3n del parking, si el CLIENTE niega a dar la llave puede tener un suplemento por llevar su llave consigo.<\/p>\n<ol start=\"9\">\n<li>IDIOMA: Las presentes Condiciones de Contrato y Servicio se ofrecen en idioma espa\u00f1ol. KHAN PARKING no se hace responsable de aquellos da\u00f1os o perjuicios que pudieran ocasionar al CLIENTE o a tercero por la no compresi\u00f3n de los mismos.<\/li>\n<\/ol>\n<p>&nbsp;<\/p>\n<ol start=\"10\">\n<li>RECLAMACIONES: KHAN PARKING no admite reclamaciones sobre el estado del veh\u00edculo y sobre los servicios extras realizados por KHAN PARKING despu\u00e9s de la devoluci\u00f3n de este. Cualquier reclamaci\u00f3n sobre el pago y justificantes de pago ser\u00e1 dirigidas al correo electr\u00f3nico info@khanlowcostparking.com, llamando al tel\u00e9fono 663763997 &#8211; 961524657 o por correo ordinario a CAR LOW COST PARKING , S.L. C.I.F B16610933. Calle Granada 18 Esc A pta 7 (Dpto. de Atenci\u00f3n al cliente).<\/li>\n<li>LEY APLICABLE: Las presentes condiciones est\u00e1n redactadas en espa\u00f1ol, y se encuentran sometidas a la legislaci\u00f3n espa\u00f1ola vigente. Para cualquier tipo de controversia derivada de la utilizaci\u00f3n de los servicios ofrecidos las partes, con la aceptaci\u00f3n de estas Condiciones, se someter\u00e1n a los Tribunales y Juzgados de Valencia (Espa\u00f1a).<\/li>\n<li>HOJAS DE RECLAMACIONES: Existen hojas de reclamaci\u00f3n de acuerdo al art\u00edculo 50.14 de la ley 11\/98 a disposici\u00f3n del cliente. Puede solicitarlas en la Calle Burjassot 7 , Manises C.P 46940.<\/li>\n<\/ol>\n<p>13. PROTECCI\u00d3N DE DATOS DE CAR\u00c1CTER PERSONAL: A los efectos de lo dispuesto en la Ley Org\u00e1nica 15\/99 de 13 de diciembre de Protecci\u00f3n de Datos de Car\u00e1cter Personal, le informamos que los datos personales que usted nos facilite durante su proceso de registro, o un momento posterior, ser\u00e1n incluidos en un fichero automatizado de datos de car\u00e1cter personal mantenido bajo la responsabilidad de KHAN PARKING. La finalidad del fichero es la gesti\u00f3n de sus usuarios, la prestaci\u00f3n de los servicios a los que usted puede acceder a trav\u00e9s de nuestra p\u00e1gina Web, la realizaci\u00f3n de las reservas, la formalizaci\u00f3n del contrato, la obtenci\u00f3n de estad\u00edsticas diversas y la realizaci\u00f3n de estudios de mercado. Asimismo, y \u00fanicamente para el caso de que usted as\u00ed lo haya autorizado durante su proceso de registro en el PORTAL, dichos datos podr\u00e1n ser utilizados para el env\u00edo por parte de KHAN PARKING , de publicidad e informaci\u00f3n de KHAN PARKING o de terceros con los que KHAN PARKING haya suscrito los correspondientes acuerdos para ofrecerles promociones especiales, actualizaciones, novedades y otras ofertas comerciales relacionadas con el sector de viajes y servicios asociados, que consideramos puedan resultar de su inter\u00e9s. KHAN PARKING e informa de que tiene derecho a acceder, rectificar, cancelar y actualizar sus datos de car\u00e1cter personal, as\u00ed como a oponerse al tratamiento de los mismos de conformidad a lo dispuesto en la normativa aplicable, mediante el env\u00edo de una carta dirigida a: CAR LOW COST PARKING , S.L. C.I.F B16610933.<\/p>\n<p>[\/et_pb_text][\/et_pb_column][\/et_pb_row][\/et_pb_section]<\/p>\n","protected":false},"excerpt":{"rendered":"<p>CONDICIONES GENERALES DEL SERVICIO \u2013 CAR LOW COST PARKING S.L \u2013 B16610933 Todo usuario que desee acceder a la contrataci\u00f3n del servicio primero debe leer y aceptar las Condiciones Generales del Servicio que se detallan a continuaci\u00f3n, una vez hecha la reserva se entiende aceptadas todas las condiciones aqu\u00ed estipuladas. INFORMACI\u00d3N GENERAL: Las presentes condiciones [&hellip;]<\/p>\n","protected":false},"author":1,"featured_media":0,"parent":0,"menu_order":0,"comment_status":"closed","ping_status":"closed","template":"","meta":{"_et_pb_use_builder":"on","_et_pb_old_content":"","_et_gb_content_width":"","_monsterinsights_skip_tracking":false,"_monsterinsights_sitenote_active":false,"_monsterinsights_sitenote_note":"","_monsterinsights_sitenote_category":0,"footnotes":""},"class_list":["post-7619","page","type-page","status-publish","hentry"],"aioseo_notices":[],"_links":{"self":[{"href":"https:\/\/khanlowcostparking.com\/it\/wp-json\/wp\/v2\/pages\/7619","targetHints":{"allow":["GET"]}}],"collection":[{"href":"https:\/\/khanlowcostparking.com\/it\/wp-json\/wp\/v2\/pages"}],"about":[{"href":"https:\/\/khanlowcostparking.com\/it\/wp-json\/wp\/v2\/types\/page"}],"author":[{"embeddable":true,"href":"https:\/\/khanlowcostparking.com\/it\/wp-json\/wp\/v2\/users\/1"}],"replies":[{"embeddable":true,"href":"https:\/\/khanlowcostparking.com\/it\/wp-json\/wp\/v2\/comments?post=7619"}],"version-history":[{"count":2,"href":"https:\/\/khanlowcostparking.com\/it\/wp-json\/wp\/v2\/pages\/7619\/revisions"}],"predecessor-version":[{"id":7621,"href":"https:\/\/khanlowcostparking.com\/it\/wp-json\/wp\/v2\/pages\/7619\/revisions\/7621"}],"wp:attachment":[{"href":"https:\/\/khanlowcostparking.com\/it\/wp-json\/wp\/v2\/media?parent=7619"}],"curies":[{"name":"wp","href":"https:\/\/api.w.org\/{rel}","templated":true}]}}