{"id":7711,"date":"2023-06-27T18:51:10","date_gmt":"2023-06-27T18:51:10","guid":{"rendered":"https:\/\/khanlowcostparking.com\/servizi\/"},"modified":"2023-07-17T14:37:59","modified_gmt":"2023-07-17T14:37:59","slug":"servizi","status":"publish","type":"page","link":"https:\/\/khanlowcostparking.com\/it\/servizi\/","title":{"rendered":"Servizi"},"content":{"rendered":"<p>[et_pb_section fb_built=&#8221;1&#8243; _builder_version=&#8221;4.21.0&#8243; _module_preset=&#8221;default&#8221; global_colors_info=&#8221;{}&#8221;][et_pb_row _builder_version=&#8221;4.21.0&#8243; _module_preset=&#8221;default&#8221; global_colors_info=&#8221;{}&#8221;][et_pb_column type=&#8221;4_4&#8243; _builder_version=&#8221;4.21.0&#8243; _module_preset=&#8221;default&#8221; global_colors_info=&#8221;{}&#8221;][et_pb_text _builder_version=&#8221;4.21.0&#8243; _module_preset=&#8221;default&#8221; text_font_size=&#8221;16px&#8221; global_colors_info=&#8221;{}&#8221;]<\/p>\n<h2>KhanLowCostParking offre pi\u00f9 di un semplice parcheggio<\/h2>\n<p>&nbsp;<\/p>\n<p><span>Noi di Khan LowCost Parking ci impegniamo per la totale soddisfazione del cliente. Oltre alle note forme di parcheggio, come il valet parking, il parcheggio con navetta e il parcheggio a lunga sosta, Khan LowCost Parking offre servizi aggiuntivi in vari aeroporti spagnoli.<\/span><\/p>\n<p>[\/et_pb_text][\/et_pb_column][\/et_pb_row][et_pb_row column_structure=&#8221;3_5,2_5&#8243; _builder_version=&#8221;4.21.0&#8243; _module_preset=&#8221;default&#8221; custom_padding=&#8221;||3px|||&#8221; global_colors_info=&#8221;{}&#8221;][et_pb_column type=&#8221;3_5&#8243; _builder_version=&#8221;4.21.0&#8243; _module_preset=&#8221;default&#8221; global_colors_info=&#8221;{}&#8221;][et_pb_text _builder_version=&#8221;4.21.0&#8243; _module_preset=&#8221;default&#8221; text_font_size=&#8221;16px&#8221; global_colors_info=&#8221;{}&#8221;]<\/p>\n<h3>Autolavaggio esterno<\/h3>\n<p>&nbsp;<\/p>\n<p><span>Avere un&#8217;auto pulita durante il viaggio offre numerosi vantaggi. Migliora l&#8217;aspetto del vostro veicolo, dandovi un senso di orgoglio e fiducia. Un&#8217;auto pulita offre anche una migliore visibilit\u00e0 e sicurezza sulla strada. Un lavaggio regolare protegge la carrozzeria da eventuali danni e contribuisce a mantenerne la lucentezza originale. Inoltre, un&#8217;auto pulita pu\u00f2 avere un valore di rivendita pi\u00f9 elevato. Presso KhanLowCostParking, il nostro servizio di autolavaggio professionale assicura che il vostro veicolo riceva la cura che merita. Per ulteriori informazioni o richieste speciali, contattare il nostro servizio clienti.<\/span><\/p>\n<p>[\/et_pb_text][\/et_pb_column][et_pb_column type=&#8221;2_5&#8243; _builder_version=&#8221;4.21.0&#8243; _module_preset=&#8221;default&#8221; global_colors_info=&#8221;{}&#8221;][et_pb_image src=&#8221;https:\/\/khanlowcostparking.com\/wp-content\/uploads\/2023\/06\/LowCostParking-Aeropuerto-Alicante.jpeg&#8221; title_text=&#8221;LowCostParking Aeroporto di Valencia&#8221; _builder_version=&#8221;4.21.0&#8243; _module_preset=&#8221;default&#8221; global_colors_info=&#8221;{}&#8221;][\/et_pb_image][\/et_pb_column][\/et_pb_row][et_pb_row column_structure=&#8221;2_5,3_5&#8243; _builder_version=&#8221;4.21.0&#8243; _module_preset=&#8221;default&#8221; global_colors_info=&#8221;{}&#8221;][et_pb_column type=&#8221;2_5&#8243; _builder_version=&#8221;4.21.0&#8243; _module_preset=&#8221;default&#8221; global_colors_info=&#8221;{}&#8221;][et_pb_image src=&#8221;https:\/\/khanlowcostparking.com\/wp-content\/uploads\/2023\/06\/LowCostParking-Aeropuerto-Valencia.jpeg&#8221; title_text=&#8221;LowCostParking Aeroporto di Valencia&#8221; _builder_version=&#8221;4.21.0&#8243; _module_preset=&#8221;default&#8221; global_colors_info=&#8221;{}&#8221;][\/et_pb_image][\/et_pb_column][et_pb_column type=&#8221;3_5&#8243; _builder_version=&#8221;4.21.0&#8243; _module_preset=&#8221;default&#8221; global_colors_info=&#8221;{}&#8221;][et_pb_text _builder_version=&#8221;4.21.0&#8243; _module_preset=&#8221;default&#8221; text_font_size=&#8221;16px&#8221; global_colors_info=&#8221;{}&#8221;]<\/p>\n<h3><span>Lavaggio auto interno<\/span><\/h3>\n<p>&nbsp;<\/p>\n<p><span>Volete che puliamo gli interni della vostra auto durante il vostro viaggio? Nessun problema! Il nostro team di professionisti effettuer\u00e0 una pulizia approfondita degli interni. Un abitacolo pulito offre diversi vantaggi, come una migliore qualit\u00e0 dell&#8217;aria, un&#8217;esperienza di guida pi\u00f9 confortevole, una maggiore durata del veicolo e una maggiore soddisfazione. Noi di KhanLowCostParking comprendiamo l&#8217;importanza di un abitacolo pulito e siamo pronti a garantire che la vostra auto sia immacolata sia dentro che fuori. Per ulteriori informazioni, contattare il nostro servizio clienti.<\/span><\/p>\n<p>[\/et_pb_text][\/et_pb_column][\/et_pb_row][et_pb_row column_structure=&#8221;3_5,2_5&#8243; _builder_version=&#8221;4.21.0&#8243; _module_preset=&#8221;default&#8221; custom_padding=&#8221;||3px|||&#8221; global_colors_info=&#8221;{}&#8221;][et_pb_column type=&#8221;3_5&#8243; _builder_version=&#8221;4.21.0&#8243; _module_preset=&#8221;default&#8221; global_colors_info=&#8221;{}&#8221;][et_pb_text _builder_version=&#8221;4.21.0&#8243; _module_preset=&#8221;default&#8221; text_font_size=&#8221;16px&#8221; global_colors_info=&#8221;{}&#8221;]<\/p>\n<h3><span>Parcheggio coperto<\/span><\/h3>\n<p><span><\/span><\/p>\n<p><span><\/span><\/p>\n<p><span>Avete in programma un viaggio di lunga durata e non volete lasciare l&#8217;auto parcheggiata all&#8217;aperto per tutto il tempo? In questo caso, basta scegliere l&#8217;opzione di parcheggio coperto con noi. Si consiglia vivamente di parcheggiare al coperto per proteggere il veicolo dalle intemperie, come sole, grandine e polveri sottili. Inoltre, fornisce un ulteriore livello di sicurezza per la vostra auto.<\/span><\/p>\n<p>[\/et_pb_text][\/et_pb_column][et_pb_column type=&#8221;2_5&#8243; _builder_version=&#8221;4.21.0&#8243; _module_preset=&#8221;default&#8221; global_colors_info=&#8221;{}&#8221;][et_pb_image src=&#8221;https:\/\/khanlowcostparking.com\/wp-content\/uploads\/2023\/06\/Schermafbeelding-2023-06-27-om-10.27.41.png&#8221; title_text=&#8221;Parcheggio a basso costo Valencia VLC&#8221; _builder_version=&#8221;4.21.0&#8243; _module_preset=&#8221;default&#8221; global_colors_info=&#8221;{}&#8221;][\/et_pb_image][\/et_pb_column][\/et_pb_row][et_pb_row column_structure=&#8221;2_5,3_5&#8243; _builder_version=&#8221;4.21.0&#8243; _module_preset=&#8221;default&#8221; custom_padding=&#8221;58px|||||&#8221; global_colors_info=&#8221;{}&#8221;][et_pb_column type=&#8221;2_5&#8243; _builder_version=&#8221;4.21.0&#8243; _module_preset=&#8221;default&#8221; global_colors_info=&#8221;{}&#8221;][et_pb_image src=&#8221;https:\/\/khanlowcostparking.com\/wp-content\/uploads\/2023\/06\/KhanValet.jpeg&#8221; title_text=&#8221;KhanValet&#8221; _builder_version=&#8221;4.21.0&#8243; _module_preset=&#8221;default&#8221; global_colors_info=&#8221;{}&#8221;][\/et_pb_image][\/et_pb_column][et_pb_column type=&#8221;3_5&#8243; _builder_version=&#8221;4.21.0&#8243; _module_preset=&#8221;default&#8221; global_colors_info=&#8221;{}&#8221;][et_pb_text _builder_version=&#8221;4.21.0&#8243; _module_preset=&#8221;default&#8221; text_font_size=&#8221;16px&#8221; global_colors_info=&#8221;{}&#8221;]<\/p>\n<h3><span>Servizio di parcheggio (valet)<\/span><\/h3>\n<p><span><\/span><\/p>\n<p><span><\/span><\/p>\n<p><span>Il servizio di valet parking offre comodit\u00e0, facendovi risparmiare tempo e fatica. Con il valet parking, potete lasciare e riprendere il vostro veicolo all&#8217;ingresso della vostra destinazione. Il sistema elimina la seccatura di trovare un parcheggio e offre un&#8217;ulteriore sicurezza grazie alla presenza di autisti professionisti. Se avete una mobilit\u00e0 ridotta o un bagaglio pesante, il servizio di valet parking vi permette di parcheggiare senza problemi. Godetevi un&#8217;esperienza senza interruzioni, concentrandovi sulle vostre attivit\u00e0 senza preoccuparvi della logistica del parcheggio.<\/span><\/p>\n<p>[\/et_pb_text][\/et_pb_column][\/et_pb_row][\/et_pb_section]<\/p>\n","protected":false},"excerpt":{"rendered":"<p>KhanLowCostParking offre pi\u00f9 di un semplice parcheggio &nbsp; Noi di Khan LowCost Parking ci impegniamo per la totale soddisfazione del cliente. Oltre alle note forme di parcheggio, come il valet parking, il parcheggio con navetta e il parcheggio a lunga sosta, Khan LowCost Parking offre servizi aggiuntivi in vari aeroporti spagnoli.Autolavaggio esterno &nbsp; Avere un&#8217;auto [&hellip;]<\/p>\n","protected":false},"author":1,"featured_media":0,"parent":0,"menu_order":0,"comment_status":"closed","ping_status":"closed","template":"","meta":{"_et_pb_use_builder":"on","_et_pb_old_content":"","_et_gb_content_width":"","_monsterinsights_skip_tracking":false,"_monsterinsights_sitenote_active":false,"_monsterinsights_sitenote_note":"","_monsterinsights_sitenote_category":0,"footnotes":""},"class_list":["post-7711","page","type-page","status-publish","hentry"],"aioseo_notices":[],"_links":{"self":[{"href":"https:\/\/khanlowcostparking.com\/it\/wp-json\/wp\/v2\/pages\/7711","targetHints":{"allow":["GET"]}}],"collection":[{"href":"https:\/\/khanlowcostparking.com\/it\/wp-json\/wp\/v2\/pages"}],"about":[{"href":"https:\/\/khanlowcostparking.com\/it\/wp-json\/wp\/v2\/types\/page"}],"author":[{"embeddable":true,"href":"https:\/\/khanlowcostparking.com\/it\/wp-json\/wp\/v2\/users\/1"}],"replies":[{"embeddable":true,"href":"https:\/\/khanlowcostparking.com\/it\/wp-json\/wp\/v2\/comments?post=7711"}],"version-history":[{"count":2,"href":"https:\/\/khanlowcostparking.com\/it\/wp-json\/wp\/v2\/pages\/7711\/revisions"}],"predecessor-version":[{"id":7713,"href":"https:\/\/khanlowcostparking.com\/it\/wp-json\/wp\/v2\/pages\/7711\/revisions\/7713"}],"wp:attachment":[{"href":"https:\/\/khanlowcostparking.com\/it\/wp-json\/wp\/v2\/media?parent=7711"}],"curies":[{"name":"wp","href":"https:\/\/api.w.org\/{rel}","templated":true}]}}