{"id":7751,"date":"2023-06-27T18:53:04","date_gmt":"2023-06-27T18:53:04","guid":{"rendered":"https:\/\/khanlowcostparking.com\/domande-frequenti\/"},"modified":"2023-07-18T07:19:04","modified_gmt":"2023-07-18T07:19:04","slug":"domande-frequenti","status":"publish","type":"page","link":"https:\/\/khanlowcostparking.com\/it\/domande-frequenti\/","title":{"rendered":"Domande frequenti"},"content":{"rendered":"<p>[et_pb_section fb_built=&#8221;1&#8243; _builder_version=&#8221;4.21.0&#8243; _module_preset=&#8221;default&#8221; global_colors_info=&#8221;{}&#8221;][et_pb_row column_structure=&#8221;3_5,2_5&#8243; _builder_version=&#8221;4.21.0&#8243; _module_preset=&#8221;default&#8221; global_colors_info=&#8221;{}&#8221;][et_pb_column type=&#8221;3_5&#8243; _builder_version=&#8221;4.21.0&#8243; _module_preset=&#8221;default&#8221; global_colors_info=&#8221;{}&#8221;][et_pb_accordion open_toggle_text_color=&#8221;#FFFFFF&#8221; open_toggle_background_color=&#8221;#f64f1f&#8221; closed_toggle_text_color=&#8221;#FFFFFF&#8221; closed_toggle_background_color=&#8221;#1d4889&#8243; icon_color=&#8221;#FFFFFF&#8221; _builder_version=&#8221;4.21.0&#8243; _module_preset=&#8221;default&#8221; toggle_text_color=&#8221;#FFFFFF&#8221; toggle_level=&#8221;h3&#8243; body_text_color=&#8221;#000000&#8243; body_font_size=&#8221;15px&#8221; hover_enabled=&#8221;0&#8243; global_colors_info=&#8221;{}&#8221; toggle_line_height=&#8221;1.1em&#8221; sticky_enabled=&#8221;0&#8243; toggle_font_size_last_edited=&#8221;on|phone&#8221; toggle_font_size_phone=&#8221;21px&#8221;][et_pb_accordion_item title=&#8221;Quali sono gli orari di apertura di KhanLowCostParking?&#8221; open=&#8221;off&#8221; _builder_version=&#8221;4.21.0&#8243; _module_preset=&#8221;default&#8221; global_colors_info=&#8221;{}&#8221;]<\/p>\n<p><span>Aperto 24 ore al giorno, 7 giorni alla settimana.<\/span><\/p>\n<p>[\/et_pb_accordion_item][et_pb_accordion_item title=&#8221;Qual \u00e8 l&#039;indirizzo di KhanLowCostParking?&#8221; _builder_version=&#8221;4.21.0&#8243; _module_preset=&#8221;default&#8221; global_colors_info=&#8221;{}&#8221; open=&#8221;off&#8221;]<\/p>\n<ul>\n<li>Valencia\n<ul>\n<li><span>Carrer Burjasot, 7, 46940 Manises, Valencia, Spain<\/span><span><\/span><\/li>\n<\/ul>\n<\/li>\n<li><span>Alicante<\/span>\n<ul>\n<li>\n<div class=\"place-desc-large\">\n<div jstcache=\"25\" class=\"address\" jsan=\"7.address\">Partida Torrellano Alto, 1069, 03320 Elche, Alicante, Spain<\/div>\n<\/div>\n<p><span><\/span><\/p>\n<\/li>\n<\/ul>\n<\/li>\n<\/ul>\n<p>[\/et_pb_accordion_item][et_pb_accordion_item title=&#8221;Quanto dura il trasferimento dal parcheggio all&#039;aeroporto?&#8221; _builder_version=&#8221;4.21.0&#8243; _module_preset=&#8221;default&#8221; global_colors_info=&#8221;{}&#8221; open=&#8221;on&#8221;]<\/p>\n<ul>\n<li>Valencia: <span>3 minuti<\/span><\/li>\n<li>Alicante: 4 <span>minuti<\/span><\/li>\n<\/ul>\n<p>[\/et_pb_accordion_item][et_pb_accordion_item title=&#8221;Avete trasporti speciali per persone con disabilit\u00e0 o seggiolini per bambini?&#8221; _builder_version=&#8221;4.21.0&#8243; _module_preset=&#8221;default&#8221; global_colors_info=&#8221;{}&#8221; open=&#8221;off&#8221;][\/et_pb_accordion_item][et_pb_accordion_item title=&#8221;Come si arriva a KhanLowCostParking?&#8221; _builder_version=&#8221;4.21.0&#8243; _module_preset=&#8221;default&#8221; global_colors_info=&#8221;{}&#8221; open=&#8221;off&#8221;]<\/p>\n<ul>\n<li>Valencia\n<ul>\n<li><span>Potete contattarci via e-mail all&#8217;indirizzo <\/span><a href=\"mailto:info@khanlowcostparking.com\" target=\"_new\" rel=\"noopener\">info@khanlowcostparking.com<\/a><span>, per telefono al 961524657 o via WhatsApp al 663763997.<\/span><\/li>\n<\/ul>\n<\/li>\n<li><span>Alicante<\/span>\n<ul>\n<li><span>Potete contattarci via e-mail all&#8217;indirizzo <a href=\"mailto:alicante@khanlowcostparking.com\">alicante@khanlowcostparking.com,<\/a> per telefono al numero 961524657 o via WhatsApp al numero 663763997.<\/span><\/li>\n<\/ul>\n<\/li>\n<\/ul>\n<p>[\/et_pb_accordion_item][et_pb_accordion_item title=&#8221;Come funziona il servizio di Valet Parking?&#8221; _builder_version=&#8221;4.21.0&#8243; _module_preset=&#8221;default&#8221; global_colors_info=&#8221;{}&#8221; open=&#8221;off&#8221;]<\/p>\n<p><span>All&#8217;arrivo in aeroporto, un addetto al valet vi accoglier\u00e0 e si prender\u00e0 cura del vostro veicolo. La parchegger\u00e0 in un luogo sicuro mentre vi dirigete verso l&#8217;area del check-in. Quando tornate dal vostro viaggio, potete contattare il servizio di parcheggiatore, che recuperer\u00e0 la vostra auto e la terr\u00e0 pronta per voi nell&#8217;area di ritiro designata.  <\/span><\/p>\n<p>[\/et_pb_accordion_item][et_pb_accordion_item title=&#8221;Come funziona il parcheggio con servizio navetta?&#8221; _builder_version=&#8221;4.21.0&#8243; _module_preset=&#8221;default&#8221; global_colors_info=&#8221;{}&#8221; open=&#8221;off&#8221;]<\/p>\n<p><span>Al KhanLowCostParking, si parcheggia il veicolo nel loro parcheggio e poi si prende il bus navetta per il terminal dell&#8217;aeroporto. Al ritorno, un bus navetta di KhanLowCostParking vi porter\u00e0 all&#8217;aeroporto per prendervi e riportarvi al parcheggio. In questo modo, potrete usufruire di un trasporto veloce e confortevole da e per l&#8217;aeroporto.<\/span><\/p>\n<p>[\/et_pb_accordion_item][et_pb_accordion_item title=&#8221;Che cos&#039;\u00e8 il parcheggio a lungo termine?&#8221; _builder_version=&#8221;4.21.0&#8243; _module_preset=&#8221;default&#8221; global_colors_info=&#8221;{}&#8221; open=&#8221;off&#8221;]<\/p>\n<p><span>Il parcheggio a lungo termine \u00e8 un abbonamento di 6 o 12 mesi che consente di parcheggiare l&#8217;auto. Avete la possibilit\u00e0 di ritirare e riconsegnare l&#8217;auto pi\u00f9 volte durante questo periodo.<\/span><\/p>\n<p>[\/et_pb_accordion_item][et_pb_accordion_item title=&#8221;Come posso iscrivermi?&#8221; _builder_version=&#8221;4.21.0&#8243; _module_preset=&#8221;default&#8221; global_colors_info=&#8221;{}&#8221; open=&#8221;off&#8221;]<\/p>\n<p><span>\u00c8 possibile sottoscrivere un abbonamento via e-mail o per telefono. Vi contatteremo personalmente per conoscere le vostre preferenze ed esigenze.<\/span><\/p>\n<p>[\/et_pb_accordion_item][et_pb_accordion_item title=&#8221;Devo consegnare le chiavi al parcheggio?&#8221; _builder_version=&#8221;4.21.0&#8243; _module_preset=&#8221;default&#8221; global_colors_info=&#8221;{}&#8221; open=&#8221;off&#8221;]<\/p>\n<p><span>Noi di KhanLowCostParking ritiriamo le vostre chiavi per parcheggiare la vostra auto in modo ottimale. Occasionalmente, \u00e8 necessario spostare i veicoli all&#8217;interno dei nostri parcheggi, soprattutto quando il parcheggio principale \u00e8 pieno o quando \u00e8 stato riservato un parcheggio coperto. Vi assicuriamo che trattiamo la vostra auto con la massima cura e che le vostre chiavi sono conservate in modo sicuro.  <\/span><\/p>\n<p>[\/et_pb_accordion_item][\/et_pb_accordion][\/et_pb_column][et_pb_column type=&#8221;2_5&#8243; _builder_version=&#8221;4.21.0&#8243; _module_preset=&#8221;default&#8221; global_colors_info=&#8221;{}&#8221;][et_pb_image src=&#8221;https:\/\/khanlowcostparking.com\/wp-content\/uploads\/2023\/06\/KhanLowCostparkinggate.jpeg&#8221; title_text=&#8221;KhanBassoCostoParcheggio&#8221; _builder_version=&#8221;4.21.0&#8243; _module_preset=&#8221;default&#8221; global_colors_info=&#8221;{}&#8221;][\/et_pb_image][et_pb_image src=&#8221;https:\/\/khanlowcostparking.com\/wp-content\/uploads\/2023\/06\/KhanLowCostparkingoffice.jpeg&#8221; title_text=&#8221;KhanUfficio di parcheggio a basso costo&#8221; _builder_version=&#8221;4.21.0&#8243; _module_preset=&#8221;default&#8221; global_colors_info=&#8221;{}&#8221;][\/et_pb_image][\/et_pb_column][\/et_pb_row][\/et_pb_section]<\/p>\n","protected":false},"excerpt":{"rendered":"<p>Aperto 24 ore al giorno, 7 giorni alla settimana. Valencia Carrer Burjasot, 7, 46940 Manises, Valencia, Spain Alicante Partida Torrellano Alto, 1069, 03320 Elche, Alicante, Spain Valencia: 3 minuti Alicante: 4 minuti Valencia Potete contattarci via e-mail all&#8217;indirizzo info@khanlowcostparking.com, per telefono al 961524657 o via WhatsApp al 663763997. Alicante Potete contattarci via e-mail all&#8217;indirizzo alicante@khanlowcostparking.com, [&hellip;]<\/p>\n","protected":false},"author":1,"featured_media":0,"parent":0,"menu_order":0,"comment_status":"closed","ping_status":"closed","template":"","meta":{"_et_pb_use_builder":"on","_et_pb_old_content":"","_et_gb_content_width":"","_monsterinsights_skip_tracking":false,"_monsterinsights_sitenote_active":false,"_monsterinsights_sitenote_note":"","_monsterinsights_sitenote_category":0,"footnotes":""},"class_list":["post-7751","page","type-page","status-publish","hentry"],"aioseo_notices":[],"_links":{"self":[{"href":"https:\/\/khanlowcostparking.com\/it\/wp-json\/wp\/v2\/pages\/7751","targetHints":{"allow":["GET"]}}],"collection":[{"href":"https:\/\/khanlowcostparking.com\/it\/wp-json\/wp\/v2\/pages"}],"about":[{"href":"https:\/\/khanlowcostparking.com\/it\/wp-json\/wp\/v2\/types\/page"}],"author":[{"embeddable":true,"href":"https:\/\/khanlowcostparking.com\/it\/wp-json\/wp\/v2\/users\/1"}],"replies":[{"embeddable":true,"href":"https:\/\/khanlowcostparking.com\/it\/wp-json\/wp\/v2\/comments?post=7751"}],"version-history":[{"count":2,"href":"https:\/\/khanlowcostparking.com\/it\/wp-json\/wp\/v2\/pages\/7751\/revisions"}],"predecessor-version":[{"id":7753,"href":"https:\/\/khanlowcostparking.com\/it\/wp-json\/wp\/v2\/pages\/7751\/revisions\/7753"}],"wp:attachment":[{"href":"https:\/\/khanlowcostparking.com\/it\/wp-json\/wp\/v2\/media?parent=7751"}],"curies":[{"name":"wp","href":"https:\/\/api.w.org\/{rel}","templated":true}]}}