{"id":7009,"date":"2023-06-27T19:08:07","date_gmt":"2023-06-27T19:08:07","guid":{"rendered":"https:\/\/khanlowcostparking.com\/reserveren-valencia\/"},"modified":"2024-12-05T14:25:34","modified_gmt":"2024-12-05T14:25:34","slug":"reserveren-valencia","status":"publish","type":"page","link":"https:\/\/khanlowcostparking.com\/nl\/reserveren-valencia\/","title":{"rendered":"Reserveren Valencia"},"content":{"rendered":"<p>[et_pb_section fb_built=&#8221;1&#8243; admin_label=&#8221;Hero&#8221; _builder_version=&#8221;4.16&#8243; background_color=&#8221;#1d4889&#8243; background_image=&#8221;https:\/\/khanlowcostparking.com\/wp-content\/uploads\/2023\/06\/circle-background-pattern-1.png&#8221; custom_padding=&#8221;30px||30px|||&#8221; animation_style=&#8221;zoom&#8221; animation_intensity_zoom=&#8221;4%&#8221; global_colors_info=&#8221;{}&#8221;][et_pb_row _builder_version=&#8221;4.21.0&#8243; background_size=&#8221;initial&#8221; background_position=&#8221;top_left&#8221; background_repeat=&#8221;repeat&#8221; custom_padding=&#8221;|||&#8221; animation_style=&#8221;slide&#8221; animation_direction=&#8221;top&#8221; animation_intensity_slide=&#8221;3%&#8221; global_colors_info=&#8221;{}&#8221;][et_pb_column type=&#8221;4_4&#8243; _builder_version=&#8221;4.21.0&#8243; custom_padding=&#8221;|||&#8221; global_colors_info=&#8221;{}&#8221; custom_padding__hover=&#8221;|||&#8221;][et_pb_text _builder_version=&#8221;4.21.0&#8243; text_font=&#8221;Montserrat|500||on|||||&#8221; text_text_color=&#8221;#FFFFFF&#8221; text_font_size=&#8221;16px&#8221; text_letter_spacing=&#8221;3px&#8221; background_size=&#8221;initial&#8221; background_position=&#8221;top_left&#8221; background_repeat=&#8221;repeat&#8221; custom_margin=&#8221;||45px|&#8221; animation_style=&#8221;slide&#8221; animation_direction=&#8221;bottom&#8221; locked=&#8221;off&#8221; global_colors_info=&#8221;{}&#8221;]<\/p>\n<p>Khan Low Cost Parking<\/p>\n<p>[\/et_pb_text][et_pb_text _builder_version=&#8221;4.21.2&#8243; text_font=&#8221;||||||||&#8221; text_text_color=&#8221;#FFFFFF&#8221; header_font=&#8221;Montserrat|700||on|||||&#8221; header_text_color=&#8221;#FFFFFF&#8221; header_font_size=&#8221;40px&#8221; header_line_height=&#8221;1.3em&#8221; background_size=&#8221;initial&#8221; background_position=&#8221;top_left&#8221; background_repeat=&#8221;repeat&#8221; custom_margin=&#8221;|||&#8221; animation_style=&#8221;fade&#8221; header_font_size_tablet=&#8221;52px&#8221; header_font_size_phone=&#8221;22px&#8221; header_font_size_last_edited=&#8221;on|desktop&#8221; locked=&#8221;off&#8221; global_colors_info=&#8221;{}&#8221;]<\/p>\n<h1><a class=\"Jn5Ib__Hyperlink__link\">Parkeergelegenheid bij de luchthaven van Valencia<\/a><\/h1>\n<p>[\/et_pb_text][\/et_pb_column][\/et_pb_row][\/et_pb_section][et_pb_section fb_built=&#8221;1&#8243; _builder_version=&#8221;4.21.0&#8243; custom_margin=&#8221;0px||||false|false&#8221; custom_padding=&#8221;0px|0px|30px|0px|false|false&#8221; global_colors_info=&#8221;{}&#8221;][et_pb_row use_custom_gutter=&#8221;on&#8221; _builder_version=&#8221;4.21.0&#8243; _module_preset=&#8221;default&#8221; width=&#8221;99%&#8221; max_width=&#8221;100%&#8221; module_alignment=&#8221;center&#8221; custom_margin=&#8221;-33px|auto||auto||&#8221; global_colors_info=&#8221;{}&#8221;][et_pb_column type=&#8221;4_4&#8243; _builder_version=&#8221;4.21.0&#8243; _module_preset=&#8221;default&#8221; global_colors_info=&#8221;{}&#8221;][et_pb_code _builder_version=&#8221;4.21.2&#8243; _module_preset=&#8221;default&#8221; hover_enabled=&#8221;0&#8243; global_colors_info=&#8221;{}&#8221; sticky_enabled=&#8221;0&#8243;]<script> \n\n\t\t\tdocument.addEventListener(\"scroll\", function () {\n\t\t\t\tvar iframe = document.getElementById(\"parkingpro_booking_widgets_iframe\");\n\t\t\t\tvar rect = iframe.getBoundingClientRect();\n\t\t\t\tvar top_value = rect.top;\n\n\t\t\n\t\t\t\tiframe.contentWindow.postMessage({\n\t\t\t\t\tevent: \"parkingPro.widget.scroll\",\n\t\t\t\t\ttop: top_value\n\t\t\t\t}, \"*\");\n\t\t\t});\n\n\t\t\twindow.addEventListener(\"message\", function (e) { \n\t\t\t\tif(e.data.event === \"parkingPro.domain.reservationAdded\") {  \n\t    \t\tvar destination_url = \"https:\/\/khanlowcostparking.com\/gracias-por-su-reserva\/\";\n\t\t    \tif( e.data.reservation && e.data.reservation.location ) {\n\t\t    \t\tdestination_url += \"?\" + jQuery.param(e.data.reservation);\n\t\t    \t}\n\t\t    \twindow.location.href = destination_url;\n\t    \t}\n\n\t    \tif( e.data.event === \"parkingPro.ui.pageHeightChanged\" ) \n            {\n                jQuery(\"#parkingpro_booking_widgets_iframe\").height(e.data.newHeight + 50);\n            }\n\n\t\t\tif ( e.data.event === \"parkingPro.ui.scroll\" )\n\t\t\t{\n\t\t\t\tvar scrollAppendElements = jQuery(\"\");\n\n\t\t\t\tvar headerHeight = scrollAppendElements\n\t\t\t\t\t.map(function (x) { \n\t\t\t\t\t\treturn jQuery(this).outerHeight();\n\t\t\t\t\t})\n\t\t\t\t\t.get()\n\t\t\t\t\t.reduce(function (prev, curr) {\n\t\t\t\t\t\treturn prev + curr;\n\t\t\t\t\t}, 0);\n\n\t\t\t\tjQuery(\"html, body\").animate({\n\t        \t\tscrollTop: jQuery(\"#parkingpro_booking_widgets_iframe\").offset().top + e.data.scrollTop - headerHeight\n\t        \t}, 600); \n\t\t\t}\n            \n\t        }, false);<\/script><iframe loading=\"lazy\" id=\"parkingpro_booking_widgets_iframe\" style=\"width: 100%; src=\"about:blank\" padding: 0; border: 0;\" width=\"100%\" height=\"2200\" frameborder=\"0\" scrolling=\"yes\"><\/iframe><script>\n\n\t\t\ttry { \n\t\t\t\tvar iframe = document.querySelector('#parkingpro_booking_widgets_iframe');\n\t\t\t\tiframe.src = 'https:\/\/khanlowcostparkingvlc.myparking.pro\/reservations\/add?hideHeader&hideTitle&culture=nl-NL&returnUrl=https%3A%2F%2Fkhanlowcostparking.com%2Fgracias-por-su-reserva%2F';\n\t\t\t} \n\t\t\tcatch(e) {\n\t\t\t\tconsole.log(e);\n\t\t\t}\n\n\t\t<\/script>[\/et_pb_code][\/et_pb_column][\/et_pb_row][et_pb_row _builder_version=&#8221;4.21.2&#8243; _module_preset=&#8221;default&#8221; global_colors_info=&#8221;{}&#8221;][et_pb_column type=&#8221;4_4&#8243; _builder_version=&#8221;4.21.2&#8243; _module_preset=&#8221;default&#8221; global_colors_info=&#8221;{}&#8221;][et_pb_text _builder_version=&#8221;4.21.2&#8243; _module_preset=&#8221;default&#8221; header_2_line_height=&#8221;1.3em&#8221; global_colors_info=&#8221;{}&#8221;]<\/p>\n<h2>Parkeren op de luchthaven van Valencia<\/h2>\n<p>Zou je liever comfortabel naar de luchthaven van Valencia rijden in je eigen auto zonder afhankelijk te zijn van anderen of het openbaar vervoer, en natuurlijk zonder een taxi te hoeven betalen? Als het antwoord &#8220;ja&#8221; is, maar je je zorgen maakt over waar je kunt parkeren, dan is Khan Low Cost Parking de plek voor jou. Bij Khan Low Cost Parking vind je snel en tegen zeer betaalbare prijzen parkeerplaatsen voor zowel korte als lange verblijven vlakbij de luchthaven. Als je bij ons reserveert, is je parkeerplaats gegarandeerd. Reis zorgeloos en geniet van elk moment dankzij de veiligheid die Khan Low Cost Parking biedt!<\/p>\n<p>Wij bieden:<\/p>\n<p>&#8211; Voordelig parkeren<br \/>&#8211; Shuttle- en valetservice<br \/>&#8211; Langdurig parkeren<\/p>\n<p>Het vliegveld van Valencia (IATA-code: VLC) ligt 8 km ten westen van Valencia, tussen de gemeenten Manises en Quart de Poblet. Het is het tiende drukste vliegveld van Spanje qua aantal passagiers en heeft bijgedragen aan de economische ontwikkeling van de regio. Voornamelijk voor internationaal verkeer, dat 70% van het totaal vertegenwoordigt, terwijl het nationale verkeer de afgelopen jaren aanzienlijk is afgenomen. Het vliegveld begon in 1933 te opereren en heeft in de loop der jaren zijn faciliteiten verbeterd, hoewel de belangrijkste veranderingen plaatsvonden vanaf de jaren 1980. In 1983 werd een nieuwe passagiersterminal geopend, maar de grootste renovatie van de luchthaven begon in 2007, met de eerste uitbreiding die een nieuwe terminal voor regionale luchtvaart, een andere terminal voor priv\u00e9 luchtvaart en uitbreidingen van de start- en landingsbanen omvatte. In 2012 werd de tweede uitbreiding geopend met een ander terminalgebouw dat verbonden was met het hoofdgebouw met meer incheckbalies, meer parkeerplaatsen, enzovoort. De belangrijkheid van deze luchthaven en de vele verbindingen met andere luchthavens zoals die van Barcelona, Madrid Barajas Adolfo Su\u00e1rez, Sevilla San Pablo, Murcia San Javier, San Sebasti\u00e1n of Palma de Mallorca, zorgen voor een breed scala aan diensten zoals VIP-lounges, vergaderzalen, autoverhuur, offici\u00eble parkeerplaatsen of parkeerplaatsen voor lang parkeren buiten de luchthaventerreinen.<\/p>\n<p>U heeft verschillende opties beschikbaar om te parkeren op de luchthaven van Valencia, die u rechtstreeks via onze website kunt reserveren. U kunt kiezen voor de valetservice (VIP-service) of de shuttleservice, en ook extra diensten toevoegen zoals het reinigen van het exterieur en interieur van de auto, tanken of het opladen van elektrische voertuigen.<\/p>\n<p>[\/et_pb_text][\/et_pb_column][\/et_pb_row][\/et_pb_section]<\/p>\n","protected":false},"excerpt":{"rendered":"<p>Khan Low Cost ParkingParkeergelegenheid bij de luchthaven van Valencia<script> \n\n\t\t\tdocument.addEventListener(\"scroll\", function () {\n\t\t\t\tvar iframe = document.getElementById(\"parkingpro_booking_widgets_iframe\");\n\t\t\t\tvar rect = iframe.getBoundingClientRect();\n\t\t\t\tvar top_value = rect.top;\n\n\t\t\n\t\t\t\tiframe.contentWindow.postMessage({\n\t\t\t\t\tevent: \"parkingPro.widget.scroll\",\n\t\t\t\t\ttop: top_value\n\t\t\t\t}, \"*\");\n\t\t\t});\n\n\t\t\twindow.addEventListener(\"message\", function (e) { \n\t\t\t\tif(e.data.event === \"parkingPro.domain.reservationAdded\") {  \n\t    \t\tvar destination_url = \"https:\/\/khanlowcostparking.com\/gracias-por-su-reserva\/\";\n\t\t    \tif( e.data.reservation && e.data.reservation.location ) {\n\t\t    \t\tdestination_url += \"?\" + jQuery.param(e.data.reservation);\n\t\t    \t}\n\t\t    \twindow.location.href = destination_url;\n\t    \t}\n\n\t    \tif( e.data.event === \"parkingPro.ui.pageHeightChanged\" ) \n            {\n                jQuery(\"#parkingpro_booking_widgets_iframe\").height(e.data.newHeight + 50);\n            }\n\n\t\t\tif ( e.data.event === \"parkingPro.ui.scroll\" )\n\t\t\t{\n\t\t\t\tvar scrollAppendElements = jQuery(\"\");\n\n\t\t\t\tvar headerHeight = scrollAppendElements\n\t\t\t\t\t.map(function (x) { \n\t\t\t\t\t\treturn jQuery(this).outerHeight();\n\t\t\t\t\t})\n\t\t\t\t\t.get()\n\t\t\t\t\t.reduce(function (prev, curr) {\n\t\t\t\t\t\treturn prev + curr;\n\t\t\t\t\t}, 0);\n\n\t\t\t\tjQuery(\"html, body\").animate({\n\t        \t\tscrollTop: jQuery(\"#parkingpro_booking_widgets_iframe\").offset().top + e.data.scrollTop - headerHeight\n\t        \t}, 600); \n\t\t\t}\n            \n\t        }, false);<\/script><iframe loading=\"lazy\" id=\"parkingpro_booking_widgets_iframe\" style=\"width: 100%; src=\"about:blank\" padding: 0; border: 0;\" width=\"100%\" height=\"2200\" frameborder=\"0\" scrolling=\"yes\"><\/iframe><script>\n\n\t\t\ttry { \n\t\t\t\tvar iframe = document.querySelector('#parkingpro_booking_widgets_iframe');\n\t\t\t\tiframe.src = 'https:\/\/khanlowcostparkingvlc.myparking.pro\/reservations\/add?hideHeader&hideTitle&culture=nl-NL&returnUrl=https%3A%2F%2Fkhanlowcostparking.com%2Fgracias-por-su-reserva%2F';\n\t\t\t} \n\t\t\tcatch(e) {\n\t\t\t\tconsole.log(e);\n\t\t\t}\n\n\t\t<\/script>Parkeren op de luchthaven van Valencia Zou je liever comfortabel naar de luchthaven van Valencia rijden in je eigen auto zonder afhankelijk te zijn van anderen of het openbaar vervoer, en natuurlijk zonder een taxi te hoeven betalen? Als het antwoord &#8220;ja&#8221; is, [&hellip;]<\/p>\n","protected":false},"author":1,"featured_media":0,"parent":0,"menu_order":0,"comment_status":"closed","ping_status":"closed","template":"","meta":{"_et_pb_use_builder":"on","_et_pb_old_content":"","_et_gb_content_width":"","_monsterinsights_skip_tracking":false,"_monsterinsights_sitenote_active":false,"_monsterinsights_sitenote_note":"","_monsterinsights_sitenote_category":0,"footnotes":""},"class_list":["post-7009","page","type-page","status-publish","hentry"],"aioseo_notices":[],"_links":{"self":[{"href":"https:\/\/khanlowcostparking.com\/nl\/wp-json\/wp\/v2\/pages\/7009","targetHints":{"allow":["GET"]}}],"collection":[{"href":"https:\/\/khanlowcostparking.com\/nl\/wp-json\/wp\/v2\/pages"}],"about":[{"href":"https:\/\/khanlowcostparking.com\/nl\/wp-json\/wp\/v2\/types\/page"}],"author":[{"embeddable":true,"href":"https:\/\/khanlowcostparking.com\/nl\/wp-json\/wp\/v2\/users\/1"}],"replies":[{"embeddable":true,"href":"https:\/\/khanlowcostparking.com\/nl\/wp-json\/wp\/v2\/comments?post=7009"}],"version-history":[{"count":20,"href":"https:\/\/khanlowcostparking.com\/nl\/wp-json\/wp\/v2\/pages\/7009\/revisions"}],"predecessor-version":[{"id":9234,"href":"https:\/\/khanlowcostparking.com\/nl\/wp-json\/wp\/v2\/pages\/7009\/revisions\/9234"}],"wp:attachment":[{"href":"https:\/\/khanlowcostparking.com\/nl\/wp-json\/wp\/v2\/media?parent=7009"}],"curies":[{"name":"wp","href":"https:\/\/api.w.org\/{rel}","templated":true}]}}